{"id":10884,"date":"2023-11-09T14:14:39","date_gmt":"2023-11-09T14:14:39","guid":{"rendered":"https:\/\/bio4plas.com\/?page_id=10884"},"modified":"2023-11-09T14:14:39","modified_gmt":"2023-11-09T14:14:39","slug":"avaliacao-de-fornecedores","status":"publish","type":"page","link":"https:\/\/bio4plas.com\/de\/avaliacao-de-fornecedores\/","title":{"rendered":"Lieferantenbewertung"},"content":{"rendered":"<p>Bei der Lieferantenbewertung handelt es sich um die Vergabe einer Bewertung auf der Grundlage einer Reihe von Kriterien, anhand derer die Leistung des Lieferanten im Verh\u00e4ltnis zur Qualit\u00e4t der bereitgestellten Ware\/Dienstleistung bewertet werden kann.<\/p>\n<p>1. Erste Einsch\u00e4tzung eines neuen Lieferanten<\/p>\n<p>Die Erstbewertung wird durchgef\u00fchrt, sobald davon ausgegangen wird, dass der Lieferant die betreffende Ware oder Dienstleistung bereitstellt, die einen direkten Einfluss auf das Produkt hat.<br \/>\nDie f\u00fcr die Erstbewertung definierten Kriterien lauten wie folgt:<\/p>\n<ul>\n<li>Zertifizierung (C):<br \/>\no Zertifizierung 9001, 14001 und 45001 (3 Standards) \u2013 5 Punkte<br \/>\no Zertifizierung 9001 und\/oder 14001 und\/oder 45001 (2 Standards) \u2013 4 Punkte<br \/>\no Zertifizierung 9001 oder 14001 oder 45001 (1 Standard) \u2013 3 Punkte<br \/>\no Im Umsetzungsprozess \u2013 1 Punkt<br \/>\no Keine Zertifizierung \u2013 0 Punkte<\/li>\n<li>Budgetvorlage (O):<br \/>\no Bis zu 3 Tage \u2013 5 Punkte<br \/>\no Bis zu 5 Tage \u2013 3 Punkte<br \/>\no Bis zu 10 Tage \u2013 1 Punkt<br \/>\no &gt; 10 Tage \u2013 0 Punkte<\/li>\n<li>Vertrags- und Zahlungsbedingungen (VP):<br \/>\no Bis zu 60 Tage \u2013 5 Punkte<br \/>\no Bis zu 30 Tage \u2013 3 Punkte<br \/>\no P\u00fcnktliche Zahlung \u2013 1 Punkt<br \/>\no Vorauszahlung \u2013 0 Punkte<\/li>\n<li>Standort (L):<br \/>\no Bis 20 km \u2013 5 Punkte<br \/>\no Bis 50 km \u2013 3 Punkte<br \/>\no Bis 100 km \u2013 1 Punkt<br \/>\no &gt; 100 km \u2013 0 Punkte<\/li>\n<li>Preis (P) \u2013 Vergleichskarte:<br \/>\no Niedrigster Preis \u2013 5 Punkte<br \/>\no Gleicher Preis \u2013 3 Punkte<br \/>\no H\u00f6chster Preis \u2013 0 Punkte<\/li>\n<\/ul>\n<p>Die Summe der vier Kriterien ergibt die Ebene, auf der sich der Lieferant befindet (AI=C+O+CP+L+P):<\/p>\n<p>Niveaubewertung<br \/>\n20\u2264AI&gt;25 Bevorzugter Lieferant<br \/>\n15\u2264AI&gt;20 Alternativer Lieferant<br \/>\n7\u2264AI&gt;15 Lieferant muss sp\u00e4ter \u00fcberpr\u00fcft werden<br \/>\nAI &lt;7 Nicht ber\u00fccksichtigen<\/p>\n<p>In Ausnahmef\u00e4llen, wenn es keine alternativen Lieferanten gibt, wird die Erstbewertung m\u00f6glicherweise nicht ber\u00fccksichtigt und Bio4Plas kann die Beziehungen zu einem Lieferanten mit einer niedrigen Bewertung aufrechterhalten, bis eine brauchbare Alternative verf\u00fcgbar ist.<\/p>\n<p>2. Kontinuierliche Lieferantenbewertung<\/p>\n<p>F\u00fcr alle Lieferanten, die Waren oder Dienstleistungen mit direktem Einfluss auf das Produkt erbringen, wird alle 2 Jahre eine kontinuierliche Lieferantenbewertung durchgef\u00fchrt.<\/p>\n<p>Die f\u00fcr die kontinuierliche Lieferantenbewertung definierten Kriterien sind folgende:<\/p>\n<ul>\n<li>Zertifizierung<\/li>\n<li>Einhaltung der Einkaufsanforderungen (Menge und Referenz)<\/li>\n<li>Senden eines Budgets innerhalb des festgelegten Betrags<\/li>\n<li>Lieferzeit (zwischen Bestellung und Lieferung)<\/li>\n<li>Einhaltung der Lieferfrist<\/li>\n<li>Qualit\u00e4t der Produkte\/Dienstleistungen<\/li>\n<li>Anzahl der Nichtkonformit\u00e4ten<\/li>\n<li>Verf\u00fcgbarkeit f\u00fcr Klarstellungen<\/li>\n<li>Geschwindigkeit und Wirksamkeit der Reaktion<\/li>\n<li>Umwelt- und Sicherheitsleistung<\/li>\n<\/ul>\n<p>Die kontinuierliche Bewertung des Lieferanten erfolgt durch Addition der f\u00fcr jedes Kriterium erzielten Werte auf der Grundlage dieser Verteilung:<\/p>\n<p>Wertbeschreibung<br \/>\n0 Nicht konform<br \/>\n0,5 Erf\u00fcllt weniger als 50%<br \/>\n1 Entspricht 50%<br \/>\n1,5 Entspricht mehr als 50%<br \/>\n2 Entspricht voll und ganz<\/p>\n<p>Die Bewertung des Lieferanten liegt zwischen 0 und 20 und sein Niveau wird somit unter Ber\u00fccksichtigung der Verteilung der ersten Tabelle definiert.<\/p>\n<p>Nach der Bewertung wird \u00fcberpr\u00fcft, auf welchem Niveau sich der Lieferant im Vergleich zur letzten Bewertung (erstmals oder fortlaufend) befindet:<\/p>\n<ul>\n<li>Das selbe Level;<\/li>\n<li>H\u00f6heres Level;<\/li>\n<li>Niedrigeres Niveau \u2013 im Falle eines Wechsels zu einem alternativen oder sp\u00e4ter zu verifizierenden Lieferanten informiert Bio4Plas den Lieferanten per E-Mail \u00fcber die Punkte, die bei k\u00fcnftigen Lieferungen verbessert werden m\u00fcssen. Bei einer kontinuierlichen Bewertung \u00fcber mehr als 2 Jahre unter 5 wird der Lieferant aus der Lieferantendatenbank ausgeschlossen.<\/li>\n<\/ul>","protected":false},"excerpt":{"rendered":"<p>A avalia\u00e7\u00e3o de fornecedores consiste na atribui\u00e7\u00e3o de uma classifica\u00e7\u00e3o, tendo como base uma s\u00e9rie de crit\u00e9rios que permitem pontuar o desempenho do fornecedor em rela\u00e7\u00e3o \u00e0 qualidade do bem\/servi\u00e7o fornecido. 1. Avalia\u00e7\u00e3o inicial de um novo fornecedor A avalia\u00e7\u00e3o inicial \u00e9 realizada assim que o fornecedor \u00e9 considerado para fornecer o bem ou o [&hellip;]<\/p>\n","protected":false},"author":1,"featured_media":0,"parent":0,"menu_order":0,"comment_status":"closed","ping_status":"closed","template":"","meta":{"footnotes":""},"class_list":["post-10884","page","type-page","status-publish","hentry"],"_links":{"self":[{"href":"https:\/\/bio4plas.com\/de\/wp-json\/wp\/v2\/pages\/10884","targetHints":{"allow":["GET"]}}],"collection":[{"href":"https:\/\/bio4plas.com\/de\/wp-json\/wp\/v2\/pages"}],"about":[{"href":"https:\/\/bio4plas.com\/de\/wp-json\/wp\/v2\/types\/page"}],"author":[{"embeddable":true,"href":"https:\/\/bio4plas.com\/de\/wp-json\/wp\/v2\/users\/1"}],"replies":[{"embeddable":true,"href":"https:\/\/bio4plas.com\/de\/wp-json\/wp\/v2\/comments?post=10884"}],"version-history":[{"count":1,"href":"https:\/\/bio4plas.com\/de\/wp-json\/wp\/v2\/pages\/10884\/revisions"}],"predecessor-version":[{"id":10885,"href":"https:\/\/bio4plas.com\/de\/wp-json\/wp\/v2\/pages\/10884\/revisions\/10885"}],"wp:attachment":[{"href":"https:\/\/bio4plas.com\/de\/wp-json\/wp\/v2\/media?parent=10884"}],"curies":[{"name":"wp","href":"https:\/\/api.w.org\/{rel}","templated":true}]}}