{"id":117,"date":"2021-04-20T09:52:58","date_gmt":"2021-04-20T09:52:58","guid":{"rendered":"https:\/\/bio4plas.com\/?page_id=117"},"modified":"2021-04-20T10:21:05","modified_gmt":"2021-04-20T10:21:05","slug":"carreiras","status":"publish","type":"page","link":"https:\/\/bio4plas.com\/de\/carreiras\/","title":{"rendered":"Karrierechancen"},"content":{"rendered":"<div class=\"grve-section grve-row-section grve-fullwidth-background grve-padding-top-1x grve-padding-bottom-1x grve-bg-none\"><div class=\"grve-container\"><div class=\"grve-row grve-bookmark grve-columns-gap-30\"><div class=\"grve-column wpb_column grve-column-1\" ><div class=\"grve-column-wrapper\" >\n\t<div class=\"wpb_raw_code wpb_raw_html wpb_content_element\" >\n\t\t<div class=\"wpb_wrapper\">\n\t\t\t<div class=\"sjb-page\">\r\n<!-- Start: Jobs Listing Wrapper -->\r\n\r\n\r\n<!-- Start Job Filters\r\n================================================== -->\r\n<div class=\"sjb-filters-v2\">\r\n        <form class=\"filters-form\" action=\"https:\/\/bio4plas.com\/de\/carreiras\/\" method=\"get\" data-trp-original-action=\"https:\/\/bio4plas.com\/de\/carreiras\/\">\r\n        <div class=\"row\">\r\n                    <\/div>\r\n    <input type=\"hidden\" name=\"trp-form-language\" value=\"de\"\/><\/form>\r\n<\/div>\r\n<!-- ==================================================\r\nEnd Job Filters -->\r\n\r\n\r\n<div class=\"sjb-listing\">\r\n        <!-- start Jobs Listing: List View -->\r\n    <div class=\"list-view\">\r\n        \r\n    \r\n<!-- Start Jobs List View \r\n================================================== -->\r\n<div class=\"list-data\">\r\n    <div class=\"v2 sjb-job-9154\">\r\n\r\n        <!-- Jobs List view header -->\r\n        <header>\r\n            <div class=\"row\">\r\n                \r\n                <div class=\"col-md-12 col-sm-12\">\r\n                    <div class=\"sjb-company-wrapper-details-list\">\r\n                        <div class=\"row\">\r\n                            \r\n<!-- Start Company Logo\r\n================================================== -->\r\n<div class=\"col-md-8 col-sm-8\">\r\n    \r\n    <!-- ==================================================\r\nEnd Company Logo -->\r\n\r\n    <div class=\"sjb-without-logo\">\r\n    <div class=\"job-info job-without-company\">\r\n        <h4>\r\n            <a href=\"https:\/\/bio4plas.com\/de\/jobs\/comercial-senior\/\">\r\n                <span class=\"job-title\">Senior Commercial<\/span>            <\/a>\r\n        <\/h4>\r\n        <div class=\"sjb-company-details\">\r\n                    <\/div>\r\n            <\/div>\r\n<\/div>\r\n<\/div>\r\n\r\n<!-- Start apply now button\r\n================================================== -->\r\n<div class=\"col-md-4 col-sm-4 col-xs-12 sjb-apply-now-btn\">\r\n\t<p><a href=\"https:\/\/bio4plas.com\/de\/jobs\/comercial-senior\/\" class=\"btn btn-primary\">jetzt bewerben<\/a><\/p><\/div>\r\n<!-- ==================================================\r\nEnd apply now button -->\r\n\r\n                        <\/div>\r\n                    <\/div>\r\n                <\/div>\r\n             \r\n                <div class=\"clearfix\"><\/div>\r\n                <div class=\"col-md-12 col-sm-12\">\r\n                    <div class=\"sjb-job-type-location-date\">\r\n                        <div class=\"row\">\r\n                        \r\n<!-- Start Job Type\r\n================================================== -->\r\n\t<div class=\"col-md-2 col-sm-4 col-xs-12\">\r\n                <div class=\"job-type\"><i class=\"fa fa-briefcase\"><\/i>Vollzeit<\/div>\r\n    <\/div>\r\n \r\n<!-- ==================================================\r\nEnd Job Type -->\r\n\r\n\r\n<!-- Start Job's Location\r\n================================================== -->\r\n<!-- ==================================================\r\nEnd Job's Location -->\r\n\r\n\r\n<!-- Start Job Posted Date\r\n================================================== -->\r\n\t<div class=\"col-md-4 col-sm-4 col-xs-12\">\r\n                <div class=\"job-date\"><i class=\"fa  fa-calendar-check\"><\/i>Posted 3\u00a0Jahren ago<\/div>\r\n\t<\/div>\r\n<!-- ==================================================\r\nEnd Job Posted Date -->\r\n\r\n                        <\/div>\r\n                    <\/div>\r\n\r\n                <\/div>\r\n            <\/div>\r\n            \r\n        <\/header>\r\n        \r\n\r\n        \r\n    <!-- View more content start\r\n    ================================= -->\r\n    \r\n<!-- View long content start \r\n================================================== -->\r\n<div class=\"sjb_more_content\" id=\"sjb_more_content_9154\">\r\n    Bio4Plas \u2013 Biopol\u00edmeros, Lda ist ein Unternehmen, das Biokomposite und Biopolymere herstellt und dabei stets auf Nachhaltigkeit auf der Grundlage der Kreislaufwirtschaft setzt.\r\n\r\n<u>Funktionen:<\/u>\r\n<ul>\r\n \t<li>Studie, Marktanalyse und Identifizierung neuer Gesch\u00e4ftsm\u00f6glichkeiten;<\/li>\r\n \t<li>Festlegung einer mit der Verwaltung geteilten Gesch\u00e4ftspolitik;<\/li>\r\n \t<li>Beziehung zu Kunden, mit denen das Unternehmen bereits laufende Projekte hat, und Gewinnung neuer Kunden, die Projekte anbieten k\u00f6nnen, die in den T\u00e4tigkeitsbereich des Unternehmens fallen;<\/li>\r\n \t<li>\u00dcberwachung von Verhandlungsprozessen;<\/li>\r\n \t<li>Kommerzielles Management des Kundenportfolios bei der Generierung neuer Gesch\u00e4fte: Analyse der Kundenbed\u00fcrfnisse, erg\u00e4nzende L\u00f6sungen\/Produkte, unter anderem;<\/li>\r\n<\/ul>\r\n<u>\u00a0<\/u>\r\n\r\n<u>Profil:<\/u>\r\n<ul>\r\n \t<li>H\u00f6here Bildung;<\/li>\r\n \t<li>Nachgewiesene Erfahrung im kaufm\u00e4nnischen Bereich (vorzugsweise im Bereich Polymere);<\/li>\r\n \t<li>Erfahrung im Teammanagement (bevorzugt);<\/li>\r\n \t<li>Gute Verhandlungs- und Gesch\u00e4ftsentwicklungsf\u00e4higkeiten, um dem Unternehmen einen Mehrwert zu verleihen;<\/li>\r\n \t<li>Flie\u00dfend Englisch und Spanisch;<\/li>\r\n \t<li>F\u00e4higkeit zur Probleml\u00f6sung;<\/li>\r\n \t<li>Dynamik, Verantwortung und Teamarbeit.<\/li>\r\n<\/ul>\r\n&nbsp;\r\n\r\nEs bietet:\r\n<ul>\r\n \t<li>Integration in ein innovatives Projekt mit Fokus auf Nachhaltigkeit;<\/li>\r\n \t<li>Integration in ein junges und dynamisches Team;<\/li>\r\n \t<li>Gehalt nach Erfahrung;<\/li>\r\n \t<li>Planen Sie Schulungen und berufliches Wachstum im Unternehmen.<\/li>\r\n<\/ul>    \r\n<!-- Start Job Features\r\n================================================== -->\r\n<div class=\"job-features\">\r\n    \r\n    <table class=\"table\">\r\n        <tbody>\r\n                    <\/tbody>\r\n    <\/table>\r\n\r\n<\/div>\r\n<!-- ==================================================\r\nEnd Job Features -->\r\n\r\n<div class=\"clearfix\"><\/div>\r\n<\/div>\r\n\r\n<div class=\"sjb-view-less-btn\" id=\"sjb_view_less_btn_9154\">\r\n    <a data-id=\"9154\" class=\"sjb_view_less_btn sjb_view_more_btn\">\r\n        weniger sehen            \r\n    <\/a>\r\n<\/div>\r\n<!-- ==================================================\r\nView long content end  -->\r\n\r\n    <!-- View more content end\r\n    ================================= -->\r\n\r\n    <!-- Start Job Short Description \r\n    ================================================== -->\r\n    <div class=\"job-description-list\">\r\n        <div id=\"sjb_less_content_9154\"><p>Bio4Plas \u2013 Biopol\u00edmeros, Lda ist ein Unternehmen, das Biokomposite und Biopolymere herstellt und dabei stets auf Nachhaltigkeit auf der Grundlage der Kreislaufwirtschaft setzt. Funktionen: Studie, Marktanalyse und ...<\/p><\/div>    <\/div>\r\n    <!-- ==================================================\r\n    End Job Short Description  -->\r\n\r\n        <\/div>\r\n<\/div>\r\n<!-- ==================================================\r\nEnd Jobs List View -->\r\n\r\n<div class=\"clearfix\"><\/div>\r\n\r\n\r\n<!-- Start Jobs List View \r\n================================================== -->\r\n<div class=\"list-data\">\r\n    <div class=\"v2 sjb-job-127\">\r\n\r\n        <!-- Jobs List view header -->\r\n        <header>\r\n            <div class=\"row\">\r\n                \r\n                <div class=\"col-md-12 col-sm-12\">\r\n                    <div class=\"sjb-company-wrapper-details-list\">\r\n                        <div class=\"row\">\r\n                            \r\n<!-- Start Company Logo\r\n================================================== -->\r\n<div class=\"col-md-8 col-sm-8\">\r\n    \r\n    <!-- ==================================================\r\nEnd Company Logo -->\r\n\r\n    <div class=\"sjb-without-logo\">\r\n    <div class=\"job-info job-without-company\">\r\n        <h4>\r\n            <a href=\"https:\/\/bio4plas.com\/de\/jobs\/candidatura-espontanea\/\">\r\n                <span class=\"job-title\">Spontane Anwendung<\/span>            <\/a>\r\n        <\/h4>\r\n        <div class=\"sjb-company-details\">\r\n                    <\/div>\r\n            <\/div>\r\n<\/div>\r\n<\/div>\r\n\r\n<!-- Start apply now button\r\n================================================== -->\r\n<div class=\"col-md-4 col-sm-4 col-xs-12 sjb-apply-now-btn\">\r\n\t<p><a href=\"https:\/\/bio4plas.com\/de\/jobs\/candidatura-espontanea\/\" class=\"btn btn-primary\">jetzt bewerben<\/a><\/p><\/div>\r\n<!-- ==================================================\r\nEnd apply now button -->\r\n\r\n                        <\/div>\r\n                    <\/div>\r\n                <\/div>\r\n             \r\n                <div class=\"clearfix\"><\/div>\r\n                <div class=\"col-md-12 col-sm-12\">\r\n                    <div class=\"sjb-job-type-location-date\">\r\n                        <div class=\"row\">\r\n                        \r\n<!-- Start Job Type\r\n================================================== -->\r\n\t<div class=\"col-md-2 col-sm-4 col-xs-12\">\r\n                <div class=\"job-type\"><i class=\"fa fa-briefcase\"><\/i>Vollzeit Teilzeit<\/div>\r\n    <\/div>\r\n \r\n<!-- ==================================================\r\nEnd Job Type -->\r\n\r\n\r\n<!-- Start Job's Location\r\n================================================== -->\r\n<!-- ==================================================\r\nEnd Job's Location -->\r\n\r\n\r\n<!-- Start Job Posted Date\r\n================================================== -->\r\n\t<div class=\"col-md-4 col-sm-4 col-xs-12\">\r\n                <div class=\"job-date\"><i class=\"fa  fa-calendar-check\"><\/i>Posted 5\u00a0Jahren ago<\/div>\r\n\t<\/div>\r\n<!-- ==================================================\r\nEnd Job Posted Date -->\r\n\r\n                        <\/div>\r\n                    <\/div>\r\n\r\n                <\/div>\r\n            <\/div>\r\n            \r\n        <\/header>\r\n        \r\n\r\n        \r\n    <!-- View more content start\r\n    ================================= -->\r\n    \r\n<!-- View long content start \r\n================================================== -->\r\n<div class=\"sjb_more_content\" id=\"sjb_more_content_127\">\r\n    <h4>Hauptverantwortlichkeiten<\/h4>\r\n<ul>\r\n \t<li>Diese Option ist f\u00fcr spontane Anwendungen reserviert.<\/li>\r\n<\/ul>\r\n<h4>Bedarf<\/h4>\r\n<ul>\r\n \t<li>Bewerbungen f\u00fcr andere Berufsfelder \/ unver\u00f6ffentlichte Angebote.<\/li>\r\n<\/ul>    \r\n<!-- Start Job Features\r\n================================================== -->\r\n<div class=\"job-features\">\r\n    \r\n    <table class=\"table\">\r\n        <tbody>\r\n                    <\/tbody>\r\n    <\/table>\r\n\r\n<\/div>\r\n<!-- ==================================================\r\nEnd Job Features -->\r\n\r\n<div class=\"clearfix\"><\/div>\r\n<\/div>\r\n\r\n<div class=\"sjb-view-less-btn\" id=\"sjb_view_less_btn_127\">\r\n    <a data-id=\"127\" class=\"sjb_view_less_btn sjb_view_more_btn\">\r\n        weniger sehen            \r\n    <\/a>\r\n<\/div>\r\n<!-- ==================================================\r\nView long content end  -->\r\n\r\n    <!-- View more content end\r\n    ================================= -->\r\n\r\n    <!-- Start Job Short Description \r\n    ================================================== -->\r\n    <div class=\"job-description-list\">\r\n        <div id=\"sjb_less_content_127\"><p>Wir sind immer auf der Suche nach den besten Talenten. Wenn Sie die gesuchte Stelle nicht gefunden haben, reichen Sie Ihre spontane Bewerbung ein.<\/p><\/div>    <\/div>\r\n    <!-- ==================================================\r\n    End Job Short Description  -->\r\n\r\n        <\/div>\r\n<\/div>\r\n<!-- ==================================================\r\nEnd Jobs List View -->\r\n\r\n<div class=\"clearfix\"><\/div>\r\n\r\n\r\n    <\/div> <!-- end Jobs Listing: List View -->\r\n<\/div>\r\n<!-- End: Jobs Listing -->\r\n\r\n<div class=\"clearfix\"><\/div>\r\n<\/div>\r\n<!-- End: Jobs Listing Wrapper -->\r\n\r\n\n\t\t<\/div>\n\t<\/div>\n<\/div><\/div><\/div><\/div><div class=\"grve-background-wrapper\"><\/div><\/div>","protected":false},"excerpt":{"rendered":"Hauptaufgaben Diese Option ist Spontanbewerbungen vorbehalten. Voraussetzungen Bewerbungen f\u00fcr andere Berufsfelder\/unver\u00f6ffentlichte Angebote.","protected":false},"author":1,"featured_media":0,"parent":0,"menu_order":0,"comment_status":"closed","ping_status":"closed","template":"","meta":{"footnotes":""},"class_list":["post-117","page","type-page","status-publish","hentry"],"_links":{"self":[{"href":"https:\/\/bio4plas.com\/de\/wp-json\/wp\/v2\/pages\/117","targetHints":{"allow":["GET"]}}],"collection":[{"href":"https:\/\/bio4plas.com\/de\/wp-json\/wp\/v2\/pages"}],"about":[{"href":"https:\/\/bio4plas.com\/de\/wp-json\/wp\/v2\/types\/page"}],"author":[{"embeddable":true,"href":"https:\/\/bio4plas.com\/de\/wp-json\/wp\/v2\/users\/1"}],"replies":[{"embeddable":true,"href":"https:\/\/bio4plas.com\/de\/wp-json\/wp\/v2\/comments?post=117"}],"version-history":[{"count":1,"href":"https:\/\/bio4plas.com\/de\/wp-json\/wp\/v2\/pages\/117\/revisions"}],"predecessor-version":[{"id":118,"href":"https:\/\/bio4plas.com\/de\/wp-json\/wp\/v2\/pages\/117\/revisions\/118"}],"wp:attachment":[{"href":"https:\/\/bio4plas.com\/de\/wp-json\/wp\/v2\/media?parent=117"}],"curies":[{"name":"wp","href":"https:\/\/api.w.org\/{rel}","templated":true}]}}