{"id":150,"date":"2021-05-19T11:26:54","date_gmt":"2021-05-19T11:26:54","guid":{"rendered":"https:\/\/bio4plas.com\/?page_id=150"},"modified":"2023-07-12T15:26:57","modified_gmt":"2023-07-12T15:26:57","slug":"quem-somos","status":"publish","type":"page","link":"https:\/\/bio4plas.com\/de\/quem-somos\/","title":{"rendered":"Wer wir sind"},"content":{"rendered":"<div class=\"grve-section grve-row-section grve-fullwidth-background grve-padding-bottom-3x grve-bg-none\"><div class=\"grve-container\"><div class=\"grve-row grve-bookmark grve-columns-gap-30\"><div class=\"grve-column wpb_column grve-column-7-12\" ><div class=\"grve-column-wrapper\" ><h2 class=\"grve-element grve-title grve-align-left grve-h3\" style=\"\"><span>Bio4Plas<\/span><\/h2><div class=\"grve-element grve-text\">\r\n\t\t\t<p>Bio4Plas wurde 2020 gegr\u00fcndet und nahm Anfang 2021 den Betrieb auf.<\/p>\n<p>Zun\u00e4chst konzentrierte man sich nur auf die Herstellung von Biokompositen und Biopolymeren durch die Einarbeitung von Naturfasern in Kunststoffmaterialien synthetischen und nat\u00fcrlichen Ursprungs. Derzeit pr\u00e4sentiert es L\u00f6sungen, die den Bed\u00fcrfnissen seiner Partner entsprechen, wie etwa die R\u00fcckgewinnung synthetischer Polymere und die Entwicklung innovativer Produkte, stets auf der Grundlage der Prinzipien der Kreislaufwirtschaft.<\/p>\n\r\n\t\t<\/div>\r\n\t<div class=\"grve-empty-space grve-height-2x\" style=\"\"><\/div><div class=\"grve-row-inner grve-bookmark\">\r\n\t\t<div class=\"grve-column-inner wpb_column grve-column-1-3\">\r\n\t\t\t<div class=\"grve-column-wrapper-inner\">\r\n\t\t\t<div class=\"grve-element grve-align-left\"><a href=\"https:\/\/bio4plas.com\/de\/biocompositos-e-biopolimeros\/\" title=\"Biokomposite und Biopolymere\" class=\"grve-btn grve-btn-medium grve-square grve-bg-primary-1 grve-bg-hover-black grve-btn-line\"><span>Biokomposite und Biopolymere<\/span><\/a><\/div>\r\n\t\t\t<\/div>\r\n\t\t<\/div>\r\n\t\r\n\t\t<div class=\"grve-column-inner wpb_column grve-column-1-3\">\r\n\t\t\t<div class=\"grve-column-wrapper-inner\">\r\n\t\t\t<div class=\"grve-element grve-align-left\"><a href=\"https:\/\/bio4plas.com\/de\/polimeros-recuperados\/\" title=\"Zur\u00fcckgewonnene Polymere\" class=\"grve-btn grve-btn-medium grve-square grve-bg-primary-1 grve-bg-hover-black grve-btn-line\"><span>Zur\u00fcckgewonnene Polymere<\/span><\/a><\/div>\r\n\t\t\t<\/div>\r\n\t\t<\/div>\r\n\t\r\n\t\t<div class=\"grve-column-inner wpb_column grve-column-1-3\">\r\n\t\t\t<div class=\"grve-column-wrapper-inner\">\r\n\t\t\t<div class=\"grve-element grve-align-left\"><a href=\"https:\/\/bio4plas.com\/de\/produtos-inovadores\/\" title=\"Innovative Produkte\" class=\"grve-btn grve-btn-medium grve-square grve-bg-primary-1 grve-bg-hover-black grve-btn-line\"><span>Innovative Produkte<\/span><\/a><\/div>\r\n\t\t\t<\/div>\r\n\t\t<\/div>\r\n\t<\/div><div class=\"grve-row-inner grve-bookmark\">\r\n\t\t<div class=\"grve-column-inner wpb_column grve-column-1\">\r\n\t\t\t<div class=\"grve-column-wrapper-inner\">\r\n\t\t\t<div class=\"grve-empty-space grve-height-2x\" style=\"\"><\/div><div class=\"grve-element grve-text\">\r\n\t\t\t<p>Sein Hauptverfahren ist die Extrusion, wodurch die Produkte die folgenden Eigenschaften aufweisen:<\/p>\n\r\n\t\t<\/div>\r\n\t<div class=\"grve-empty-space grve-height-2x\" style=\"\"><\/div>\r\n\t\t\t<\/div>\r\n\t\t<\/div>\r\n\t<\/div><div class=\"grve-row-inner grve-bookmark\">\r\n\t\t<div class=\"grve-column-inner wpb_column grve-column-1-2\">\r\n\t\t\t<div class=\"grve-column-wrapper-inner\">\r\n\t\t\t<div class=\"grve-element grve-box-icon grve-extra-small grve-side-icon grve-align-left\" style=\"\"><div class=\"grve-image-icon\"><img loading=\"lazy\" decoding=\"async\" width=\"500\" height=\"500\" src=\"https:\/\/bio4plas.com\/wp-content\/uploads\/2020\/11\/bio4plasicon.png\" class=\"attachment-full size-full\" alt=\"\" srcset=\"https:\/\/bio4plas.com\/wp-content\/uploads\/2020\/11\/bio4plasicon.png 500w, https:\/\/bio4plas.com\/wp-content\/uploads\/2020\/11\/bio4plasicon-300x300.png 300w, https:\/\/bio4plas.com\/wp-content\/uploads\/2020\/11\/bio4plasicon-150x150.png 150w, https:\/\/bio4plas.com\/wp-content\/uploads\/2020\/11\/bio4plasicon-12x12.png 12w\" sizes=\"auto, (max-width: 500px) 100vw, 500px\" \/><\/div><div class=\"grve-box-content\"><div class=\"grve-box-title-wrapper\"><h4 class=\"grve-box-title grve-h5\">Sie k\u00f6nnen in bestehenden Injektionsprozessen eingesetzt werden, wobei die Eigenschaften des Prozesses erhalten bleiben.<\/h4><\/div><\/div><\/div><div class=\"grve-empty-space grve-height-1x\" style=\"\"><\/div><div class=\"grve-element grve-box-icon grve-extra-small grve-side-icon grve-align-left\" style=\"\"><div class=\"grve-image-icon\"><img loading=\"lazy\" decoding=\"async\" width=\"500\" height=\"500\" src=\"https:\/\/bio4plas.com\/wp-content\/uploads\/2020\/11\/bio4plasicon.png\" class=\"attachment-full size-full\" alt=\"\" srcset=\"https:\/\/bio4plas.com\/wp-content\/uploads\/2020\/11\/bio4plasicon.png 500w, https:\/\/bio4plas.com\/wp-content\/uploads\/2020\/11\/bio4plasicon-300x300.png 300w, https:\/\/bio4plas.com\/wp-content\/uploads\/2020\/11\/bio4plasicon-150x150.png 150w, https:\/\/bio4plas.com\/wp-content\/uploads\/2020\/11\/bio4plasicon-12x12.png 12w\" sizes=\"auto, (max-width: 500px) 100vw, 500px\" \/><\/div><div class=\"grve-box-content\"><div class=\"grve-box-title-wrapper\"><h4 class=\"grve-box-title grve-h5\">Strengerer und pr\u00e4ziserer Beimischungsprozentsatz.<\/h4><\/div><\/div><\/div>\r\n\t\t\t<\/div>\r\n\t\t<\/div>\r\n\t\r\n\t\t<div class=\"grve-column-inner wpb_column grve-column-1-2\">\r\n\t\t\t<div class=\"grve-column-wrapper-inner\">\r\n\t\t\t<div class=\"grve-element grve-box-icon grve-extra-small grve-side-icon grve-align-left\" style=\"\"><div class=\"grve-image-icon\"><img loading=\"lazy\" decoding=\"async\" width=\"500\" height=\"500\" src=\"https:\/\/bio4plas.com\/wp-content\/uploads\/2020\/11\/bio4plasicon.png\" class=\"attachment-full size-full\" alt=\"\" srcset=\"https:\/\/bio4plas.com\/wp-content\/uploads\/2020\/11\/bio4plasicon.png 500w, https:\/\/bio4plas.com\/wp-content\/uploads\/2020\/11\/bio4plasicon-300x300.png 300w, https:\/\/bio4plas.com\/wp-content\/uploads\/2020\/11\/bio4plasicon-150x150.png 150w, https:\/\/bio4plas.com\/wp-content\/uploads\/2020\/11\/bio4plasicon-12x12.png 12w\" sizes=\"auto, (max-width: 500px) 100vw, 500px\" \/><\/div><div class=\"grve-box-content\"><div class=\"grve-box-title-wrapper\"><h4 class=\"grve-box-title grve-h5\">Von der Dimension und Struktur her homogeneres Produkt zur Verwendung bei der Injektion.<\/h4><\/div><\/div><\/div><div class=\"grve-empty-space grve-height-1x\" style=\"\"><\/div><div class=\"grve-element grve-box-icon grve-extra-small grve-side-icon grve-align-left\" style=\"\"><div class=\"grve-image-icon\"><img loading=\"lazy\" decoding=\"async\" width=\"500\" height=\"500\" src=\"https:\/\/bio4plas.com\/wp-content\/uploads\/2020\/11\/bio4plasicon.png\" class=\"attachment-full size-full\" alt=\"\" srcset=\"https:\/\/bio4plas.com\/wp-content\/uploads\/2020\/11\/bio4plasicon.png 500w, https:\/\/bio4plas.com\/wp-content\/uploads\/2020\/11\/bio4plasicon-300x300.png 300w, https:\/\/bio4plas.com\/wp-content\/uploads\/2020\/11\/bio4plasicon-150x150.png 150w, https:\/\/bio4plas.com\/wp-content\/uploads\/2020\/11\/bio4plasicon-12x12.png 12w\" sizes=\"auto, (max-width: 500px) 100vw, 500px\" \/><\/div><div class=\"grve-box-content\"><div class=\"grve-box-title-wrapper\"><h4 class=\"grve-box-title grve-h5\">Saubererer und kontrollierterer Injektionsprozess.<\/h4><\/div><\/div><\/div>\r\n\t\t\t<\/div>\r\n\t\t<\/div>\r\n\t<\/div><\/div><\/div><div class=\"grve-column wpb_column grve-column-5-12 grve-mobile-column-hide\" ><div class=\"grve-column-wrapper vc_custom_1606321151388\" ><div class=\"grve-element grve-image grve-animated-item grve-duration-normal grve-zoom-in grve-align-center grve-full-image grve-image-space-100\" style=\"\" data-delay=\"200\">  <div class=\"grve-image-wrapper\"><img loading=\"lazy\" decoding=\"async\" width=\"768\" height=\"768\" src=\"https:\/\/bio4plas.com\/wp-content\/uploads\/2020\/11\/bio4plaslogotipo-768x768.png\" class=\"attachment-medium_large size-medium_large\" alt=\"\" srcset=\"https:\/\/bio4plas.com\/wp-content\/uploads\/2020\/11\/bio4plaslogotipo-768x768.png 768w, https:\/\/bio4plas.com\/wp-content\/uploads\/2020\/11\/bio4plaslogotipo-300x300.png 300w, https:\/\/bio4plas.com\/wp-content\/uploads\/2020\/11\/bio4plaslogotipo-1024x1024.png 1024w, https:\/\/bio4plas.com\/wp-content\/uploads\/2020\/11\/bio4plaslogotipo-150x150.png 150w, https:\/\/bio4plas.com\/wp-content\/uploads\/2020\/11\/bio4plaslogotipo-1536x1536.png 1536w, https:\/\/bio4plas.com\/wp-content\/uploads\/2020\/11\/bio4plaslogotipo-12x12.png 12w, https:\/\/bio4plas.com\/wp-content\/uploads\/2020\/11\/bio4plaslogotipo-560x560.png 560w, https:\/\/bio4plas.com\/wp-content\/uploads\/2020\/11\/bio4plaslogotipo-900x900.png 900w, https:\/\/bio4plas.com\/wp-content\/uploads\/2020\/11\/bio4plaslogotipo-1920x1920.png 1920w\" sizes=\"auto, (max-width: 768px) 100vw, 768px\" \/>   <\/div><\/div><\/div><\/div><\/div><\/div><div class=\"grve-background-wrapper\"><\/div><\/div><div class=\"grve-section grve-row-section grve-fullwidth-background grve-padding-top-1x grve-padding-bottom-1x grve-bg-none\"  style=\"background-color:#ececec;\"><div class=\"grve-container\"><div class=\"grve-row grve-bookmark grve-columns-gap-30\"><div class=\"grve-column wpb_column grve-column-1-2\" ><div class=\"grve-column-wrapper\" ><div class=\"grve-element grve-box-icon grve-medium grve-side-icon grve-align-left\" style=\"\"><div class=\"grve-wrapper-icon grve-no-shape\" style=\"\"><i class=\"grve-text-primary-1 smp-icon-heart\"><\/i><\/div><div class=\"grve-box-content\"><div class=\"grve-box-title-wrapper\"><h3 class=\"grve-box-title grve-h2\">Werte<\/h3><\/div><\/div><\/div><div class=\"grve-empty-space grve-height-2x\" style=\"\"><\/div><div class=\"grve-element grve-box-icon grve-extra-small grve-side-icon grve-align-left\" style=\"\"><div class=\"grve-image-icon\"><img loading=\"lazy\" decoding=\"async\" width=\"500\" height=\"500\" src=\"https:\/\/bio4plas.com\/wp-content\/uploads\/2020\/11\/bio4plasicon.png\" class=\"attachment-full size-full\" alt=\"\" srcset=\"https:\/\/bio4plas.com\/wp-content\/uploads\/2020\/11\/bio4plasicon.png 500w, https:\/\/bio4plas.com\/wp-content\/uploads\/2020\/11\/bio4plasicon-300x300.png 300w, https:\/\/bio4plas.com\/wp-content\/uploads\/2020\/11\/bio4plasicon-150x150.png 150w, https:\/\/bio4plas.com\/wp-content\/uploads\/2020\/11\/bio4plasicon-12x12.png 12w\" sizes=\"auto, (max-width: 500px) 100vw, 500px\" \/><\/div><div class=\"grve-box-content\"><div class=\"grve-box-title-wrapper\"><h3 class=\"grve-box-title grve-h3\">Innovation<\/h3><\/div><\/div><\/div><div class=\"grve-empty-space grve-height-1x\" style=\"\"><\/div><div class=\"grve-element grve-box-icon grve-extra-small grve-side-icon grve-align-left\" style=\"\"><div class=\"grve-image-icon\"><img loading=\"lazy\" decoding=\"async\" width=\"500\" height=\"500\" src=\"https:\/\/bio4plas.com\/wp-content\/uploads\/2020\/11\/bio4plasicon.png\" class=\"attachment-full size-full\" alt=\"\" srcset=\"https:\/\/bio4plas.com\/wp-content\/uploads\/2020\/11\/bio4plasicon.png 500w, https:\/\/bio4plas.com\/wp-content\/uploads\/2020\/11\/bio4plasicon-300x300.png 300w, https:\/\/bio4plas.com\/wp-content\/uploads\/2020\/11\/bio4plasicon-150x150.png 150w, https:\/\/bio4plas.com\/wp-content\/uploads\/2020\/11\/bio4plasicon-12x12.png 12w\" sizes=\"auto, (max-width: 500px) 100vw, 500px\" \/><\/div><div class=\"grve-box-content\"><div class=\"grve-box-title-wrapper\"><h3 class=\"grve-box-title grve-h3\">Nachhaltigkeit<\/h3><\/div><\/div><\/div><div class=\"grve-empty-space grve-height-1x\" style=\"\"><\/div><div class=\"grve-element grve-box-icon grve-extra-small grve-side-icon grve-align-left\" style=\"\"><div class=\"grve-image-icon\"><img loading=\"lazy\" decoding=\"async\" width=\"500\" height=\"500\" src=\"https:\/\/bio4plas.com\/wp-content\/uploads\/2020\/11\/bio4plasicon.png\" class=\"attachment-full size-full\" alt=\"\" srcset=\"https:\/\/bio4plas.com\/wp-content\/uploads\/2020\/11\/bio4plasicon.png 500w, https:\/\/bio4plas.com\/wp-content\/uploads\/2020\/11\/bio4plasicon-300x300.png 300w, https:\/\/bio4plas.com\/wp-content\/uploads\/2020\/11\/bio4plasicon-150x150.png 150w, https:\/\/bio4plas.com\/wp-content\/uploads\/2020\/11\/bio4plasicon-12x12.png 12w\" sizes=\"auto, (max-width: 500px) 100vw, 500px\" \/><\/div><div class=\"grve-box-content\"><div class=\"grve-box-title-wrapper\"><h3 class=\"grve-box-title grve-h3\">Teamgeist und gegenseitige Hilfe<\/h3><\/div><\/div><\/div><div class=\"grve-empty-space grve-height-1x\" style=\"\"><\/div><div class=\"grve-element grve-box-icon grve-extra-small grve-side-icon grve-align-left\" style=\"\"><div class=\"grve-image-icon\"><img loading=\"lazy\" decoding=\"async\" width=\"500\" height=\"500\" src=\"https:\/\/bio4plas.com\/wp-content\/uploads\/2020\/11\/bio4plasicon.png\" class=\"attachment-full size-full\" alt=\"\" srcset=\"https:\/\/bio4plas.com\/wp-content\/uploads\/2020\/11\/bio4plasicon.png 500w, https:\/\/bio4plas.com\/wp-content\/uploads\/2020\/11\/bio4plasicon-300x300.png 300w, https:\/\/bio4plas.com\/wp-content\/uploads\/2020\/11\/bio4plasicon-150x150.png 150w, https:\/\/bio4plas.com\/wp-content\/uploads\/2020\/11\/bio4plasicon-12x12.png 12w\" sizes=\"auto, (max-width: 500px) 100vw, 500px\" \/><\/div><div class=\"grve-box-content\"><div class=\"grve-box-title-wrapper\"><h3 class=\"grve-box-title grve-h3\">Engagement und Strenge<\/h3><\/div><\/div><\/div><\/div><\/div><div class=\"grve-column wpb_column grve-column-1-2\" ><div class=\"grve-column-wrapper\" ><div class=\"grve-element grve-box-icon grve-medium grve-side-icon grve-align-left\" style=\"\"><div class=\"grve-wrapper-icon grve-no-shape\" style=\"\"><i class=\"grve-text-primary-1 smp-icon-trophy\"><\/i><\/div><div class=\"grve-box-content\"><div class=\"grve-box-title-wrapper\"><h3 class=\"grve-box-title grve-h2\">Mission<\/h3><\/div><\/div><\/div><div class=\"grve-empty-space grve-height-2x\" style=\"\"><\/div><div class=\"grve-element grve-text\">\r\n\t\t\t<p>Tragen Sie zu einem nachhaltigeren Planeten bei, indem Sie Biopolymere und nachhaltige L\u00f6sungen herstellen, die auf das Konzept der Kreislaufwirtschaft abgestimmt sind.<\/p>\n\r\n\t\t<\/div>\r\n\t<\/div><\/div><\/div><\/div><div class=\"grve-background-wrapper\"><\/div><\/div>","protected":false},"excerpt":{"rendered":"A Bio4Plas A Bio4Plas foi criada no ano de 2020 e come\u00e7ou a sua labora\u00e7\u00e3o no in\u00edcio de 2021. Inicialmente focou-se apenas na produ\u00e7\u00e3o de biocomp\u00f3sitos e biopol\u00edmeros, atrav\u00e9s incorpora\u00e7\u00e3o de fibras naturais em material pl\u00e1stico de origem sint\u00e9tica e natural.\u00a0 Atualmente, apresenta solu\u00e7\u00f5es que v\u00e3o ao encontro das necessidades dos seus Parceiros, tais como [...]","protected":false},"author":1,"featured_media":0,"parent":0,"menu_order":0,"comment_status":"closed","ping_status":"closed","template":"","meta":{"footnotes":""},"class_list":["post-150","page","type-page","status-publish","hentry"],"_links":{"self":[{"href":"https:\/\/bio4plas.com\/de\/wp-json\/wp\/v2\/pages\/150","targetHints":{"allow":["GET"]}}],"collection":[{"href":"https:\/\/bio4plas.com\/de\/wp-json\/wp\/v2\/pages"}],"about":[{"href":"https:\/\/bio4plas.com\/de\/wp-json\/wp\/v2\/types\/page"}],"author":[{"embeddable":true,"href":"https:\/\/bio4plas.com\/de\/wp-json\/wp\/v2\/users\/1"}],"replies":[{"embeddable":true,"href":"https:\/\/bio4plas.com\/de\/wp-json\/wp\/v2\/comments?post=150"}],"version-history":[{"count":27,"href":"https:\/\/bio4plas.com\/de\/wp-json\/wp\/v2\/pages\/150\/revisions"}],"predecessor-version":[{"id":9475,"href":"https:\/\/bio4plas.com\/de\/wp-json\/wp\/v2\/pages\/150\/revisions\/9475"}],"wp:attachment":[{"href":"https:\/\/bio4plas.com\/de\/wp-json\/wp\/v2\/media?parent=150"}],"curies":[{"name":"wp","href":"https:\/\/api.w.org\/{rel}","templated":true}]}}