{"id":156,"date":"2021-05-19T11:31:25","date_gmt":"2021-05-19T11:31:25","guid":{"rendered":"https:\/\/bio4plas.com\/?page_id=156"},"modified":"2025-11-20T22:23:50","modified_gmt":"2025-11-20T22:23:50","slug":"contactos","status":"publish","type":"page","link":"https:\/\/bio4plas.com\/de\/contactos\/","title":{"rendered":"Kontakte"},"content":{"rendered":"<div class=\"grve-section grve-row-section grve-fullwidth-background grve-padding-top-1x grve-padding-bottom-1x grve-bg-none\"><div class=\"grve-container\"><div class=\"grve-row grve-bookmark grve-columns-gap-30\"><div class=\"grve-column wpb_column grve-column-1\" ><div class=\"grve-column-wrapper\" ><div class=\"grve-element grve-box-icon grve-small grve-side-icon grve-align-left\" style=\"\"><div class=\"grve-image-icon\"><img loading=\"lazy\" decoding=\"async\" width=\"500\" height=\"500\" src=\"https:\/\/bio4plas.com\/wp-content\/uploads\/2020\/11\/bio4plasicon.png\" class=\"attachment-full size-full\" alt=\"\" srcset=\"https:\/\/bio4plas.com\/wp-content\/uploads\/2020\/11\/bio4plasicon.png 500w, https:\/\/bio4plas.com\/wp-content\/uploads\/2020\/11\/bio4plasicon-300x300.png 300w, https:\/\/bio4plas.com\/wp-content\/uploads\/2020\/11\/bio4plasicon-150x150.png 150w, https:\/\/bio4plas.com\/wp-content\/uploads\/2020\/11\/bio4plasicon-12x12.png 12w\" sizes=\"auto, (max-width: 500px) 100vw, 500px\" \/><\/div><div class=\"grve-box-content\"><div class=\"grve-box-title-wrapper\"><h3 class=\"grve-box-title grve-h3\">Bio4Plas<\/h3><\/div><\/div><\/div><div class=\"grve-empty-space grve-height-1x\" style=\"\"><\/div><div class=\"grve-element grve-text\">\r\n\t\t\t<p>info@bio4plas.com<\/p>\n<p>231 028 828 (Anruf im nationalen Festnetz)<\/p>\n\r\n\t\t<\/div>\r\n\t<\/div><\/div><\/div><\/div><div class=\"grve-background-wrapper\"><\/div><\/div><div class=\"grve-section grve-row-section grve-fullwidth grve-bg-none\"  style=\"background-color:#e6ecf1;\"><div class=\"grve-container\"><div class=\"grve-row grve-bookmark grve-columns-gap-none\"><div class=\"grve-column wpb_column grve-column-2-3 grve-headings-light grve-tablet-sm-column-1 grve-clipping-animation grve-colored-clipping-left grve-colored-clipping\"  style=\"color:#ffffff;\"  data-delay=\"600\"  data-clipping-color=\"primary-2\" ><div class=\"grve-column-wrapper vc_custom_1621442526486\" ><h2 class=\"grve-element grve-title grve-align-left grve-h1 grve-increase-heading grve-heading-180\" style=\"margin-bottom: 0px;\"><span>Wie k\u00f6nnen wir<\/span><\/h2><h2 class=\"grve-element grve-title grve-align-left grve-h1 grve-increase-heading grve-heading-180\" style=\"margin-bottom: 0px;\"><span>Hilfe?<\/span><\/h2><\/div><\/div><div class=\"grve-column wpb_column grve-column-1-3 grve-tablet-sm-column-1 grve-parallax-effect grve-custom-position grve-tablet-portrait-position-none grve-mobile-position-none grve-top-minus-3x grve-left-minus-3x grve-clipping-animation grve-colored-clipping-left grve-colored-clipping\"  data-delay=\"800\"  data-clipping-color=\"primary-1\"  data-parallax-effect=\"mouse-move-x-y\" data-sensitive=\"low\" data-limit=\"3x\" data-invert=\"true\"><div class=\"grve-column-wrapper vc_custom_1621442538854 grve-shadow-large grve-with-shadow\" >\n<div class=\"wpcf7 no-js\" id=\"wpcf7-f40-o1\" lang=\"pt-PT\" dir=\"ltr\" data-wpcf7-id=\"40\">\n<div class=\"screen-reader-response\"><p role=\"status\" aria-live=\"polite\" aria-atomic=\"true\"><\/p> <ul><\/ul><\/div>\n<form action=\"\/de\/wp-json\/wp\/v2\/pages\/156#wpcf7-f40-o1\" method=\"post\" class=\"wpcf7-form init\" aria-label=\"Kontakt Formular\" novalidate=\"novalidate\" data-status=\"init\" data-trp-original-action=\"\/de\/wp-json\/wp\/v2\/pages\/156#wpcf7-f40-o1\">\n<fieldset class=\"hidden-fields-container\"><input type=\"hidden\" name=\"_wpcf7\" value=\"40\" \/><input type=\"hidden\" name=\"_wpcf7_version\" value=\"6.1.5\" \/><input type=\"hidden\" name=\"_wpcf7_locale\" value=\"pt_PT\" \/><input type=\"hidden\" name=\"_wpcf7_unit_tag\" value=\"wpcf7-f40-o1\" \/><input type=\"hidden\" name=\"_wpcf7_container_post\" value=\"0\" \/><input type=\"hidden\" name=\"_wpcf7_posted_data_hash\" value=\"\" \/><input type=\"hidden\" name=\"_wpcf7_recaptcha_response\" value=\"\" \/>\n<\/fieldset>\n<div class=\"one-half\">\n\t<p><label><span class=\"wpcf7-form-control-wrap\" data-name=\"your-name\"><input size=\"40\" maxlength=\"400\" class=\"wpcf7-form-control wpcf7-text wpcf7-validates-as-required\" aria-required=\"true\" aria-invalid=\"false\" placeholder=\"Dein Name\" value=\"\" type=\"text\" name=\"your-name\" \/><\/span> <\/label>\n\t<\/p>\n<\/div>\n<div class=\"one-half last\">\n\t<p><label><span class=\"wpcf7-form-control-wrap\" data-name=\"your-email\"><input size=\"40\" maxlength=\"400\" class=\"wpcf7-form-control wpcf7-email wpcf7-validates-as-required wpcf7-text wpcf7-validates-as-email\" aria-required=\"true\" aria-invalid=\"false\" placeholder=\"Deine E-Mail\" value=\"\" type=\"email\" name=\"your-email\" \/><\/span> <\/label>\n\t<\/p>\n<\/div>\n<div class=\"one-half\">\n\t<p><label><span class=\"wpcf7-form-control-wrap\" data-name=\"your-contact\"><input size=\"40\" maxlength=\"400\" class=\"wpcf7-form-control wpcf7-tel wpcf7-validates-as-required wpcf7-text wpcf7-validates-as-tel\" aria-required=\"true\" aria-invalid=\"false\" placeholder=\"Dein Kontakt\" value=\"\" type=\"tel\" name=\"your-contact\" \/><\/span> <\/label>\n\t<\/p>\n<\/div>\n<div class=\"one-half last\">\n\t<p><label><span class=\"wpcf7-form-control-wrap\" data-name=\"your-subject\"><input size=\"40\" maxlength=\"400\" class=\"wpcf7-form-control wpcf7-text wpcf7-validates-as-required\" aria-required=\"true\" aria-invalid=\"false\" placeholder=\"Betreff\" value=\"\" type=\"text\" name=\"your-subject\" \/><\/span> <\/label>\n\t<\/p>\n<\/div>\n<div>\n\t<p><label><span class=\"wpcf7-form-control-wrap\" data-name=\"your-message\"><textarea cols=\"40\" rows=\"10\" maxlength=\"2000\" class=\"wpcf7-form-control wpcf7-textarea wpcf7-validates-as-required\" aria-required=\"true\" aria-invalid=\"false\" placeholder=\"Deine Nachricht\" name=\"your-message\"><\/textarea><\/span> <\/label>\n\t<\/p>\n<\/div>\n<div>\n\t<p><span class=\"wpcf7-form-control-wrap\" data-name=\"politica-privacidade\"><span class=\"wpcf7-form-control wpcf7-acceptance\"><span class=\"wpcf7-list-item\"><label><input type=\"checkbox\" name=\"politica-privacidade\" value=\"1\" checked=\"checked\" aria-invalid=\"false\" \/><span class=\"wpcf7-list-item-label\">Gem\u00e4\u00df den Bestimmungen der aktuellen Datenschutzgesetzgebung erkl\u00e4re ich meine Zustimmung, dass Bio4Plas meine Daten f\u00fcr zuk\u00fcnftige Kontakte verwendet.<\/span><\/label><\/span><\/span><\/span><br \/>\n<input class=\"wpcf7-form-control wpcf7-submit has-spinner\" type=\"submit\" value=\"einreichen\" \/>\n\t<\/p>\n<\/div><div class=\"wpcf7-response-output\" aria-hidden=\"true\"><\/div>\n<input type=\"hidden\" name=\"trp-form-language\" value=\"de\"\/><\/form>\n<\/div>\n<\/div><\/div><\/div><\/div><div class=\"grve-background-wrapper\"><\/div><\/div><div class=\"grve-section grve-row-section grve-fullwidth-background grve-padding-top-3x grve-bg-none\" id=\"contact\"><div class=\"grve-container\"><div class=\"grve-row grve-bookmark grve-columns-gap-30\"><div class=\"grve-column wpb_column grve-column-1\" ><div class=\"grve-column-wrapper\" ><h2 class=\"grve-element grve-title grve-align-center grve-h1\" style=\"margin-bottom: 24px;\"><span>Wo sind wir<\/span><\/h2><\/div><\/div><div class=\"grve-column wpb_column grve-column-1 grve-clipping-animation grve-colored-clipping-right grve-colored-clipping\"  data-delay=\"100\"  data-clipping-color=\"primary-2\" ><div class=\"grve-column-wrapper\" ><div class=\"grve-map-wrapper\"><div class=\"grve-element grve-map\" data-lat=\"40.35902298493618\" data-lng=\"-8.610756199538045\" data-zoom=\"17\" data-disable-style=\"no\" style=\"height: 500px;\"><\/div>  <div style=\"display:none\" class=\"grve-map-point\" data-point-marker=\"\/\/bio4plas.com\/wp-content\/themes\/movedo\/images\/markers\/transparent.png\" data-point-lat=\"40.35902298493618\" data-point-lng=\"-8.610756199538045\" data-point-title=\"\" data-point-type=\"pulse-dot\" data-point-marker-width=\"\" data-point-marker-height=\"\" data-point-bg-color=\"primary-6\"><\/div><\/div><\/div><\/div><div class=\"grve-column wpb_column grve-column-1-3 grve-tablet-column-1-4 grve-tablet-sm-column-1-6\" ><div class=\"grve-column-wrapper\" ><\/div><\/div><div class=\"grve-column wpb_column grve-column-1-3 grve-tablet-column-1-2 grve-tablet-sm-column-2-3 grve-custom-position grve-top-minus-3x grve-clipping-animation grve-colored-clipping-down grve-colored-clipping\"  data-delay=\"100\"  data-clipping-color=\"primary-1\" ><div class=\"grve-column-wrapper vc_custom_1606323585808 grve-shadow-large grve-with-shadow\" ><div class=\"grve-element grve-text\">\r\n\t\t\t<p style=\"text-align: center;\">Industriegebiet Cantanhede<br \/>\nLot 61<br \/>\n3060 - 197 Cantanhede<\/p>\n\r\n\t\t<\/div>\r\n\t<\/div><\/div><div class=\"grve-column wpb_column grve-column-1-3 grve-tablet-column-1-4 grve-tablet-sm-column-1-6\" ><div class=\"grve-column-wrapper\" ><\/div><\/div><\/div><\/div><div class=\"grve-background-wrapper\"><\/div><\/div>","protected":false},"excerpt":{"rendered":"Bio4Plas info@bio4plas.com +352 231 028 828 (Festnetz) Wie k\u00f6nnen wir Ihnen helfen? Gem\u00e4\u00df den geltenden Datenschutzbestimmungen erkl\u00e4re ich mich damit einverstanden, dass Bio4Plas meine Daten f\u00fcr zuk\u00fcnftige Kontaktaufnahmen verwendet. Wo wir sind: Industriegebiet Cantanhede, Grundst\u00fcck 61, 3060 - 197 Cantanhede","protected":false},"author":1,"featured_media":0,"parent":0,"menu_order":0,"comment_status":"closed","ping_status":"closed","template":"","meta":{"footnotes":""},"class_list":["post-156","page","type-page","status-publish","hentry"],"_links":{"self":[{"href":"https:\/\/bio4plas.com\/de\/wp-json\/wp\/v2\/pages\/156","targetHints":{"allow":["GET"]}}],"collection":[{"href":"https:\/\/bio4plas.com\/de\/wp-json\/wp\/v2\/pages"}],"about":[{"href":"https:\/\/bio4plas.com\/de\/wp-json\/wp\/v2\/types\/page"}],"author":[{"embeddable":true,"href":"https:\/\/bio4plas.com\/de\/wp-json\/wp\/v2\/users\/1"}],"replies":[{"embeddable":true,"href":"https:\/\/bio4plas.com\/de\/wp-json\/wp\/v2\/comments?post=156"}],"version-history":[{"count":14,"href":"https:\/\/bio4plas.com\/de\/wp-json\/wp\/v2\/pages\/156\/revisions"}],"predecessor-version":[{"id":21105,"href":"https:\/\/bio4plas.com\/de\/wp-json\/wp\/v2\/pages\/156\/revisions\/21105"}],"wp:attachment":[{"href":"https:\/\/bio4plas.com\/de\/wp-json\/wp\/v2\/media?parent=156"}],"curies":[{"name":"wp","href":"https:\/\/api.w.org\/{rel}","templated":true}]}}