{"id":213,"date":"2021-05-20T10:54:09","date_gmt":"2021-05-20T10:54:09","guid":{"rendered":"https:\/\/bio4plas.com\/?page_id=213"},"modified":"2024-01-16T11:20:00","modified_gmt":"2024-01-16T11:20:00","slug":"politica-de-qualidade-ambiente-e-seguranca","status":"publish","type":"page","link":"https:\/\/bio4plas.com\/de\/politica-de-qualidade-ambiente-e-seguranca\/","title":{"rendered":"Qualit\u00e4ts-, Umwelt- und Sicherheitspolitik"},"content":{"rendered":"<div class=\"grve-section grve-row-section grve-fullwidth-background grve-padding-top-1x grve-padding-bottom-1x grve-bg-none\"><div class=\"grve-container\"><div class=\"grve-row grve-bookmark grve-columns-gap-30\"><div class=\"grve-column wpb_column grve-column-1\" ><div class=\"grve-column-wrapper\" ><div class=\"grve-element grve-text\">\r\n\t\t\t<p>Bio4Plas Management, um ein Referenzunternehmen im Bereich der Herstellung von Biokompositen zu sein, definiert seine Politik und setzt seine Strategie auf der Grundlage der folgenden Prinzipien um:<\/p>\n<ol>\n<li>Erf\u00fcllen Sie die Anforderungen des Kunden und \u00fcbertreffen Sie, wenn m\u00f6glich, seine Erwartungen aufgrund der Qualit\u00e4t und Innovation der angebotenen Produkte und Dienstleistungen.<\/li>\n<li>Gew\u00e4hrleistung der Rentabilit\u00e4t, Wettbewerbsf\u00e4higkeit und nachhaltigen Entwicklung des Unternehmens durch st\u00e4ndige und kontinuierliche Verbesserung der Produktionsprozesse und die Entwicklung innovativer L\u00f6sungen mit hohem Mehrwert.<\/li>\n<li>Stellen Sie sicher, dass die aktuellen Gesetze und Vorschriften eingehalten werden, und halten Sie Aktivit\u00e4ten und Prozesse dauerhaft im Einklang mit den geltenden Umwelt- und Sicherheitsanforderungen sowie anderen Anforderungen, denen sich die Organisation anschlie\u00dft.<\/li>\n<li>Analysieren und kontrollieren Sie die Risiken und Chancen, die sich auf die Einhaltung der Servicebestimmungen, die Umweltauswirkungen sowie die Sicherheit und Gesundheit der Mitarbeiter auswirken k\u00f6nnen.<\/li>\n<li>\u00dcberwachung und Kontrolle wesentlicher Umweltaspekte mit dem Ziel, die Umweltauswirkungen aller Aktivit\u00e4ten zu minimieren und zu verhindern, insbesondere im Hinblick auf die Vermeidung von Umweltverschmutzung, den effizienten Einsatz von Ressourcen, die Erhaltung der biologischen Vielfalt und die Energieeffizienz.<\/li>\n<li>Identifizieren, bewerten, kontrollieren und sensibilisieren Sie alle Mitarbeiter f\u00fcr die Risiken, denen sie ausgesetzt sein k\u00f6nnen, und sorgen Sie so f\u00fcr die Verhinderung von Arbeitsunf\u00e4llen und Berufskrankheiten.<\/li>\n<li>F\u00f6rderung des Bewusstseins, der Schulung und der Motivation aller Mitarbeiter.<\/li>\n<li>Etablieren Sie einen internen und externen Kommunikationsprozess mit dem Ziel, Mitarbeiter und alle interessierten Parteien zu informieren und einzubeziehen.<\/li>\n<li>Kontinuierliche Verbesserung der Leistung des Qualit\u00e4ts-, Umwelt- und Sicherheitsmanagementsystems, um die festgelegten Ziele zu erreichen.<\/li>\n<\/ol>\n<p>Datum: 07.03.2021<\/p>\n\r\n\t\t<\/div>\r\n\t<\/div><\/div><\/div><\/div><div class=\"grve-background-wrapper\"><\/div><\/div>","protected":false},"excerpt":{"rendered":"A Ger\u00eancia da Bio4Plas, com a finalidade de ser uma empresa de refer\u00eancia na \u00e1rea da produ\u00e7\u00e3o de biocomp\u00f3sitos, define a sua pol\u00edtica e implementa a sua estrat\u00e9gia baseada nos seguintes princ\u00edpios: Satisfazer os requisitos do cliente e, se poss\u00edvel, exceder as suas expectativas, pela qualidade e inova\u00e7\u00e3o dos produtos e servi\u00e7os prestados. Assegurar a [...]","protected":false},"author":1,"featured_media":0,"parent":0,"menu_order":0,"comment_status":"closed","ping_status":"closed","template":"","meta":{"footnotes":""},"class_list":["post-213","page","type-page","status-publish","hentry"],"_links":{"self":[{"href":"https:\/\/bio4plas.com\/de\/wp-json\/wp\/v2\/pages\/213","targetHints":{"allow":["GET"]}}],"collection":[{"href":"https:\/\/bio4plas.com\/de\/wp-json\/wp\/v2\/pages"}],"about":[{"href":"https:\/\/bio4plas.com\/de\/wp-json\/wp\/v2\/types\/page"}],"author":[{"embeddable":true,"href":"https:\/\/bio4plas.com\/de\/wp-json\/wp\/v2\/users\/1"}],"replies":[{"embeddable":true,"href":"https:\/\/bio4plas.com\/de\/wp-json\/wp\/v2\/comments?post=213"}],"version-history":[{"count":3,"href":"https:\/\/bio4plas.com\/de\/wp-json\/wp\/v2\/pages\/213\/revisions"}],"predecessor-version":[{"id":11778,"href":"https:\/\/bio4plas.com\/de\/wp-json\/wp\/v2\/pages\/213\/revisions\/11778"}],"wp:attachment":[{"href":"https:\/\/bio4plas.com\/de\/wp-json\/wp\/v2\/media?parent=213"}],"curies":[{"name":"wp","href":"https:\/\/api.w.org\/{rel}","templated":true}]}}