{"id":3,"date":"2020-11-22T22:19:46","date_gmt":"2020-11-22T22:19:46","guid":{"rendered":"https:\/\/bio4plas.com\/?page_id=3"},"modified":"2021-12-10T09:46:17","modified_gmt":"2021-12-10T09:46:17","slug":"politica-de-privacidade-cookies","status":"publish","type":"page","link":"https:\/\/bio4plas.com\/de\/politica-de-privacidade-cookies\/","title":{"rendered":"Datenschutzerkl\u00e4rung \/ Cookies"},"content":{"rendered":"<div class=\"grve-section grve-row-section grve-fullwidth-background grve-padding-top-1x grve-padding-bottom-1x grve-bg-none\"><div class=\"grve-container\"><div class=\"grve-row grve-bookmark grve-columns-gap-30\"><div class=\"grve-column wpb_column grve-column-1\" ><div class=\"grve-column-wrapper\" ><div class=\"grve-element grve-text\">\r\n\t\t\t<p>Bio4Plas ist die f\u00fcr die Verarbeitung personenbezogener Daten verantwortliche Stelle und \u00fcbernimmt dauerhaft die \u00f6ffentliche Verpflichtung, in \u00dcbereinstimmung mit den geltenden und geltenden nationalen und gemeinschaftlichen Rechtsvorschriften zu handeln.<\/p>\n<p><span style=\"font-weight: 400;\">Die personenbezogenen Daten unserer Kunden werden ausschlie\u00dflich verarbeitet, weil sie f\u00fcr die Erstellung von Budgets, Vertragsabschluss und -durchf\u00fchrung, Liefersteuerung und Auftrags\u00fcberwachung, After-Sales-Service, Erf\u00fcllung gesetzlicher Verpflichtungen erforderlich sind oder Gegenstand einer Einwilligung waren.<\/span><\/p>\n<p><span style=\"font-weight: 400;\">Personenbezogene Daten, die von Kunden bereitgestellt oder durch die Nutzung von Dienstleistungen oder den Kauf von Waren erzeugt werden, werden computergesteuert verarbeitet und gespeichert und sind f\u00fcr die Verwendung durch die Bio4Plas-Website bestimmt f\u00fcr: Marketing und Verkauf, Kundenverwaltung, Buchhaltung, Steuer- und Verwaltungsverwaltung, Rechtsstreitigkeiten Verwaltung und im Allgemeinen die Einhaltung allgemeiner Verpflichtungen.<\/span><\/p>\n<p><span style=\"font-weight: 400;\">Die Verarbeitung der Daten zu Marketingzwecken erfolgt gem\u00e4\u00df der Einwilligungsm\u00f6glichkeit des Kunden. Diese Zustimmung muss zuvor, kostenlos, informiert, spezifisch und eindeutig sein und muss in einer schriftlichen Erkl\u00e4rung erfolgen, die in Form einer Best\u00e4tigung einer Option erfolgen kann. Der Verarbeitung der Daten zu Marketingzwecken kann jederzeit schriftlich widersprochen werden.<\/span><\/p>\n<p><span style=\"font-weight: 400;\">Personenbezogene Daten werden je nach Zweckbestimmung nach den jeweiligen gesetzlichen Kriterien unter Beachtung der Grunds\u00e4tze der Erforderlichkeit und Minimierung der Aufbewahrungsfrist unterschiedlich lange aufbewahrt.<\/span><\/p>\n<p><span style=\"font-weight: 400;\">Bio4Plas kann f\u00fcr die Verarbeitung personenbezogener Daten Subunternehmer einsetzen, n\u00e4mlich f\u00fcr Werbekampagnen, Marketing, Verwaltung von Kundenkonten, Rechnungsstellung, Warentransport, Lieferungen und Kundendienst, Buchhaltung, Prozessmanagement, Gehaltsabrechnung, Gesundheit und Sicherheit bei Arbeitsdienste, unter anderem, wobei diese Einrichtungen verpflichtet sind, Datenschutzma\u00dfnahmen zu entwickeln und die Verteidigung der Rechte der Inhaber zu gew\u00e4hrleisten.<\/span><\/p>\n<p><span style=\"font-weight: 400;\">Bio4Plas garantiert allen betroffenen Personen Zugang, Berichtigung, Widerspruch, L\u00f6schung, Einschr\u00e4nkung und \u00dcbertragbarkeit der bereitgestellten Daten.<\/span><\/p>\n<p><span style=\"font-weight: 400;\">Die Aus\u00fcbung dieser Rechte muss durch Kontaktaufnahme \u00fcber die <\/span><a href=\"mailto:info@bio4plas.com\"><span style=\"font-weight: 400;\">info@bio4plas.com<\/span><\/a><\/p>\n<p><span style=\"font-weight: 400;\">Alle betroffenen Personen haben das Recht, eine Beschwerde direkt bei der NATIONALEN DATENSCHUTZKOMMISSION einzureichen.<\/span><\/p>\n<h3><b>Die Werbungen<\/b><\/h3>\n<p><span style=\"font-weight: 400;\">Wie andere Websites sammeln und verwenden wir Informationen, die in Anzeigen enthalten sind. Die in den Anzeigen enthaltenen Informationen umfassen Ihre IP-Adresse (Internet Protocol), Ihren ISP (Internet Service Provider wie NOS, MEO oder andere), den Browser, den Sie beim Besuch unserer Website verwendet haben (wie Internet Explorer oder Firefox), die Uhrzeit Ihres Besuchs und welche Seiten Sie innerhalb unserer Website besucht haben.<\/span><\/p>\n<h3><b>Cookies und Web-Beacons<\/b><\/h3>\n<p><span style=\"font-weight: 400;\">Wir verwenden Cookies, um Informationen wie Ihre pers\u00f6nlichen Pr\u00e4ferenzen beim Besuch unserer Website zu speichern. Dies kann ein einfaches Popup oder ein Link zu verschiedenen von uns angebotenen Diensten sein, wie beispielsweise Foren.<\/span> <span style=\"font-weight: 400;\">Dar\u00fcber hinaus verwenden wir auf unserer Website auch Werbung von Drittanbietern, um die Wartungskosten zu unterst\u00fctzen. Einige dieser Werbetreibenden k\u00f6nnen bei der Werbung auf unserer Website Technologien wie Cookies und\/oder Web Beacons verwenden, die dazu f\u00fchren, dass diese Werbetreibenden (z. B. Google \u00fcber Google AdSense) auch Ihre personenbezogenen Daten erhalten, wie z , Ihr Browser usw. Diese Funktion wird im Allgemeinen f\u00fcr Geotargeting (z. B. Werbung aus Lissabon nur f\u00fcr Leser aus Lissabon anzeigen) oder Display-Werbung verwendet, die auf einen Benutzertyp ausgerichtet ist (wie z. B. Restaurantwerbung f\u00fcr einen Benutzer, der regelm\u00e4\u00dfig Kochseiten besucht, z. B. ).<\/span> <span style=\"font-weight: 400;\">Bio4Plas ist bestrebt, sowohl Ihr Online-Erlebnis als auch Ihre Interaktion mit unserer Website informativ und relevant zu gestalten und Ihnen das bestm\u00f6gliche Erlebnis w\u00e4hrend Ihres Online-Besuchs zu bieten. Eine M\u00f6glichkeit besteht darin, durch die Verwendung von Cookies (eigene und Drittanbieter) Informationen \u00fcber Ihren Besuch auf unserer Website auf Ihrem Computer zu speichern. Diese Informationen sind f\u00fcr die korrekte Funktion der Website erforderlich.<\/span><\/p>\n<p><b><i>Was sind Kekse?<\/i><\/b><\/p>\n<p><span style=\"font-weight: 400;\">Einer <\/span><b><i>Pl\u00e4tzchen<\/i><\/b> <span style=\"font-weight: 400;\">ist eine Datei, die von Ihrem Computer, Mobiltelefon oder anderen Ger\u00e4ten (im Folgenden als Ger\u00e4te bezeichnet) heruntergeladen wird, wenn Sie auf unsere Website zugreifen oder unsere Anwendung verwenden. Das Cookie erm\u00f6glicht es uns, Informationen \u00fcber Ihre Surfgewohnheiten oder die Ger\u00e4te, auf die Sie zugreifen, im Allgemeinen anonym und abh\u00e4ngig von den darin enthaltenen Informationen zu speichern und abzurufen, wenn Sie zuvor registriert sind, um Sie als Kunde oder Benutzer zu identifizieren.<\/span> <span style=\"font-weight: 400;\">Die erhaltenen Informationen beziehen sich auf die Anzahl der von Ihnen besuchten Seiten, die Sprache, den Ort, von dem aus Sie zugreifen, die Anzahl der neuen Benutzer, die H\u00e4ufigkeit und Anzahl der Besuche, die Dauer des Besuchs, den Browser oder die Ausr\u00fcstung, die Sie beim Besuch verwenden auf der Website oder in unserer Anwendung.<\/span><\/p>\n<p><b>Welche Arten von Cookies werden auf unserer Website verwendet?<\/b><\/p>\n<p><i><span style=\"font-weight: 400;\">eigene Cookies<\/span><\/i><\/p>\n<p><span style=\"font-weight: 400;\">Sind diejenigen, die von einer von uns betriebenen Dom\u00e4ne oder einem von uns betriebenen Computer an Ihren Computer gesendet werden.<\/span><\/p>\n<p><i><span style=\"font-weight: 400;\">Drittanbieter-Cookies<\/span><\/i><\/p>\n<p><span style=\"font-weight: 400;\">Sind diejenigen, die von einem Computer oder einer Dom\u00e4ne an Ihren Computer gesendet werden, die nicht von uns betrieben wird, sondern von einer anderen Stelle, die die durch Cookies erhaltenen Daten verarbeitet.<\/span><\/p>\n<p><i><span style=\"font-weight: 400;\">Sitzungscookies<\/span><\/i><\/p>\n<p><span style=\"font-weight: 400;\">Sie sind eine Art von Cookie, die ablaufen, wenn Sie sich von unserer Website abmelden.<\/span><\/p>\n<p><i><span style=\"font-weight: 400;\">dauerhafte Cookies<\/span><\/i><\/p>\n<p><span style=\"font-weight: 400;\">Dabei handelt es sich um eine Art von Cookies, die auf Ihrem Computer f\u00fcr einen Zeitraum gespeichert werden, der von einigen Minuten bis zu mehreren Jahren variieren kann.<\/span><\/p>\n<p><i><span style=\"font-weight: 400;\">Analyse-Cookies<\/span><\/i><\/p>\n<p><span style=\"font-weight: 400;\">Es handelt sich um solche, die entweder von uns oder von Dritten verarbeitet werden und die es uns erm\u00f6glichen, die Anzahl der Besuche und die Nutzung durch die Benutzer auf unserer Website zu quantifizieren, um ihre Nutzung zu messen und statistisch zu analysieren und die festgestellten L\u00fccken zu schlie\u00dfen und zu erleichtern die Nutzung unserer Website.<\/span><\/p>\n<p><i><span style=\"font-weight: 400;\">Werbe-Cookies<\/span><\/i><\/p>\n<p><span style=\"font-weight: 400;\">Wenn Sie die Seiten unserer Website besuchen, E-Mails senden oder eine Anwendung ausf\u00fchren, in der wir Werbung f\u00fcr unsere Produkte oder Dienstleistungen ver\u00f6ffentlichen, um die Wirksamkeit der Werbung zu steuern und zu \u00fcberwachen, werden in Ihrem Browser oder Computer Cookies installiert, die zur Messung verwendet werden, z Beispiel , wie oft die Anzeigen gesehen wurden und wo sie erscheinen, wann sie gesehen werden, wo oder ob Sie sie noch nie gesehen haben.<\/span><\/p>\n<p><i><span style=\"font-weight: 400;\">Verhaltensbezogene Werbe-Cookies<\/span><\/i><\/p>\n<p><span style=\"font-weight: 400;\">Es handelt sich um eine Art von Cookies, die verwendet werden, um Informationen \u00fcber das Verhalten der Benutzer zu speichern und abzurufen, die durch Beobachtung ihrer Surfgewohnheiten erhalten werden, die die Entwicklung eines spezifischen Profils erm\u00f6glichen, um dem Benutzer darauf basierende Werbung anzuzeigen.<\/span><\/p>\n<p><b>Erneuerung und Beseitigung von Cookies<\/b><\/p>\n<p><span style=\"font-weight: 400;\">Bei den meisten Browsern k\u00f6nnen Sie die meisten Cookies \u00fcber ihre Einstellungen steuern.<\/span> <span style=\"font-weight: 400;\">Wenn Sie m\u00f6chten, k\u00f6nnen Sie die auf Ihrem Computer installierten Cookies zulassen, blockieren oder l\u00f6schen, indem Sie die Optionen des auf Ihrem Computer installierten Browsers oder die Datenschutzeinstellungen Ihres Computers konfigurieren.<\/span> <span style=\"font-weight: 400;\">Informationen dazu finden Sie beispielsweise bei der Verwendung als Browser:<\/span><\/p>\n<ul>\n<li style=\"font-weight: 400;\"><span style=\"font-weight: 400;\">Firefox vom Aktivieren und Deaktivieren der Cookies, die Websites verwenden, um Ihre Einstellungen zu verfolgen | Hilfe Firefox<\/span><\/li>\n<li style=\"font-weight: 400;\"><span style=\"font-weight: 400;\">Chrome von So verwalten Sie Cookies und Websites<\/span><\/li>\n<li style=\"font-weight: 400;\"><span style=\"font-weight: 400;\">Explorer vom Verwalten von Cookies im Internet Explorer<\/span><\/li>\n<li style=\"font-weight: 400;\"><span style=\"font-weight: 400;\">Safari von Safari 8 (Yosemite): Verwalten Sie Cookies und Website-Daten<\/span><\/li>\n<li style=\"font-weight: 400;\"><span style=\"font-weight: 400;\">Opera vom Cookie-Administrator<\/span><\/li>\n<\/ul>\n<p><i><span style=\"font-weight: 400;\">Weitere Informationen zu Cookies<\/span><\/i><\/p>\n<p><span style=\"font-weight: 400;\">Allgemeine Informationen zum Blockieren und Entfernen von Cookies: <\/span><a href=\"http:\/\/www.aboutcookies.org\/\"><span style=\"font-weight: 400;\">http:\/\/www.aboutcookies.org\/<\/span><\/a><\/p>\n<p><span style=\"font-weight: 400;\">Sie k\u00f6nnen die Verwendung von Cookies ablehnen, indem Sie die entsprechenden Einstellungen in Ihrem Browser vornehmen. Beachten Sie jedoch, dass Sie durch die Nichtannahme von Cookies m\u00f6glicherweise nicht alle Vorteile der jeweiligen Websites nutzen k\u00f6nnen.<\/span><\/p>\n<p><b>Kategorie 1: <\/b><b><i>Kekse<\/i><\/b><b> unbedingt notwendig<\/b><\/p>\n<p><span style=\"font-weight: 400;\">Diese Cookies sind unerl\u00e4sslich, um auf der Website navigieren und ihre Funktionen nutzen zu k\u00f6nnen, z. B. den Zugriff auf sichere Bereiche der Website. Ohne diese Cookies k\u00f6nnen angeforderte Dienste wie Warenk\u00f6rbe oder elektronische Rechnungen nicht bereitgestellt werden.<\/span><\/p>\n<p><b>Kategorie 2: <\/b><b><i>Kekse<\/i><\/b><b> der Leistung<\/b><\/p>\n<p><span style=\"font-weight: 400;\">Diese Cookies sammeln Informationen dar\u00fcber, wie Besucher eine Website nutzen, beispielsweise welche Seiten von Besuchern am h\u00e4ufigsten aufgerufen werden und ob Fehlermeldungen von Webseiten eingehen.Diese Cookies sammeln keine Informationen, die einen Besucher identifizieren. Alle von diesen Cookies gesammelten Informationen werden kollektiv gespeichert und sind daher anonym. Diese werden nur verwendet, um die Funktionsweise einer Website zu verbessern.<\/span><\/p>\n<p><b>Kategorie 3:<\/b><b><i> Kekse<\/i><\/b><b> der Funktionalit\u00e4t<\/b><\/p>\n<p><span style=\"font-weight: 400;\">Diese Cookies erm\u00f6glichen es der Website, sich an die von Ihnen getroffenen Entscheidungen (wie Ihren Benutzernamen, die Sprache oder die Region, in der Sie sich befinden) zu erinnern und verbesserte und pers\u00f6nlichere Funktionen anzubieten. Beispielsweise kann eine Website Ihnen lokale Wettervorhersagen oder Verkehrsinformationen bereitstellen, indem sie Informationen \u00fcber die Region, in der Sie sich gerade befinden, in einem Cookie speichert. Diese Cookies k\u00f6nnen auch verwendet werden, um \u00c4nderungen zu speichern, die Sie an Textgr\u00f6\u00dfe, Schriftarten und anderen Teilen von Webseiten vorgenommen haben, die angepasst werden k\u00f6nnen. Sie k\u00f6nnen auch verwendet werden, um von Ihnen angeforderte Dienste bereitzustellen, wie z. B. das Ansehen eines Videos oder das Kommentieren eines Blogs. Die von diesen Cookies gesammelten Informationen k\u00f6nnen anonym verarbeitet werden und es ist nicht gestattet, Ihre Surfaktivit\u00e4ten auf anderen Websites anzuzeigen.<\/span><\/p>\n<p><b>Kategorie 4:<\/b><b><i> Kekse<\/i><\/b><b> Targeting- oder Werbe-Cookies<\/b><\/p>\n<p><span style=\"font-weight: 400;\">Diese Cookies werden verwendet, um Werbung zu liefern, die f\u00fcr Sie relevanter ist und Ihren Interessen entspricht. Diese werden auch verwendet, um die H\u00e4ufigkeit zu begrenzen, mit der Sie eine Anzeige sehen, und um die Wirksamkeit der Werbekampagne zu messen. Diese werden in der Regel von Werbenetzwerken mit Erlaubnis des Websitebetreibers platziert. Sie zeichnen auf, dass Sie eine bestimmte Website besucht haben, und diese Informationen werden an andere Organisationen, wie z. B. Werbetreibende, weitergegeben. Targeting- oder Werbe-Cookies sind h\u00e4ufig mit Website-Funktionen verkn\u00fcpft, die von der anderen Organisation bereitgestellt werden. Diese Cookies sammeln keine Informationen, die einen Besucher identifizieren.<\/span><\/p>\n<p><i><span style=\"font-weight: 400;\">Drittanbieter-Cookies<\/span><\/i><\/p>\n<p><span style=\"font-weight: 400;\">Sie \u00e4hneln \u201edirekten\u201c Cookies, stammen jedoch aus einer anderen Domain (nicht mit Bio4Plas verbunden\/verbunden mit Bio4Plas) als der, die Sie besuchen. Diese Unternehmen (nicht mit Bio4Plas verbunden\/verbunden) k\u00f6nnen auch Cookies auf Ihrem Ger\u00e4t platzieren, wenn Sie die Bio4Plas-Website besuchen.<\/span><\/p>\n<p><b>Google Analytics<\/b><\/p>\n<p><span style=\"font-weight: 400;\">Google Analytics verwendet \u201eCookies\u201c, um Informationen \u00fcber die Nutzung der vom Benutzer besuchten Websites zu sammeln und zu analysieren. Um mehr \u00fcber Google Analytics-Cookies und deren Verwendung durch Google Inc. zu erfahren, k\u00f6nnen Sie die Informationen zur Verwendung von Cookies durch Google einsehen unter:<\/span><\/p>\n<p><a href=\"https:\/\/policies.google.com\/technologies\/cookies?hl=pt\"><span style=\"font-weight: 400;\">https:\/\/policies.google.com\/technologies\/cookies?hl=pt<\/span><\/a><span style=\"font-weight: 400;\"> und <\/span><a href=\"https:\/\/support.google.com\/analytics\/answer\/6004245\"><span style=\"font-weight: 400;\">https:\/\/support.google.com\/analytics\/answer\/6004245<\/span><\/a><\/p>\n<p><span style=\"font-weight: 400;\">In Bezug auf Addthis-Cookies besteht die M\u00f6glichkeit, sich \u00fcber den folgenden Link abzumelden: <\/span><a href=\"http:\/\/www.addthis.com\/privacy\/opt-out\"><span style=\"font-weight: 400;\">http:\/\/www.addthis.com\/privacy\/opt-out<\/span><\/a><\/p>\n<p><span style=\"font-weight: 400;\">Die meisten Browser (Internet Explorer, Firefox, Chrome) k\u00f6nnen Ihnen zeigen, wie Sie neue Cookies verhindern, benachrichtigt werden, wenn Sie ein neues Cookie erhalten und wie Sie vorhandene Cookies deaktivieren und\/oder l\u00f6schen.<\/span><\/p>\n<p><span style=\"font-weight: 400;\">Bitte beachten Sie jedoch, dass Sie durch die Nichtannahme von Cookies m\u00f6glicherweise nicht alle Funktionen dieser Website vollumf\u00e4nglich werden nutzen k\u00f6nnen.<\/span><\/p>\n<h3><b>Links zu Websites von Drittanbietern<\/b><\/h3>\n<p><span style=\"font-weight: 400;\">Die Bio4Plas-Website enth\u00e4lt Links zu anderen Websites, die unserer Ansicht nach n\u00fctzliche Informationen \/ Tools f\u00fcr unsere Besucher enthalten k\u00f6nnen. Unsere Datenschutzrichtlinie gilt nicht f\u00fcr Websites von Drittanbietern. Wenn Sie also eine andere Website von uns besuchen, sollten Sie deren Datenschutzrichtlinie lesen.<\/span> <span style=\"font-weight: 400;\">Wir sind nicht verantwortlich f\u00fcr die Datenschutzrichtlinien oder den Inhalt dieser Seiten.<\/span><\/p>\n\r\n\t\t<\/div>\r\n\t<\/div><\/div><\/div><\/div><div class=\"grve-background-wrapper\"><\/div><\/div>","protected":false},"excerpt":{"rendered":"Bio4Plas \u00e9 a entidade respons\u00e1vel pelo tratamento dos dados pessoais e assume permanentemente o compromisso p\u00fablico de atuar em conformidade com a legisla\u00e7\u00e3o nacional e comunit\u00e1ria em vigor e aplic\u00e1vel. Os dados pessoais dos nossos clientes s\u00e3o tratados, exclusivamente, por se mostrarem necess\u00e1rios \u00e0 elabora\u00e7\u00e3o de or\u00e7amentos, celebra\u00e7\u00e3o e execu\u00e7\u00e3o de contratos, gest\u00e3o de entregas [...]","protected":false},"author":1,"featured_media":0,"parent":0,"menu_order":0,"comment_status":"closed","ping_status":"open","template":"","meta":{"footnotes":""},"class_list":["post-3","page","type-page","status-publish","hentry"],"_links":{"self":[{"href":"https:\/\/bio4plas.com\/de\/wp-json\/wp\/v2\/pages\/3","targetHints":{"allow":["GET"]}}],"collection":[{"href":"https:\/\/bio4plas.com\/de\/wp-json\/wp\/v2\/pages"}],"about":[{"href":"https:\/\/bio4plas.com\/de\/wp-json\/wp\/v2\/types\/page"}],"author":[{"embeddable":true,"href":"https:\/\/bio4plas.com\/de\/wp-json\/wp\/v2\/users\/1"}],"replies":[{"embeddable":true,"href":"https:\/\/bio4plas.com\/de\/wp-json\/wp\/v2\/comments?post=3"}],"version-history":[{"count":3,"href":"https:\/\/bio4plas.com\/de\/wp-json\/wp\/v2\/pages\/3\/revisions"}],"predecessor-version":[{"id":9077,"href":"https:\/\/bio4plas.com\/de\/wp-json\/wp\/v2\/pages\/3\/revisions\/9077"}],"wp:attachment":[{"href":"https:\/\/bio4plas.com\/de\/wp-json\/wp\/v2\/media?parent=3"}],"curies":[{"name":"wp","href":"https:\/\/api.w.org\/{rel}","templated":true}]}}