{"id":698,"date":"2022-01-08T10:21:52","date_gmt":"2022-01-08T10:21:52","guid":{"rendered":"https:\/\/bio4plas.com\/?page_id=698"},"modified":"2026-03-12T12:29:46","modified_gmt":"2026-03-12T12:29:46","slug":"fichas-de-projeto","status":"publish","type":"page","link":"https:\/\/bio4plas.com\/de\/fichas-de-projeto\/","title":{"rendered":"Projektbl\u00e4tter"},"content":{"rendered":"<div class=\"grve-section grve-row-section grve-fullwidth-background grve-padding-top-6x grve-padding-bottom-6x grve-bg-none\"><div class=\"grve-container\"><div class=\"grve-row grve-bookmark grve-columns-gap-60\"><div class=\"grve-column wpb_column grve-column-1-2\" ><div class=\"grve-column-wrapper\" ><\/div><\/div><div class=\"grve-column wpb_column grve-column-1-2\" ><div class=\"grve-column-wrapper\" ><div class=\"grve-element grve-box-icon grve-large grve-top-icon grve-align-center\" style=\"\"><div class=\"grve-image-icon\"><img loading=\"lazy\" decoding=\"async\" width=\"157\" height=\"157\" src=\"https:\/\/bio4plas.com\/wp-content\/uploads\/2022\/01\/pt2020icon.png\" class=\"attachment-full size-full\" alt=\"\" srcset=\"https:\/\/bio4plas.com\/wp-content\/uploads\/2022\/01\/pt2020icon.png 157w, https:\/\/bio4plas.com\/wp-content\/uploads\/2022\/01\/pt2020icon-150x150.png 150w, https:\/\/bio4plas.com\/wp-content\/uploads\/2022\/01\/pt2020icon-12x12.png 12w\" sizes=\"auto, (max-width: 157px) 100vw, 157px\" \/><\/div><div class=\"grve-box-content\"><div class=\"grve-box-title-wrapper\"><h3 class=\"grve-box-title grve-h6\">ViTex: Integrierte Verwertung von Abf\u00e4llen aus der Weinproduktion f\u00fcr eine nachhaltige Landwirtschaft<\/h3><\/div>  <p class=\"\">Das in Kooperation mit anderen Organisationen durchgef\u00fchrte Projekt ViTex hat zum Ziel, dem beim Rebschnitt anfallenden Brennholz einen Mehrwert zu verleihen und es in n\u00fctzliche und nachhaltige Produkte umzuwandeln.<\/p><\/div><\/div><div class=\"grve-empty-space grve-height-1x\" style=\"\"><\/div><div class=\"grve-element grve-align-center\"><a href=\"https:\/\/bio4plas.com\/wp-content\/uploads\/2026\/03\/Ficha_de_OperacaoA4_COMPETE-2030_Plastirso.pdf\" title=\"Projektblatt\" target=\"_blank\" rel=\"noopener noreferrer\" class=\"grve-btn grve-btn-medium grve-square grve-bg-primary-1 grve-bg-hover-black grve-btn-line\"><span><i class=\"fa fa-brands fa-accessible-icon\"><\/i>Projektblatt<\/span><\/a><\/div><\/div><\/div><\/div><\/div><div class=\"grve-background-wrapper\"><\/div><\/div><div class=\"grve-section grve-row-section grve-fullwidth-background grve-padding-top-6x grve-padding-bottom-6x grve-bg-none\"><div class=\"grve-container\"><div class=\"grve-row grve-bookmark grve-columns-gap-60\"><div class=\"grve-column wpb_column grve-column-1-2\" ><div class=\"grve-column-wrapper\" ><div class=\"grve-element grve-box-icon grve-large grve-top-icon grve-align-center\" style=\"\"><div class=\"grve-image-icon\"><img loading=\"lazy\" decoding=\"async\" width=\"157\" height=\"157\" src=\"https:\/\/bio4plas.com\/wp-content\/uploads\/2022\/01\/pt2020icon.png\" class=\"attachment-full size-full\" alt=\"\" srcset=\"https:\/\/bio4plas.com\/wp-content\/uploads\/2022\/01\/pt2020icon.png 157w, https:\/\/bio4plas.com\/wp-content\/uploads\/2022\/01\/pt2020icon-150x150.png 150w, https:\/\/bio4plas.com\/wp-content\/uploads\/2022\/01\/pt2020icon-12x12.png 12w\" sizes=\"auto, (max-width: 157px) 100vw, 157px\" \/><\/div><div class=\"grve-box-content\"><div class=\"grve-box-title-wrapper\"><h3 class=\"grve-box-title grve-h6\">MehrHolz<\/h3><\/div>  <p class=\"\">Ziel des MoreWood-Projekts ist die Entwicklung von D\u00e4mmplatten aus Holz und Agrofasern auf biologischer Basis, die sich durch Leichtigkeit, einfache Handhabung und hervorragende mechanische Eigenschaften auszeichnen.<\/p><\/div><\/div><div class=\"grve-empty-space grve-height-1x\" style=\"\"><\/div><div class=\"grve-element grve-align-center\"><a href=\"https:\/\/bio4plas.com\/wp-content\/uploads\/2025\/09\/FichaProjeto_Bio4Plas_MoreWood_2-.pdf\" title=\"Projektblatt\" target=\"_blank\" rel=\"noopener noreferrer\" class=\"grve-btn grve-btn-medium grve-square grve-bg-primary-1 grve-bg-hover-black grve-btn-line\"><span><i class=\"fa fa-brands fa-accessible-icon\"><\/i>Projektblatt<\/span><\/a><\/div><\/div><\/div><div class=\"grve-column wpb_column grve-column-1-2\" ><div class=\"grve-column-wrapper\" ><div class=\"grve-element grve-box-icon grve-large grve-top-icon grve-align-center\" style=\"\"><div class=\"grve-image-icon\"><img loading=\"lazy\" decoding=\"async\" width=\"157\" height=\"157\" src=\"https:\/\/bio4plas.com\/wp-content\/uploads\/2022\/01\/pt2020icon.png\" class=\"attachment-full size-full\" alt=\"\" srcset=\"https:\/\/bio4plas.com\/wp-content\/uploads\/2022\/01\/pt2020icon.png 157w, https:\/\/bio4plas.com\/wp-content\/uploads\/2022\/01\/pt2020icon-150x150.png 150w, https:\/\/bio4plas.com\/wp-content\/uploads\/2022\/01\/pt2020icon-12x12.png 12w\" sizes=\"auto, (max-width: 157px) 100vw, 157px\" \/><\/div><div class=\"grve-box-content\"><div class=\"grve-box-title-wrapper\"><h3 class=\"grve-box-title grve-h6\">be@t \u2013 Bio\u00f6konomie in der Textilindustrie<\/h3><\/div>  <p class=\"\">Das be@t-Projekt hat das globale Ziel, eine wirklich innovative, nachhaltige und zirkul\u00e4re nationale Textil- und Bekleidungsindustrie zu schaffen und zu festigen.<\/p><\/div><\/div><div class=\"grve-empty-space grve-height-1x\" style=\"\"><\/div><div class=\"grve-element grve-align-center\"><a href=\"https:\/\/bio4plas.com\/wp-content\/uploads\/2023\/08\/FichaProjeto_Bio4Plas_BE@T.pdf\" title=\"Projektblatt\" target=\"_blank\" rel=\"noopener noreferrer\" class=\"grve-btn grve-btn-medium grve-square grve-bg-primary-1 grve-bg-hover-black grve-btn-line\"><span><i class=\"far fa-file-pdf\"><\/i>Projektblatt<\/span><\/a><\/div><\/div><\/div><\/div><\/div><div class=\"grve-background-wrapper\"><\/div><\/div><div class=\"grve-section grve-row-section grve-fullwidth-background grve-padding-top-6x grve-padding-bottom-6x grve-bg-none\"><div class=\"grve-container\"><div class=\"grve-row grve-bookmark grve-columns-gap-60\"><div class=\"grve-column wpb_column grve-column-1-2\" ><div class=\"grve-column-wrapper\" ><div class=\"grve-element grve-box-icon grve-large grve-top-icon grve-align-center\" style=\"\"><div class=\"grve-image-icon\"><img loading=\"lazy\" decoding=\"async\" width=\"157\" height=\"157\" src=\"https:\/\/bio4plas.com\/wp-content\/uploads\/2022\/01\/pt2020icon.png\" class=\"attachment-full size-full\" alt=\"\" srcset=\"https:\/\/bio4plas.com\/wp-content\/uploads\/2022\/01\/pt2020icon.png 157w, https:\/\/bio4plas.com\/wp-content\/uploads\/2022\/01\/pt2020icon-150x150.png 150w, https:\/\/bio4plas.com\/wp-content\/uploads\/2022\/01\/pt2020icon-12x12.png 12w\" sizes=\"auto, (max-width: 157px) 100vw, 157px\" \/><\/div><div class=\"grve-box-content\"><div class=\"grve-box-title-wrapper\"><h3 class=\"grve-box-title grve-h6\">Nachhaltige Kunststoffe \u2013 Mobilisierungsagenda f\u00fcr nachhaltige Kunststoffe<\/h3><\/div>  <p class=\"\">Die Sustainable Plastics Agenda ist die Mobilisierungsagenda f\u00fcr Kunststoffe in Portugal, die den \u00dcbergang des Sektors zu einer Kreislaufwirtschaft vorantreiben kann.<\/p><\/div><\/div><div class=\"grve-empty-space grve-height-1x\" style=\"\"><\/div><div class=\"grve-element grve-align-center\"><a href=\"https:\/\/bio4plas.com\/wp-content\/uploads\/2023\/07\/FichaProjeto_Bio4Plas_SP_2.0.pdf\" title=\"Projektblatt\" target=\"_blank\" rel=\"noopener noreferrer\" class=\"grve-btn grve-btn-medium grve-square grve-bg-primary-1 grve-bg-hover-black grve-btn-line\"><span><i class=\"far fa-file-pdf\"><\/i>Projektblatt<\/span><\/a><\/div><\/div><\/div><div class=\"grve-column wpb_column grve-column-1-2\" ><div class=\"grve-column-wrapper\" ><div class=\"grve-element grve-box-icon grve-large grve-top-icon grve-align-center\" style=\"\"><div class=\"grve-image-icon\"><img loading=\"lazy\" decoding=\"async\" width=\"157\" height=\"157\" src=\"https:\/\/bio4plas.com\/wp-content\/uploads\/2022\/01\/pt2020icon.png\" class=\"attachment-full size-full\" alt=\"\" srcset=\"https:\/\/bio4plas.com\/wp-content\/uploads\/2022\/01\/pt2020icon.png 157w, https:\/\/bio4plas.com\/wp-content\/uploads\/2022\/01\/pt2020icon-150x150.png 150w, https:\/\/bio4plas.com\/wp-content\/uploads\/2022\/01\/pt2020icon-12x12.png 12w\" sizes=\"auto, (max-width: 157px) 100vw, 157px\" \/><\/div><div class=\"grve-box-content\"><div class=\"grve-box-title-wrapper\"><h3 class=\"grve-box-title grve-h6\">PRODUTECH R3 \u2013 Erholung-Resilienz-Reindustrialisierung<\/h3><\/div>  <p class=\"\">Das Projekt PRODUTECH R3 zielt darauf ab, einen strukturellen Wandel im Bereich Produktionstechnologien (FTP) herbeizuf\u00fchren und es ihm zu erm\u00f6glichen, die erheblichen Investitionen zu nutzen, die die Branche mit dem gr\u00fcnen und digitalen Wandel t\u00e4tigen wird, die Abh\u00e4ngigkeit von externen Technologien zu verringern, die im Land generierte Wertsch\u00f6pfung zu erh\u00f6hen und zu einer \u00c4nderung der Spezialisierung der portugiesischen Wirtschaft beizutragen.<\/p><\/div><\/div><div class=\"grve-empty-space grve-height-1x\" style=\"\"><\/div><div class=\"grve-element grve-align-center\"><a href=\"https:\/\/bio4plas.com\/wp-content\/uploads\/2023\/09\/FichaProjeto_Bio4Plas_PRODUTECH_R3_2.0.pdf\" title=\"Projektblatt\" target=\"_blank\" rel=\"noopener noreferrer\" class=\"grve-btn grve-btn-medium grve-square grve-bg-primary-1 grve-bg-hover-black grve-btn-line\"><span><i class=\"far fa-file-pdf\"><\/i>Projektblatt<\/span><\/a><\/div><\/div><\/div><\/div><\/div><div class=\"grve-background-wrapper\"><\/div><\/div><div class=\"grve-section grve-row-section grve-fullwidth-background grve-padding-top-6x grve-padding-bottom-6x grve-bg-none\"><div class=\"grve-container\"><div class=\"grve-row grve-bookmark grve-columns-gap-60\"><div class=\"grve-column wpb_column grve-column-1-2\" ><div class=\"grve-column-wrapper\" ><div class=\"grve-element grve-box-icon grve-large grve-top-icon grve-align-center\" style=\"\"><div class=\"grve-image-icon\"><img loading=\"lazy\" decoding=\"async\" width=\"157\" height=\"157\" src=\"https:\/\/bio4plas.com\/wp-content\/uploads\/2022\/01\/pt2020icon.png\" class=\"attachment-full size-full\" alt=\"\" srcset=\"https:\/\/bio4plas.com\/wp-content\/uploads\/2022\/01\/pt2020icon.png 157w, https:\/\/bio4plas.com\/wp-content\/uploads\/2022\/01\/pt2020icon-150x150.png 150w, https:\/\/bio4plas.com\/wp-content\/uploads\/2022\/01\/pt2020icon-12x12.png 12w\" sizes=\"auto, (max-width: 157px) 100vw, 157px\" \/><\/div><div class=\"grve-box-content\"><div class=\"grve-box-title-wrapper\"><h3 class=\"grve-box-title grve-h6\">SI-Innovation Nr. 179603<\/h3><\/div>  <p class=\"\">Schulung von Bio4Plas zur Herstellung eines innovativen, biobasierten, biologisch abbaubaren und bioneutralen Polymers.<\/p><\/div><\/div><div class=\"grve-empty-space grve-height-1x\" style=\"\"><\/div><div class=\"grve-element grve-align-center\"><a href=\"https:\/\/bio4plas.com\/wp-content\/uploads\/2022\/01\/FichaProjeto_Bio4Plas_SI_Inovacao179603.pdf\" title=\"Projektblatt\" target=\"_blank\" rel=\"noopener noreferrer\" class=\"grve-btn grve-btn-medium grve-square grve-bg-primary-1 grve-bg-hover-black grve-btn-line\"><span><i class=\"far fa-file-pdf\"><\/i>Projektblatt<\/span><\/a><\/div><\/div><\/div><div class=\"grve-column wpb_column grve-column-1-2\" ><div class=\"grve-column-wrapper\" ><div class=\"grve-element grve-box-icon grve-large grve-top-icon grve-align-center\" style=\"\"><div class=\"grve-image-icon\"><img loading=\"lazy\" decoding=\"async\" width=\"157\" height=\"157\" src=\"https:\/\/bio4plas.com\/wp-content\/uploads\/2022\/01\/pt2020icon.png\" class=\"attachment-full size-full\" alt=\"\" srcset=\"https:\/\/bio4plas.com\/wp-content\/uploads\/2022\/01\/pt2020icon.png 157w, https:\/\/bio4plas.com\/wp-content\/uploads\/2022\/01\/pt2020icon-150x150.png 150w, https:\/\/bio4plas.com\/wp-content\/uploads\/2022\/01\/pt2020icon-12x12.png 12w\" sizes=\"auto, (max-width: 157px) 100vw, 157px\" \/><\/div><div class=\"grve-box-content\"><div class=\"grve-box-title-wrapper\"><h3 class=\"grve-box-title grve-h6\">+COESO Nr. CENTRO-05-4740-FSE-001841<\/h3><\/div>  <p class=\"\">Bio4Plas-Schulung zur Herstellung eines innovativen Polymers<\/p><\/div><\/div><div class=\"grve-empty-space grve-height-1x\" style=\"\"><\/div><div class=\"grve-element grve-align-center\"><a href=\"https:\/\/bio4plas.com\/wp-content\/uploads\/2022\/01\/FichaProjeto_Bio4Plas_COESO_CENTRO-05-4740-FSE-001841.pdf\" title=\"Projektblatt\" target=\"_blank\" rel=\"noopener noreferrer\" class=\"grve-btn grve-btn-medium grve-square grve-bg-primary-1 grve-bg-hover-black grve-btn-line\"><span><i class=\"far fa-file-pdf\"><\/i>Projektblatt<\/span><\/a><\/div><\/div><\/div><\/div><\/div><div class=\"grve-background-wrapper\"><\/div><\/div>","protected":false},"excerpt":{"rendered":"ViTex: Valoriza\u00e7\u00e3o Integrada de Res\u00edduos Vitivin\u00edcolas p\/ a Sustentabilidade Agr\u00edcola O projeto ViTex, realizado em copromo\u00e7\u00e3o, pretende valorizar a lenha proveniente da poda das vinhas, transformando-a em produtos \u00fateis e sustent\u00e1veis.Ficha de ProjetoMoreWood O projeto MoreWood procura desenvolver placas isolantes de madeira e agrofibras, destacando-se pela leveza, facilidade de manuseio e excelentes propriedades mec\u00e2nicas, com [...]","protected":false},"author":1,"featured_media":0,"parent":0,"menu_order":0,"comment_status":"closed","ping_status":"closed","template":"","meta":{"footnotes":""},"class_list":["post-698","page","type-page","status-publish","hentry"],"_links":{"self":[{"href":"https:\/\/bio4plas.com\/de\/wp-json\/wp\/v2\/pages\/698","targetHints":{"allow":["GET"]}}],"collection":[{"href":"https:\/\/bio4plas.com\/de\/wp-json\/wp\/v2\/pages"}],"about":[{"href":"https:\/\/bio4plas.com\/de\/wp-json\/wp\/v2\/types\/page"}],"author":[{"embeddable":true,"href":"https:\/\/bio4plas.com\/de\/wp-json\/wp\/v2\/users\/1"}],"replies":[{"embeddable":true,"href":"https:\/\/bio4plas.com\/de\/wp-json\/wp\/v2\/comments?post=698"}],"version-history":[{"count":21,"href":"https:\/\/bio4plas.com\/de\/wp-json\/wp\/v2\/pages\/698\/revisions"}],"predecessor-version":[{"id":23332,"href":"https:\/\/bio4plas.com\/de\/wp-json\/wp\/v2\/pages\/698\/revisions\/23332"}],"wp:attachment":[{"href":"https:\/\/bio4plas.com\/de\/wp-json\/wp\/v2\/media?parent=698"}],"curies":[{"name":"wp","href":"https:\/\/api.w.org\/{rel}","templated":true}]}}