{"id":10884,"date":"2023-11-09T14:14:39","date_gmt":"2023-11-09T14:14:39","guid":{"rendered":"https:\/\/bio4plas.com\/?page_id=10884"},"modified":"2023-11-09T14:14:39","modified_gmt":"2023-11-09T14:14:39","slug":"avaliacao-de-fornecedores","status":"publish","type":"page","link":"https:\/\/bio4plas.com\/en\/avaliacao-de-fornecedores\/","title":{"rendered":"Suppliers evaluation"},"content":{"rendered":"<p>Supplier evaluation consists of assigning a rating, based on a series of criteria that allow the supplier&#039;s performance to be scored in relation to the quality of the good\/service provided.<\/p>\n<p>1. Initial assessment of a new supplier<\/p>\n<p>The initial assessment is carried out as soon as the supplier is considered to provide the good or service in question that has a direct influence on the product.<br \/>\nThe criteria defined for the initial assessment are as follows:<\/p>\n<ul>\n<li>Certification (C):<br \/>\no Certification 9001, 14001 and 45001 (3 standards) \u2013 5 points<br \/>\no Certification 9001 and\/or 14001 and\/or 45001 (2 standards) \u2013 4 points<br \/>\no Certification 9001 or 14001 or 45001 (1 standard) \u2013 3 points<br \/>\no In the process of implementation \u2013 1 points<br \/>\no No certification \u2013 0 points<\/li>\n<li>Budget submission (O):<br \/>\no Up to 3 days \u2013 5 points<br \/>\no Up to 5 days \u2013 3 points<br \/>\no Up to 10 days \u2013 1 point<br \/>\no &gt; 10 days \u2013 0 points<\/li>\n<li>Contract and payment conditions (CP):<br \/>\no Up to 60 days \u2013 5 points<br \/>\no Up to 30 days \u2013 3 points<br \/>\no Prompt payment \u2013 1 point<br \/>\no Prepayment \u2013 0 points<\/li>\n<li>Location (L):<br \/>\no Up to 20 km \u2013 5 points<br \/>\no Up to 50 km \u2013 3 points<br \/>\no Up to 100 km \u2013 1 points<br \/>\no &gt; 100 km \u2013 0 points<\/li>\n<li>Price (P) \u2013 Comparative map:<br \/>\no Lowest price \u2013 5 points<br \/>\no Same price \u2013 3 points<br \/>\no Highest price \u2013 0 points<\/li>\n<\/ul>\n<p>The sum of the four criteria gives rise to the level at which the supplier is located (AI=C+O+CP+L+P):<\/p>\n<p>Level Assessment<br \/>\n20\u2264AI&gt;25 Preferred Supplier<br \/>\n15\u2264AI&gt;20 Alternative supplier<br \/>\n7\u2264AI&gt;15 Supplier to be checked later<br \/>\nAI &lt;7 Do not consider<\/p>\n<p>Exceptionally, if there are no alternative suppliers, the initial assessment may not be considered and Bio4Plas may maintain relations with a supplier with a low assessment until it has a viable alternative.<\/p>\n<p>2. Continuous supplier assessment<\/p>\n<p>Continuous supplier assessment is carried out every 2 years for all suppliers that provide goods or services with a direct influence on the product.<\/p>\n<p>The criteria defined for the continuous evaluation of suppliers are the following:<\/p>\n<ul>\n<li>Certification<\/li>\n<li>Compliance with purchase requirements (Quantity and reference)<\/li>\n<li>Sending a budget within the established amount<\/li>\n<li>Leadtime (between order and supply)<\/li>\n<li>Compliance with delivery deadline<\/li>\n<li>Quality of products\/services<\/li>\n<li>Number of nonconformities<\/li>\n<li>Availability for clarifications<\/li>\n<li>Speed and effectiveness of response<\/li>\n<li>Environmental and safety performance<\/li>\n<\/ul>\n<p>The continuous evaluation of the supplier is carried out by adding the value obtained for each of the criteria, based on this distribution:<\/p>\n<p>Value Description<br \/>\n0 Does not comply<br \/>\n0.5 Meets less than 50%<br \/>\n1 Complies with 50%<br \/>\n1.5 Complies with more than 50%<br \/>\n2 Completely complies<\/p>\n<p>The supplier&#039;s rating will be from 0 to 20 and its level is thus defined considering the distribution of the first table.<\/p>\n<p>After the evaluation, it is verified what level the supplier is now in compared to the last evaluation (initial or continuous):<\/p>\n<ul>\n<li>Same level;<\/li>\n<li>Higher level;<\/li>\n<li>Lower level \u2013 in the case of switching to an alternative supplier or supplier to be verified later, Bio4Plas will inform the supplier, via email, of the points to improve in future supplies. In case of having a continuous evaluation for more than 2 years below 5, the supplier will be excluded from the supplier database.<\/li>\n<\/ul>","protected":false},"excerpt":{"rendered":"<p>A avalia\u00e7\u00e3o de fornecedores consiste na atribui\u00e7\u00e3o de uma classifica\u00e7\u00e3o, tendo como base uma s\u00e9rie de crit\u00e9rios que permitem pontuar o desempenho do fornecedor em rela\u00e7\u00e3o \u00e0 qualidade do bem\/servi\u00e7o fornecido. 1. Avalia\u00e7\u00e3o inicial de um novo fornecedor A avalia\u00e7\u00e3o inicial \u00e9 realizada assim que o fornecedor \u00e9 considerado para fornecer o bem ou o [&hellip;]<\/p>\n","protected":false},"author":1,"featured_media":0,"parent":0,"menu_order":0,"comment_status":"closed","ping_status":"closed","template":"","meta":{"footnotes":""},"class_list":["post-10884","page","type-page","status-publish","hentry"],"_links":{"self":[{"href":"https:\/\/bio4plas.com\/en\/wp-json\/wp\/v2\/pages\/10884","targetHints":{"allow":["GET"]}}],"collection":[{"href":"https:\/\/bio4plas.com\/en\/wp-json\/wp\/v2\/pages"}],"about":[{"href":"https:\/\/bio4plas.com\/en\/wp-json\/wp\/v2\/types\/page"}],"author":[{"embeddable":true,"href":"https:\/\/bio4plas.com\/en\/wp-json\/wp\/v2\/users\/1"}],"replies":[{"embeddable":true,"href":"https:\/\/bio4plas.com\/en\/wp-json\/wp\/v2\/comments?post=10884"}],"version-history":[{"count":1,"href":"https:\/\/bio4plas.com\/en\/wp-json\/wp\/v2\/pages\/10884\/revisions"}],"predecessor-version":[{"id":10885,"href":"https:\/\/bio4plas.com\/en\/wp-json\/wp\/v2\/pages\/10884\/revisions\/10885"}],"wp:attachment":[{"href":"https:\/\/bio4plas.com\/en\/wp-json\/wp\/v2\/media?parent=10884"}],"curies":[{"name":"wp","href":"https:\/\/api.w.org\/{rel}","templated":true}]}}