{"id":21,"date":"2020-11-23T15:20:03","date_gmt":"2020-11-23T15:20:03","guid":{"rendered":"https:\/\/bio4plas.com\/?page_id=21"},"modified":"2024-05-09T08:42:43","modified_gmt":"2024-05-09T08:42:43","slug":"bio4plas","status":"publish","type":"page","link":"https:\/\/bio4plas.com\/en\/","title":{"rendered":"Bio4Plas"},"content":{"rendered":"<div class=\"grve-section grve-row-section grve-fullwidth-background grve-bg-none\"><div class=\"grve-container\"><div class=\"grve-row grve-bookmark grve-columns-gap-30\"><div class=\"grve-column wpb_column grve-column-5-12\" ><div class=\"grve-column-wrapper\" ><div class=\"grve-element grve-text\">\r\n\t\t\t<p>THE <strong>Bio4Plas<\/strong> is a company producing biopolymers, biocomposites and innovative products based on the circular economy principle.<\/p>\n<p>We are the partner you are looking for to find more sustainable solutions that guarantee the circularity of your by-products and waste.<\/p>\n<p>Together we will find the most sustainable solution for your business.<\/p>\n\r\n\t\t<\/div>\r\n\t<\/div><\/div><div class=\"grve-column wpb_column grve-column-7-12 grve-mobile-column-hide\" ><div class=\"grve-column-wrapper vc_custom_1606321151388\" ><div class=\"grve-element grve-image grve-animated-item grve-duration-normal grve-zoom-in grve-align-center grve-full-image grve-image-space-100\" style=\"\" data-delay=\"200\">  <div class=\"grve-image-wrapper\"><img loading=\"lazy\" decoding=\"async\" width=\"768\" height=\"768\" src=\"https:\/\/bio4plas.com\/wp-content\/uploads\/2020\/11\/bio4plaslogotipo-768x768.png\" class=\"attachment-medium_large size-medium_large\" alt=\"\" srcset=\"https:\/\/bio4plas.com\/wp-content\/uploads\/2020\/11\/bio4plaslogotipo-768x768.png 768w, https:\/\/bio4plas.com\/wp-content\/uploads\/2020\/11\/bio4plaslogotipo-300x300.png 300w, https:\/\/bio4plas.com\/wp-content\/uploads\/2020\/11\/bio4plaslogotipo-1024x1024.png 1024w, https:\/\/bio4plas.com\/wp-content\/uploads\/2020\/11\/bio4plaslogotipo-150x150.png 150w, https:\/\/bio4plas.com\/wp-content\/uploads\/2020\/11\/bio4plaslogotipo-1536x1536.png 1536w, https:\/\/bio4plas.com\/wp-content\/uploads\/2020\/11\/bio4plaslogotipo-12x12.png 12w, https:\/\/bio4plas.com\/wp-content\/uploads\/2020\/11\/bio4plaslogotipo-560x560.png 560w, https:\/\/bio4plas.com\/wp-content\/uploads\/2020\/11\/bio4plaslogotipo-900x900.png 900w, https:\/\/bio4plas.com\/wp-content\/uploads\/2020\/11\/bio4plaslogotipo-1920x1920.png 1920w\" sizes=\"auto, (max-width: 768px) 100vw, 768px\" \/>   <\/div><\/div><\/div><\/div><\/div><\/div><div class=\"grve-background-wrapper\"><\/div><\/div><div class=\"grve-section grve-row-section grve-fullwidth-background grve-padding-top-4x grve-bg-none grve-headings-dark\"  style=\"background-color:#ececec;color:#222222;\"><div class=\"grve-container\"><div class=\"grve-row grve-bookmark grve-columns-gap-none\"><div class=\"grve-column wpb_column grve-column-1-2\" ><div class=\"grve-column-wrapper\" ><h2 class=\"grve-element grve-title grve-align-left grve-h4\" style=\"margin-bottom: 0px;\"><span>applications<\/span><\/h2><div class=\"grve-element grve-divider grve-align-left\" style=\"padding-top: 24px;padding-bottom: 24px;\"><span class=\"grve-custom-divider grve-bg-primary-1\" style=\"width: 90px;height: 3px;\"><\/span><\/div><div class=\"grve-element grve-text\">\r\n\t\t\t<p>Some of the applications for products developed by Bio4Plas<\/p>\n\r\n\t\t<\/div>\r\n\t<\/div><\/div><div class=\"grve-column wpb_column grve-column-1-2\" ><div class=\"grve-column-wrapper\" ><div class=\"grve-row-inner grve-bookmark\">\r\n\t\t<div class=\"grve-column-inner wpb_column grve-column-1-2 grve-mobile-column-1-2\">\r\n\t\t\t<div class=\"grve-column-wrapper-inner vc_custom_1631024701973\">\r\n\t\t\t\r\n\t\t\t<\/div>\r\n\t\t<\/div>\r\n\t\r\n\t\t<div class=\"grve-column-inner wpb_column grve-column-1-2 grve-mobile-column-1-2\">\r\n\t\t\t<div class=\"grve-column-wrapper-inner vc_custom_1631024714817\">\r\n\t\t\t\r\n\t\t\t<\/div>\r\n\t\t<\/div>\r\n\t<\/div><\/div><\/div><div class=\"grve-column wpb_column grve-column-1\" ><div class=\"grve-column-wrapper vc_custom_1631025607581\" ><div class=\"grve-element grve-gallery grve-isotope grve-gallery-popup grve-with-gap\" style=\"\" data-columns=\"4\" data-columns-large-screen=\"4\" data-columns-tablet-landscape=\"4\" data-columns-tablet-portrait=\"4\" data-columns-mobile=\"2\" data-layout=\"fitRows\" data-gutter-size=\"30\" data-social-email=\"yes\" data-social-facebook=\"yes\" data-social-twitter=\"yes\" data-social-linkedin=\"yes\" data-social-pinterest=\"yes\" data-social=\"yes\">  <div class=\"grve-isotope-container\"><div class=\"grve-isotope-item grve-hover-item grve-hover-style-none\"><div class=\"grve-isotope-item-inner grve-zoom-in\">  <figure class=\"grve-image-hover\">    <a class=\"grve-item-url\" href=\"https:\/\/bio4plas.com\/wp-content\/uploads\/2023\/07\/bio4plas-20.jpg\" ><\/a>    <div class=\"grve-hover-overlay grve-bg-light grve-opacity-0\"><\/div><div class=\"grve-media\"><img loading=\"lazy\" decoding=\"async\" width=\"560\" height=\"560\" src=\"https:\/\/bio4plas.com\/wp-content\/uploads\/2023\/07\/bio4plas-20-560x560.jpg\" class=\"attachment-movedo-grve-small-square size-movedo-grve-small-square\" alt=\"\" srcset=\"https:\/\/bio4plas.com\/wp-content\/uploads\/2023\/07\/bio4plas-20-560x560.jpg 560w, https:\/\/bio4plas.com\/wp-content\/uploads\/2023\/07\/bio4plas-20-150x150.jpg 150w, https:\/\/bio4plas.com\/wp-content\/uploads\/2023\/07\/bio4plas-20-900x900.jpg 900w\" sizes=\"auto, (max-width: 560px) 100vw, 560px\" \/><\/div>  <\/figure><\/div><\/div><div class=\"grve-isotope-item grve-hover-item grve-hover-style-none\"><div class=\"grve-isotope-item-inner grve-zoom-in\">  <figure class=\"grve-image-hover\">    <a class=\"grve-item-url\" href=\"https:\/\/bio4plas.com\/wp-content\/uploads\/2023\/07\/bio4plas-19.jpg\" ><\/a>    <div class=\"grve-hover-overlay grve-bg-light grve-opacity-0\"><\/div><div class=\"grve-media\"><img loading=\"lazy\" decoding=\"async\" width=\"560\" height=\"560\" src=\"https:\/\/bio4plas.com\/wp-content\/uploads\/2023\/07\/bio4plas-19-560x560.jpg\" class=\"attachment-movedo-grve-small-square size-movedo-grve-small-square\" alt=\"\" srcset=\"https:\/\/bio4plas.com\/wp-content\/uploads\/2023\/07\/bio4plas-19-560x560.jpg 560w, https:\/\/bio4plas.com\/wp-content\/uploads\/2023\/07\/bio4plas-19-150x150.jpg 150w, https:\/\/bio4plas.com\/wp-content\/uploads\/2023\/07\/bio4plas-19-900x900.jpg 900w\" sizes=\"auto, (max-width: 560px) 100vw, 560px\" \/><\/div>  <\/figure><\/div><\/div><div class=\"grve-isotope-item grve-hover-item grve-hover-style-none\"><div class=\"grve-isotope-item-inner grve-zoom-in\">  <figure class=\"grve-image-hover\">    <a class=\"grve-item-url\" href=\"https:\/\/bio4plas.com\/wp-content\/uploads\/2023\/07\/bio4plas-21.jpg\" ><\/a>    <div class=\"grve-hover-overlay grve-bg-light grve-opacity-0\"><\/div><div class=\"grve-media\"><img loading=\"lazy\" decoding=\"async\" width=\"560\" height=\"560\" src=\"https:\/\/bio4plas.com\/wp-content\/uploads\/2023\/07\/bio4plas-21-560x560.jpg\" class=\"attachment-movedo-grve-small-square size-movedo-grve-small-square\" alt=\"\" srcset=\"https:\/\/bio4plas.com\/wp-content\/uploads\/2023\/07\/bio4plas-21-560x560.jpg 560w, https:\/\/bio4plas.com\/wp-content\/uploads\/2023\/07\/bio4plas-21-150x150.jpg 150w, https:\/\/bio4plas.com\/wp-content\/uploads\/2023\/07\/bio4plas-21-900x900.jpg 900w\" sizes=\"auto, (max-width: 560px) 100vw, 560px\" \/><\/div>  <\/figure><\/div><\/div><div class=\"grve-isotope-item grve-hover-item grve-hover-style-none\"><div class=\"grve-isotope-item-inner grve-zoom-in\">  <figure class=\"grve-image-hover\">    <a class=\"grve-item-url\" href=\"https:\/\/bio4plas.com\/wp-content\/uploads\/2023\/07\/bio4plas-15c.jpg\" ><\/a>    <div class=\"grve-hover-overlay grve-bg-light grve-opacity-0\"><\/div><div class=\"grve-media\"><img loading=\"lazy\" decoding=\"async\" width=\"560\" height=\"560\" src=\"https:\/\/bio4plas.com\/wp-content\/uploads\/2023\/07\/bio4plas-15c-560x560.jpg\" class=\"attachment-movedo-grve-small-square size-movedo-grve-small-square\" alt=\"\" srcset=\"https:\/\/bio4plas.com\/wp-content\/uploads\/2023\/07\/bio4plas-15c-560x560.jpg 560w, https:\/\/bio4plas.com\/wp-content\/uploads\/2023\/07\/bio4plas-15c-150x150.jpg 150w, https:\/\/bio4plas.com\/wp-content\/uploads\/2023\/07\/bio4plas-15c-900x900.jpg 900w\" sizes=\"auto, (max-width: 560px) 100vw, 560px\" \/><\/div>  <\/figure><\/div><\/div>  <\/div><\/div><div class=\"grve-element grve-align-center\"><a href=\"https:\/\/bio4plas.com\/en\/aplicacoes\/\" title=\"applications\" class=\"grve-btn grve-btn-medium grve-square grve-bg-primary-1 grve-bg-hover-black grve-btn-line\"><span>View more<\/span><\/a><\/div><\/div><\/div><\/div><\/div><div class=\"grve-background-wrapper\"><\/div><\/div><div class=\"grve-section grve-row-section grve-fullwidth-background grve-padding-top-3x grve-padding-bottom-3x grve-bg-none\"  style=\"background-color:#81d742;\"><div class=\"grve-container\"><div class=\"grve-row grve-bookmark grve-columns-gap-30\"><div class=\"grve-column wpb_column grve-column-1-6\" ><div class=\"grve-column-wrapper\" ><\/div><\/div><div class=\"grve-column wpb_column grve-column-2-3\" ><div class=\"grve-column-wrapper\" ><div class=\"grve-element grve-callout grve-btn-right\" style=\"\">  <div class=\"grve-callout-wrapper\"><h3 class=\"grve-callout-content grve-h4\">Products Developed by Bio4Plas<\/h3>  <\/div>  <div class=\"grve-button-wrapper\"><a href=\"https:\/\/bio4plas.com\/en\/produtos\/\" title=\"Products\" class=\"grve-btn grve-btn-medium grve-square grve-bg-primary-1 grve-bg-hover-black grve-btn-line\"><span>To know<\/span><\/a>  <\/div><\/div><\/div><\/div><div class=\"grve-column wpb_column grve-column-1-6\" ><div class=\"grve-column-wrapper\" ><\/div><\/div><\/div><\/div><div class=\"grve-background-wrapper\"><\/div><\/div><div class=\"grve-section grve-row-section grve-fullwidth-background grve-padding-top-3x grve-bg-none\"><div class=\"grve-container\"><div class=\"grve-row grve-bookmark grve-columns-gap-30\"><div class=\"grve-column wpb_column grve-column-1-6\" ><div class=\"grve-column-wrapper\" ><\/div><\/div><div class=\"grve-column wpb_column grve-column-2-3\" ><div class=\"grve-column-wrapper\" ><h3 class=\"grve-element grve-title grve-align-center grve-h3\" style=\"margin-bottom: 0px;\"><span>News<\/span><\/h3><div class=\"grve-element grve-divider grve-align-center\" style=\"padding-top: 24px;padding-bottom: 24px;\"><span class=\"grve-custom-divider grve-bg-primary-1\" style=\"width: 90px;height: 3px;\"><\/span><\/div><div class=\"grve-element grve-text grve-leader-text\">\r\n\t\t\t<p style=\"text-align: center;\">Some of the main news about Bio4Plas<\/p>\n\r\n\t\t<\/div>\r\n\t<\/div><\/div><div class=\"grve-column wpb_column grve-column-1-6\" ><div class=\"grve-column-wrapper\" ><\/div><\/div><\/div><\/div><div class=\"grve-background-wrapper\"><\/div><\/div><div class=\"grve-section grve-row-section grve-fullwidth grve-padding-top-3x grve-bg-none\"><div class=\"grve-container\"><div class=\"grve-row grve-bookmark grve-columns-gap-60\"><div class=\"grve-column wpb_column grve-column-1 grve-tablet-sm-column-1\" ><div class=\"grve-column-wrapper vc_custom_1621590867097\" >\t\t<div class=\"grve-element grve-blog grve-blog-small grve-non-isotope\" style=\"\" >\r\n\t\t\t<div class=\"grve-standard-container\">\r\n\t\t\t<article class=\"grve-blog-item grve-small-post grve-non-isotope-item post-9463 post type-post status-publish format-standard has-post-thumbnail hentry category-noticias\" itemscope itemtype=\"http:\/\/schema.org\/BlogPosting\">\r\n\t\t\t\t<div class=\"grve-blog-item-inner grve-isotope-item-inner\">\r\n\t\t\t\t\t\t\t\t\t\t\t\t\t<div class=\"grve-media\">\r\n\t\t\t<a class=\"grve-item-url\" href=\"https:\/\/bio4plas.com\/en\/noticias\/recolha-de-capsulas-de-cafe-chega-a-lisboa-com-ambicao-de-reciclar-20-toneladas-no-primeiro-ano\/\" aria-label=\"Collection of coffee capsules arrives in Lisbon with the ambition to recycle 20 tons in the first year\"><\/a>\r\n\t\t\t<img loading=\"lazy\" decoding=\"async\" width=\"900\" height=\"675\" src=\"https:\/\/bio4plas.com\/wp-content\/uploads\/2023\/07\/recolha_capsulas_cafe-900x675.jpg\" class=\"attachment-movedo-grve-medium-rect-horizontal size-movedo-grve-medium-rect-horizontal wp-post-image\" alt=\"\" srcset=\"https:\/\/bio4plas.com\/wp-content\/uploads\/2023\/07\/recolha_capsulas_cafe-900x675.jpg 900w, https:\/\/bio4plas.com\/wp-content\/uploads\/2023\/07\/recolha_capsulas_cafe-560x420.jpg 560w\" sizes=\"auto, (max-width: 900px) 100vw, 900px\" \/>\t\t\t<div class=\"grve-bg-black grve-hover-overlay grve-opacity-10\"><\/div>\r\n\t\t<\/div>\r\n\t\t\t\t\t\t<div class=\"grve-post-content-wrapper\">\r\n\t\t\t\t\t\t\t<div class=\"grve-post-content\">\r\n\t\t\t\t\t\t\t\t<div class=\"grve-post-header\">\r\n\t\t\t\t\t\t\t\t\t\t\t\t\t\t\t\t\t\t\t\t<span class=\"grve-hidden\">\r\n\t\t\t<span class=\"grve-structured-data entry-title\">Collection of coffee capsules arrives in Lisbon with the ambition to recycle 20 tons in the first year<\/span>\r\n\t\t\t<span class=\"grve-structured-data\" itemprop=\"image\" itemscope itemtype=\"http:\/\/schema.org\/ImageObject\">\r\n\t\t\t   <span itemprop='url' >https:\/\/bio4plas.com\/wp-content\/uploads\/2023\/07\/recolha_capsulas_cafe.jpg<\/span>\r\n\t\t\t   <span itemprop='height' >1500<\/span>\r\n\t\t\t   <span itemprop='width' >1000<\/span>\r\n\t\t\t<\/span>\r\n\t\t\t\t\t\t<span class=\"grve-structured-data vcard author\" itemprop=\"author\" itemscope itemtype=\"http:\/\/schema.org\/Person\">\r\n\t\t\t\t<span itemprop=\"name\" class=\"fn\">Bio4Plas - Biopol\u00edmeros, Lda<\/span>\r\n\t\t\t<\/span>\r\n\t\t\t<span class=\"grve-structured-data\" itemprop=\"publisher\" itemscope itemtype=\"http:\/\/schema.org\/Organization\">\r\n\t\t\t\t<span itemprop='name'>Bio4Plas - Biopol\u00edmeros, Lda<\/span>\r\n\t\t\t\t<span itemprop='logo' itemscope itemtype='http:\/\/schema.org\/ImageObject'>\r\n\t\t\t\t\t<span itemprop='url'>\/\/bio4plas.com\/wp-content\/uploads\/2020\/11\/bio4plaslogipto.png<\/span>\r\n\t\t\t\t<\/span>\r\n\t\t\t<\/span>\r\n\t\t\t\t\t\t<time class=\"grve-structured-data date published\" itemprop=\"datePublished\" datetime=\"2023-07-12T15:17:05+00:00\">July 12, 2023<\/time>\r\n\t\t\t<time class=\"grve-structured-data date updated\" itemprop=\"dateModified\"  datetime=\"2023-07-12T15:17:05+00:00\">July 12, 2023<\/time>\r\n\t\t\t<span class=\"grve-structured-data\" itemprop=\"mainEntityOfPage\" itemscope itemtype=\"http:\/\/schema.org\/WebPage\" itemid=\"https:\/\/bio4plas.com\/en\/noticias\/recolha-de-capsulas-de-cafe-chega-a-lisboa-com-ambicao-de-reciclar-20-toneladas-no-primeiro-ano\/\"><\/span>\r\n\t\t<\/span>\r\n\t\t\t\t\t\t\t\t\t\t\t\t\t\t\t\t\t\t\t\t<ul class=\"grve-post-meta\">\r\n\t\t\t\t\t\t\t\t\t\t<li class=\"grve-post-date\">\t<time class=\"\" datetime=\"2023-07-12T15:17:05+00:00\">\r\n\t\tJuly 12, 2023\t<\/time>\r\n<\/li>\t<li class=\"grve-post-comments\">No comments<\/li>\r\n\t\t\t\t\t\t\t\t\t\t<\/ul>\r\n\t\t\t\t\t\t\t\t\t\t\t\t\t\t\t\t\t\t\t\t\t\t\t\t\t\t\t<a href=\"https:\/\/bio4plas.com\/en\/noticias\/recolha-de-capsulas-de-cafe-chega-a-lisboa-com-ambicao-de-reciclar-20-toneladas-no-primeiro-ano\/\" rel=\"bookmark\"><h2 class=\"grve-post-title grve-post-title-hover grve-h2\" itemprop=\"headline\">Collection of coffee capsules arrives in Lisbon with the ambition to recycle 20 tons in the first year<\/h2><\/a>\t\t\t\t\t\t\t\t<\/div>\r\n\t\t\t\t\t\t\t\t<div itemprop=\"articleBody\"><p>The capsule collection and recycling project promoted by AICC, in partnership with Delta Caf\u00e9s, JMV, Massimo Zanetti, Nestl\u00e9, NewCoffee and UCC, arrived in the capital. Collecting and recycling 20 tons in the first year of the project is the goal for Lisbon<\/p>\n<a class=\"grve-read-more grve-link-text grve-heading-color grve-text-hover-primary-1\" href=\"https:\/\/bio4plas.com\/en\/noticias\/recolha-de-capsulas-de-cafe-chega-a-lisboa-com-ambicao-de-reciclar-20-toneladas-no-primeiro-ano\/\"><span>read more<\/span><\/a><\/div>\t\t\t\t\t\t\t<\/div>\r\n\t\t\t\t\t\t<\/div>\r\n\t\t\t\t\t\r\n\t\t\t\t<\/div>\t\t\t<\/article>\r\n\r\n\t\t\t<\/div>\r\n\t\t<\/div>\r\n<\/div><\/div><\/div><\/div><div class=\"grve-background-wrapper\"><\/div><\/div>","protected":false},"excerpt":{"rendered":"Depois de Cascais e Guimar\u00e3es, o projeto de recolha e reciclagem de c\u00e1psulas de caf\u00e9 chega a Lisboa. O projeto promovido pela Associa\u00e7\u00e3o Industrial e Comercial do Caf\u00e9 (AICC), em parceria com seis empresas (Delta Caf\u00e9s, JMV, Massimo Zanetti Beverage Iberia, Nestl\u00e9 Portugal, NewCoffee e UCC) disponibiliza ecopontos dedicados ao dep\u00f3sito de c\u00e1psulas de caf\u00e9 [...]","protected":false},"author":1,"featured_media":0,"parent":0,"menu_order":0,"comment_status":"closed","ping_status":"closed","template":"","meta":{"footnotes":""},"class_list":["post-21","page","type-page","status-publish","hentry"],"_links":{"self":[{"href":"https:\/\/bio4plas.com\/en\/wp-json\/wp\/v2\/pages\/21","targetHints":{"allow":["GET"]}}],"collection":[{"href":"https:\/\/bio4plas.com\/en\/wp-json\/wp\/v2\/pages"}],"about":[{"href":"https:\/\/bio4plas.com\/en\/wp-json\/wp\/v2\/types\/page"}],"author":[{"embeddable":true,"href":"https:\/\/bio4plas.com\/en\/wp-json\/wp\/v2\/users\/1"}],"replies":[{"embeddable":true,"href":"https:\/\/bio4plas.com\/en\/wp-json\/wp\/v2\/comments?post=21"}],"version-history":[{"count":62,"href":"https:\/\/bio4plas.com\/en\/wp-json\/wp\/v2\/pages\/21\/revisions"}],"predecessor-version":[{"id":185,"href":"https:\/\/bio4plas.com\/en\/wp-json\/wp\/v2\/pages\/21\/revisions\/185"}],"wp:attachment":[{"href":"https:\/\/bio4plas.com\/en\/wp-json\/wp\/v2\/media?parent=21"}],"curies":[{"name":"wp","href":"https:\/\/api.w.org\/{rel}","templated":true}]}}