{"id":213,"date":"2021-05-20T10:54:09","date_gmt":"2021-05-20T10:54:09","guid":{"rendered":"https:\/\/bio4plas.com\/?page_id=213"},"modified":"2024-01-16T11:20:00","modified_gmt":"2024-01-16T11:20:00","slug":"politica-de-qualidade-ambiente-e-seguranca","status":"publish","type":"page","link":"https:\/\/bio4plas.com\/en\/politica-de-qualidade-ambiente-e-seguranca\/","title":{"rendered":"Quality, Environment and Safety Policy"},"content":{"rendered":"<div class=\"grve-section grve-row-section grve-fullwidth-background grve-padding-top-1x grve-padding-bottom-1x grve-bg-none\"><div class=\"grve-container\"><div class=\"grve-row grve-bookmark grve-columns-gap-30\"><div class=\"grve-column wpb_column grve-column-1\" ><div class=\"grve-column-wrapper\" ><div class=\"grve-element grve-text\">\r\n\t\t\t<p>Bio4Plas Management, in order to be a reference company in the area of biocomposites production, defines its policy and implements its strategy based on the following principles:<\/p>\n<ol>\n<li>Satisfy the customer&#039;s requirements and, if possible, exceed their expectations, due to the quality and innovation of the products and services provided.<\/li>\n<li>Ensure the profitability, competitiveness and sustainable development of the company, through constant and continuous improvement of production processes and the development of innovative solutions with high added value.<\/li>\n<li>Ensure compliance with current legislation and regulations and maintain activities and processes permanently in line with applicable environmental and safety requirements, as well as other requirements to which the organization subscribes.<\/li>\n<li>Analyze and control the risks and opportunities that can affect service compliance, environmental impact and the safety and health of employees.<\/li>\n<li>Monitor and control significant environmental aspects, with the aim of minimizing and preventing the environmental impacts of all activities, namely in terms of pollution prevention, efficient use of resources, conservation of biodiversity and energy efficiency.<\/li>\n<li>Identify, evaluate, control and sensitize all employees to the risks to which they may be exposed, ensuring the prevention of accidents at work and occupational diseases.<\/li>\n<li>Promote awareness, training and motivation for all employees.<\/li>\n<li>Establish a communication process, both internal and external, with the objective of informing and involving employees and all interested parties.<\/li>\n<li>Continuously improve the performance of the Quality, Environment and Safety Management System in order to achieve the objectives and goals established.<\/li>\n<\/ol>\n<p>Date: 07\/03\/2021<\/p>\n\r\n\t\t<\/div>\r\n\t<\/div><\/div><\/div><\/div><div class=\"grve-background-wrapper\"><\/div><\/div>","protected":false},"excerpt":{"rendered":"A Ger\u00eancia da Bio4Plas, com a finalidade de ser uma empresa de refer\u00eancia na \u00e1rea da produ\u00e7\u00e3o de biocomp\u00f3sitos, define a sua pol\u00edtica e implementa a sua estrat\u00e9gia baseada nos seguintes princ\u00edpios: Satisfazer os requisitos do cliente e, se poss\u00edvel, exceder as suas expectativas, pela qualidade e inova\u00e7\u00e3o dos produtos e servi\u00e7os prestados. Assegurar a [...]","protected":false},"author":1,"featured_media":0,"parent":0,"menu_order":0,"comment_status":"closed","ping_status":"closed","template":"","meta":{"footnotes":""},"class_list":["post-213","page","type-page","status-publish","hentry"],"_links":{"self":[{"href":"https:\/\/bio4plas.com\/en\/wp-json\/wp\/v2\/pages\/213","targetHints":{"allow":["GET"]}}],"collection":[{"href":"https:\/\/bio4plas.com\/en\/wp-json\/wp\/v2\/pages"}],"about":[{"href":"https:\/\/bio4plas.com\/en\/wp-json\/wp\/v2\/types\/page"}],"author":[{"embeddable":true,"href":"https:\/\/bio4plas.com\/en\/wp-json\/wp\/v2\/users\/1"}],"replies":[{"embeddable":true,"href":"https:\/\/bio4plas.com\/en\/wp-json\/wp\/v2\/comments?post=213"}],"version-history":[{"count":3,"href":"https:\/\/bio4plas.com\/en\/wp-json\/wp\/v2\/pages\/213\/revisions"}],"predecessor-version":[{"id":11778,"href":"https:\/\/bio4plas.com\/en\/wp-json\/wp\/v2\/pages\/213\/revisions\/11778"}],"wp:attachment":[{"href":"https:\/\/bio4plas.com\/en\/wp-json\/wp\/v2\/media?parent=213"}],"curies":[{"name":"wp","href":"https:\/\/api.w.org\/{rel}","templated":true}]}}