{"id":698,"date":"2022-01-08T10:21:52","date_gmt":"2022-01-08T10:21:52","guid":{"rendered":"https:\/\/bio4plas.com\/?page_id=698"},"modified":"2026-03-12T12:29:46","modified_gmt":"2026-03-12T12:29:46","slug":"fichas-de-projeto","status":"publish","type":"page","link":"https:\/\/bio4plas.com\/en\/fichas-de-projeto\/","title":{"rendered":"Project Sheets"},"content":{"rendered":"<div class=\"grve-section grve-row-section grve-fullwidth-background grve-padding-top-6x grve-padding-bottom-6x grve-bg-none\"><div class=\"grve-container\"><div class=\"grve-row grve-bookmark grve-columns-gap-60\"><div class=\"grve-column wpb_column grve-column-1-2\" ><div class=\"grve-column-wrapper\" ><\/div><\/div><div class=\"grve-column wpb_column grve-column-1-2\" ><div class=\"grve-column-wrapper\" ><div class=\"grve-element grve-box-icon grve-large grve-top-icon grve-align-center\" style=\"\"><div class=\"grve-image-icon\"><img loading=\"lazy\" decoding=\"async\" width=\"157\" height=\"157\" src=\"https:\/\/bio4plas.com\/wp-content\/uploads\/2022\/01\/pt2020icon.png\" class=\"attachment-full size-full\" alt=\"\" srcset=\"https:\/\/bio4plas.com\/wp-content\/uploads\/2022\/01\/pt2020icon.png 157w, https:\/\/bio4plas.com\/wp-content\/uploads\/2022\/01\/pt2020icon-150x150.png 150w, https:\/\/bio4plas.com\/wp-content\/uploads\/2022\/01\/pt2020icon-12x12.png 12w\" sizes=\"auto, (max-width: 157px) 100vw, 157px\" \/><\/div><div class=\"grve-box-content\"><div class=\"grve-box-title-wrapper\"><h3 class=\"grve-box-title grve-h6\">ViTex: Integrated Valorization of Wine-Production Waste for Agricultural Sustainability<\/h3><\/div>  <p class=\"\">The ViTex project, carried out in co-promotion, aims to add value to the firewood from vine pruning, transforming it into useful and sustainable products.<\/p><\/div><\/div><div class=\"grve-empty-space grve-height-1x\" style=\"\"><\/div><div class=\"grve-element grve-align-center\"><a href=\"https:\/\/bio4plas.com\/wp-content\/uploads\/2026\/03\/Ficha_de_OperacaoA4_COMPETE-2030_Plastirso.pdf\" title=\"Project Sheet\" target=\"_blank\" rel=\"noopener noreferrer\" class=\"grve-btn grve-btn-medium grve-square grve-bg-primary-1 grve-bg-hover-black grve-btn-line\"><span><i class=\"fa fa-brands fa-accessible-icon\"><\/i>Project Sheet<\/span><\/a><\/div><\/div><\/div><\/div><\/div><div class=\"grve-background-wrapper\"><\/div><\/div><div class=\"grve-section grve-row-section grve-fullwidth-background grve-padding-top-6x grve-padding-bottom-6x grve-bg-none\"><div class=\"grve-container\"><div class=\"grve-row grve-bookmark grve-columns-gap-60\"><div class=\"grve-column wpb_column grve-column-1-2\" ><div class=\"grve-column-wrapper\" ><div class=\"grve-element grve-box-icon grve-large grve-top-icon grve-align-center\" style=\"\"><div class=\"grve-image-icon\"><img loading=\"lazy\" decoding=\"async\" width=\"157\" height=\"157\" src=\"https:\/\/bio4plas.com\/wp-content\/uploads\/2022\/01\/pt2020icon.png\" class=\"attachment-full size-full\" alt=\"\" srcset=\"https:\/\/bio4plas.com\/wp-content\/uploads\/2022\/01\/pt2020icon.png 157w, https:\/\/bio4plas.com\/wp-content\/uploads\/2022\/01\/pt2020icon-150x150.png 150w, https:\/\/bio4plas.com\/wp-content\/uploads\/2022\/01\/pt2020icon-12x12.png 12w\" sizes=\"auto, (max-width: 157px) 100vw, 157px\" \/><\/div><div class=\"grve-box-content\"><div class=\"grve-box-title-wrapper\"><h3 class=\"grve-box-title grve-h6\">MoreWood<\/h3><\/div>  <p class=\"\">The MoreWood project seeks to develop wood and agrofiber insulating boards, distinguished by their lightness, ease of handling and excellent mechanical properties, with a biological basis.<\/p><\/div><\/div><div class=\"grve-empty-space grve-height-1x\" style=\"\"><\/div><div class=\"grve-element grve-align-center\"><a href=\"https:\/\/bio4plas.com\/wp-content\/uploads\/2025\/09\/FichaProjeto_Bio4Plas_MoreWood_2-.pdf\" title=\"Project Sheet\" target=\"_blank\" rel=\"noopener noreferrer\" class=\"grve-btn grve-btn-medium grve-square grve-bg-primary-1 grve-bg-hover-black grve-btn-line\"><span><i class=\"fa fa-brands fa-accessible-icon\"><\/i>Project Sheet<\/span><\/a><\/div><\/div><\/div><div class=\"grve-column wpb_column grve-column-1-2\" ><div class=\"grve-column-wrapper\" ><div class=\"grve-element grve-box-icon grve-large grve-top-icon grve-align-center\" style=\"\"><div class=\"grve-image-icon\"><img loading=\"lazy\" decoding=\"async\" width=\"157\" height=\"157\" src=\"https:\/\/bio4plas.com\/wp-content\/uploads\/2022\/01\/pt2020icon.png\" class=\"attachment-full size-full\" alt=\"\" srcset=\"https:\/\/bio4plas.com\/wp-content\/uploads\/2022\/01\/pt2020icon.png 157w, https:\/\/bio4plas.com\/wp-content\/uploads\/2022\/01\/pt2020icon-150x150.png 150w, https:\/\/bio4plas.com\/wp-content\/uploads\/2022\/01\/pt2020icon-12x12.png 12w\" sizes=\"auto, (max-width: 157px) 100vw, 157px\" \/><\/div><div class=\"grve-box-content\"><div class=\"grve-box-title-wrapper\"><h3 class=\"grve-box-title grve-h6\">be@t - Bioeconomy in the Textile Industry<\/h3><\/div>  <p class=\"\">The be@t project has the overall objective of creating and consolidating a truly innovative, sustainable and circular national textile and clothing industry chain.<\/p><\/div><\/div><div class=\"grve-empty-space grve-height-1x\" style=\"\"><\/div><div class=\"grve-element grve-align-center\"><a href=\"https:\/\/bio4plas.com\/wp-content\/uploads\/2023\/08\/FichaProjeto_Bio4Plas_BE@T.pdf\" title=\"Project Sheet\" target=\"_blank\" rel=\"noopener noreferrer\" class=\"grve-btn grve-btn-medium grve-square grve-bg-primary-1 grve-bg-hover-black grve-btn-line\"><span><i class=\"far fa-file-pdf\"><\/i>Project Sheet<\/span><\/a><\/div><\/div><\/div><\/div><\/div><div class=\"grve-background-wrapper\"><\/div><\/div><div class=\"grve-section grve-row-section grve-fullwidth-background grve-padding-top-6x grve-padding-bottom-6x grve-bg-none\"><div class=\"grve-container\"><div class=\"grve-row grve-bookmark grve-columns-gap-60\"><div class=\"grve-column wpb_column grve-column-1-2\" ><div class=\"grve-column-wrapper\" ><div class=\"grve-element grve-box-icon grve-large grve-top-icon grve-align-center\" style=\"\"><div class=\"grve-image-icon\"><img loading=\"lazy\" decoding=\"async\" width=\"157\" height=\"157\" src=\"https:\/\/bio4plas.com\/wp-content\/uploads\/2022\/01\/pt2020icon.png\" class=\"attachment-full size-full\" alt=\"\" srcset=\"https:\/\/bio4plas.com\/wp-content\/uploads\/2022\/01\/pt2020icon.png 157w, https:\/\/bio4plas.com\/wp-content\/uploads\/2022\/01\/pt2020icon-150x150.png 150w, https:\/\/bio4plas.com\/wp-content\/uploads\/2022\/01\/pt2020icon-12x12.png 12w\" sizes=\"auto, (max-width: 157px) 100vw, 157px\" \/><\/div><div class=\"grve-box-content\"><div class=\"grve-box-title-wrapper\"><h3 class=\"grve-box-title grve-h6\">Sustainable Plastics - Mobilizing Agenda for Sustainable Plastics<\/h3><\/div>  <p class=\"\">The Sustainable Plastics Agenda is the Mobilizing Agenda for Plastics in Portugal, capable of leveraging the sector&#039;s transition to a circular economy.<\/p><\/div><\/div><div class=\"grve-empty-space grve-height-1x\" style=\"\"><\/div><div class=\"grve-element grve-align-center\"><a href=\"https:\/\/bio4plas.com\/wp-content\/uploads\/2023\/07\/FichaProjeto_Bio4Plas_SP_2.0.pdf\" title=\"Project Sheet\" target=\"_blank\" rel=\"noopener noreferrer\" class=\"grve-btn grve-btn-medium grve-square grve-bg-primary-1 grve-bg-hover-black grve-btn-line\"><span><i class=\"far fa-file-pdf\"><\/i>Project Sheet<\/span><\/a><\/div><\/div><\/div><div class=\"grve-column wpb_column grve-column-1-2\" ><div class=\"grve-column-wrapper\" ><div class=\"grve-element grve-box-icon grve-large grve-top-icon grve-align-center\" style=\"\"><div class=\"grve-image-icon\"><img loading=\"lazy\" decoding=\"async\" width=\"157\" height=\"157\" src=\"https:\/\/bio4plas.com\/wp-content\/uploads\/2022\/01\/pt2020icon.png\" class=\"attachment-full size-full\" alt=\"\" srcset=\"https:\/\/bio4plas.com\/wp-content\/uploads\/2022\/01\/pt2020icon.png 157w, https:\/\/bio4plas.com\/wp-content\/uploads\/2022\/01\/pt2020icon-150x150.png 150w, https:\/\/bio4plas.com\/wp-content\/uploads\/2022\/01\/pt2020icon-12x12.png 12w\" sizes=\"auto, (max-width: 157px) 100vw, 157px\" \/><\/div><div class=\"grve-box-content\"><div class=\"grve-box-title-wrapper\"><h3 class=\"grve-box-title grve-h6\">PRODUTECH R3 \u2013 Recovery-Resilience-Reindustrialization<\/h3><\/div>  <p class=\"\">The PRODUTECH R3 project aims to induce a structural change in the Production Technologies Row (FTP), enabling it to exploit the significant investments that the industry will make with the green and digital transition, reducing dependence on external technology, increasing the added value generated in the country and contributing to a change in the specialization of the Portuguese economy.<\/p><\/div><\/div><div class=\"grve-empty-space grve-height-1x\" style=\"\"><\/div><div class=\"grve-element grve-align-center\"><a href=\"https:\/\/bio4plas.com\/wp-content\/uploads\/2023\/09\/FichaProjeto_Bio4Plas_PRODUTECH_R3_2.0.pdf\" title=\"Project Sheet\" target=\"_blank\" rel=\"noopener noreferrer\" class=\"grve-btn grve-btn-medium grve-square grve-bg-primary-1 grve-bg-hover-black grve-btn-line\"><span><i class=\"far fa-file-pdf\"><\/i>Project Sheet<\/span><\/a><\/div><\/div><\/div><\/div><\/div><div class=\"grve-background-wrapper\"><\/div><\/div><div class=\"grve-section grve-row-section grve-fullwidth-background grve-padding-top-6x grve-padding-bottom-6x grve-bg-none\"><div class=\"grve-container\"><div class=\"grve-row grve-bookmark grve-columns-gap-60\"><div class=\"grve-column wpb_column grve-column-1-2\" ><div class=\"grve-column-wrapper\" ><div class=\"grve-element grve-box-icon grve-large grve-top-icon grve-align-center\" style=\"\"><div class=\"grve-image-icon\"><img loading=\"lazy\" decoding=\"async\" width=\"157\" height=\"157\" src=\"https:\/\/bio4plas.com\/wp-content\/uploads\/2022\/01\/pt2020icon.png\" class=\"attachment-full size-full\" alt=\"\" srcset=\"https:\/\/bio4plas.com\/wp-content\/uploads\/2022\/01\/pt2020icon.png 157w, https:\/\/bio4plas.com\/wp-content\/uploads\/2022\/01\/pt2020icon-150x150.png 150w, https:\/\/bio4plas.com\/wp-content\/uploads\/2022\/01\/pt2020icon-12x12.png 12w\" sizes=\"auto, (max-width: 157px) 100vw, 157px\" \/><\/div><div class=\"grve-box-content\"><div class=\"grve-box-title-wrapper\"><h3 class=\"grve-box-title grve-h6\">SI Innovation No. 179603<\/h3><\/div>  <p class=\"\">Training of Bio4Plas for the production of an innovative, bio-based, biodegradable and bioneutral polymer.<\/p><\/div><\/div><div class=\"grve-empty-space grve-height-1x\" style=\"\"><\/div><div class=\"grve-element grve-align-center\"><a href=\"https:\/\/bio4plas.com\/wp-content\/uploads\/2022\/01\/FichaProjeto_Bio4Plas_SI_Inovacao179603.pdf\" title=\"Project Sheet\" target=\"_blank\" rel=\"noopener noreferrer\" class=\"grve-btn grve-btn-medium grve-square grve-bg-primary-1 grve-bg-hover-black grve-btn-line\"><span><i class=\"far fa-file-pdf\"><\/i>Project Sheet<\/span><\/a><\/div><\/div><\/div><div class=\"grve-column wpb_column grve-column-1-2\" ><div class=\"grve-column-wrapper\" ><div class=\"grve-element grve-box-icon grve-large grve-top-icon grve-align-center\" style=\"\"><div class=\"grve-image-icon\"><img loading=\"lazy\" decoding=\"async\" width=\"157\" height=\"157\" src=\"https:\/\/bio4plas.com\/wp-content\/uploads\/2022\/01\/pt2020icon.png\" class=\"attachment-full size-full\" alt=\"\" srcset=\"https:\/\/bio4plas.com\/wp-content\/uploads\/2022\/01\/pt2020icon.png 157w, https:\/\/bio4plas.com\/wp-content\/uploads\/2022\/01\/pt2020icon-150x150.png 150w, https:\/\/bio4plas.com\/wp-content\/uploads\/2022\/01\/pt2020icon-12x12.png 12w\" sizes=\"auto, (max-width: 157px) 100vw, 157px\" \/><\/div><div class=\"grve-box-content\"><div class=\"grve-box-title-wrapper\"><h3 class=\"grve-box-title grve-h6\">+COESO n\u00ba CENTRO-05-4740-FSE-001841<\/h3><\/div>  <p class=\"\">Bio4Plas training for the production of an innovative polymer<\/p><\/div><\/div><div class=\"grve-empty-space grve-height-1x\" style=\"\"><\/div><div class=\"grve-element grve-align-center\"><a href=\"https:\/\/bio4plas.com\/wp-content\/uploads\/2022\/01\/FichaProjeto_Bio4Plas_COESO_CENTRO-05-4740-FSE-001841.pdf\" title=\"Project Sheet\" target=\"_blank\" rel=\"noopener noreferrer\" class=\"grve-btn grve-btn-medium grve-square grve-bg-primary-1 grve-bg-hover-black grve-btn-line\"><span><i class=\"far fa-file-pdf\"><\/i>Project Sheet<\/span><\/a><\/div><\/div><\/div><\/div><\/div><div class=\"grve-background-wrapper\"><\/div><\/div>","protected":false},"excerpt":{"rendered":"ViTex: Valoriza\u00e7\u00e3o Integrada de Res\u00edduos Vitivin\u00edcolas p\/ a Sustentabilidade Agr\u00edcola O projeto ViTex, realizado em copromo\u00e7\u00e3o, pretende valorizar a lenha proveniente da poda das vinhas, transformando-a em produtos \u00fateis e sustent\u00e1veis.Ficha de ProjetoMoreWood O projeto MoreWood procura desenvolver placas isolantes de madeira e agrofibras, destacando-se pela leveza, facilidade de manuseio e excelentes propriedades mec\u00e2nicas, com [...]","protected":false},"author":1,"featured_media":0,"parent":0,"menu_order":0,"comment_status":"closed","ping_status":"closed","template":"","meta":{"footnotes":""},"class_list":["post-698","page","type-page","status-publish","hentry"],"_links":{"self":[{"href":"https:\/\/bio4plas.com\/en\/wp-json\/wp\/v2\/pages\/698","targetHints":{"allow":["GET"]}}],"collection":[{"href":"https:\/\/bio4plas.com\/en\/wp-json\/wp\/v2\/pages"}],"about":[{"href":"https:\/\/bio4plas.com\/en\/wp-json\/wp\/v2\/types\/page"}],"author":[{"embeddable":true,"href":"https:\/\/bio4plas.com\/en\/wp-json\/wp\/v2\/users\/1"}],"replies":[{"embeddable":true,"href":"https:\/\/bio4plas.com\/en\/wp-json\/wp\/v2\/comments?post=698"}],"version-history":[{"count":21,"href":"https:\/\/bio4plas.com\/en\/wp-json\/wp\/v2\/pages\/698\/revisions"}],"predecessor-version":[{"id":23332,"href":"https:\/\/bio4plas.com\/en\/wp-json\/wp\/v2\/pages\/698\/revisions\/23332"}],"wp:attachment":[{"href":"https:\/\/bio4plas.com\/en\/wp-json\/wp\/v2\/media?parent=698"}],"curies":[{"name":"wp","href":"https:\/\/api.w.org\/{rel}","templated":true}]}}