{"id":9442,"date":"2023-07-12T09:18:41","date_gmt":"2023-07-12T09:18:41","guid":{"rendered":"https:\/\/bio4plas.com\/?page_id=9442"},"modified":"2023-07-12T15:30:51","modified_gmt":"2023-07-12T15:30:51","slug":"polimeros-recuperados","status":"publish","type":"page","link":"https:\/\/bio4plas.com\/en\/polimeros-recuperados\/","title":{"rendered":"Recovered Polymers"},"content":{"rendered":"<div class=\"grve-section grve-row-section grve-fullwidth-background grve-padding-top-1x grve-padding-bottom-1x grve-bg-none\"><div class=\"grve-container\"><div class=\"grve-row grve-bookmark grve-columns-gap-30\"><div class=\"grve-column wpb_column grve-column-1\" ><div class=\"grve-column-wrapper\" ><div class=\"grve-element grve-text\">\r\n\t\t\t<p>Based on the circular economy principle, our Customers can add value to their by-products and production waste with Bio4Plas.<\/p>\n\r\n\t\t<\/div>\r\n\t<\/div><\/div><\/div><\/div><div class=\"grve-background-wrapper\"><\/div><\/div><div class=\"grve-section grve-row-section grve-fullwidth-background grve-padding-top-1x grve-padding-bottom-1x grve-bg-none\"><div class=\"grve-container\"><div class=\"grve-row grve-bookmark grve-columns-gap-30\"><div class=\"grve-column wpb_column grve-column-1\" ><div class=\"grve-column-wrapper\" ><div class=\"grve-element grve-image grve-align-center\" style=\"\">  <div class=\"grve-image-wrapper\"><img loading=\"lazy\" decoding=\"async\" width=\"1299\" height=\"565\" src=\"https:\/\/bio4plas.com\/wp-content\/uploads\/2023\/07\/passado_linear_presente_circular.png\" class=\"attachment-full size-full\" alt=\"\" srcset=\"https:\/\/bio4plas.com\/wp-content\/uploads\/2023\/07\/passado_linear_presente_circular.png 1299w, https:\/\/bio4plas.com\/wp-content\/uploads\/2023\/07\/passado_linear_presente_circular-300x130.png 300w, https:\/\/bio4plas.com\/wp-content\/uploads\/2023\/07\/passado_linear_presente_circular-1024x445.png 1024w, https:\/\/bio4plas.com\/wp-content\/uploads\/2023\/07\/passado_linear_presente_circular-768x334.png 768w, https:\/\/bio4plas.com\/wp-content\/uploads\/2023\/07\/passado_linear_presente_circular-18x8.png 18w\" sizes=\"auto, (max-width: 1299px) 100vw, 1299px\" \/>   <\/div><\/div><\/div><\/div><\/div><\/div><div class=\"grve-background-wrapper\"><\/div><\/div><div class=\"grve-section grve-row-section grve-fullwidth-background grve-padding-top-1x grve-padding-bottom-1x grve-bg-none\"><div class=\"grve-container\"><div class=\"grve-row grve-bookmark grve-columns-gap-30\"><div class=\"grve-column wpb_column grve-column-1\" ><div class=\"grve-column-wrapper\" ><div class=\"grve-element grve-text\">\r\n\t\t\t<p>By-products and waste are transformed into recovered raw material that can be used again in the Customer&#039;s manufacturing process.<\/p>\n\r\n\t\t<\/div>\r\n\t<\/div><\/div><\/div><\/div><div class=\"grve-background-wrapper\"><\/div><\/div><div class=\"grve-section grve-row-section grve-fullwidth-background grve-padding-top-1x grve-padding-bottom-1x grve-bg-none\"><div class=\"grve-container\"><div class=\"grve-row grve-bookmark grve-columns-gap-30\"><div class=\"grve-column wpb_column grve-column-1\" ><div class=\"grve-column-wrapper\" ><div class=\"grve-element grve-image grve-align-center\" style=\"\">  <div class=\"grve-image-wrapper\"><img loading=\"lazy\" decoding=\"async\" width=\"886\" height=\"340\" src=\"https:\/\/bio4plas.com\/wp-content\/uploads\/2023\/07\/valorizacao_sub_produtos.png\" class=\"attachment-full size-full\" alt=\"\" srcset=\"https:\/\/bio4plas.com\/wp-content\/uploads\/2023\/07\/valorizacao_sub_produtos.png 886w, https:\/\/bio4plas.com\/wp-content\/uploads\/2023\/07\/valorizacao_sub_produtos-300x115.png 300w, https:\/\/bio4plas.com\/wp-content\/uploads\/2023\/07\/valorizacao_sub_produtos-768x295.png 768w, https:\/\/bio4plas.com\/wp-content\/uploads\/2023\/07\/valorizacao_sub_produtos-18x7.png 18w\" sizes=\"auto, (max-width: 886px) 100vw, 886px\" \/>   <\/div><\/div><\/div><\/div><\/div><\/div><div class=\"grve-background-wrapper\"><\/div><\/div><div class=\"grve-section grve-row-section grve-fullwidth-background grve-padding-top-1x grve-padding-bottom-1x grve-bg-none\"><div class=\"grve-container\"><div class=\"grve-row grve-bookmark grve-columns-gap-30\"><div class=\"grve-column wpb_column grve-column-1\" ><div class=\"grve-column-wrapper\" ><div class=\"grve-element grve-text\">\r\n\t\t\t<p>Reduce your waste and value all the material you produce.<\/p>\n\r\n\t\t<\/div>\r\n\t<\/div><\/div><\/div><\/div><div class=\"grve-background-wrapper\"><\/div><\/div><div class=\"grve-section grve-row-section grve-fullwidth-background grve-padding-top-1x grve-padding-bottom-1x grve-bg-none\"><div class=\"grve-container\"><div class=\"grve-row grve-bookmark grve-columns-gap-30\"><div class=\"grve-column wpb_column grve-column-1\" ><div class=\"grve-column-wrapper\" ><div class=\"grve-empty-space grve-height-1x\" style=\"\"><\/div><div class=\"grve-element grve-align-left\"><a href=\"https:\/\/bio4plas.com\/en\/quem-somos\/\" title=\"Who we are\" class=\"grve-btn grve-btn-medium grve-square grve-bg-primary-1 grve-bg-hover-black grve-btn-line\"><span><i class=\"smp-icon-arrow-left\"><\/i>Who we are<\/span><\/a><\/div><\/div><\/div><\/div><\/div><div class=\"grve-background-wrapper\"><\/div><\/div>","protected":false},"excerpt":{"rendered":"Tendo como base o princ\u00edpio da economia circular, os nossos Clientes podem valorizar os seus sub-produtos e desperd\u00edcios de produ\u00e7\u00e3o com a Bio4Plas. Os sub-produtos e desperd\u00edcios s\u00e3o tansformados em mat\u00e9ria-prima recuperada que poder\u00e1 ser novamente utilizada no processo de fabrico do Cliente. Reduza os seus res\u00edduos e valorize todo o material que produz. Quem [...]","protected":false},"author":1,"featured_media":0,"parent":0,"menu_order":0,"comment_status":"closed","ping_status":"closed","template":"","meta":{"footnotes":""},"class_list":["post-9442","page","type-page","status-publish","hentry"],"_links":{"self":[{"href":"https:\/\/bio4plas.com\/en\/wp-json\/wp\/v2\/pages\/9442","targetHints":{"allow":["GET"]}}],"collection":[{"href":"https:\/\/bio4plas.com\/en\/wp-json\/wp\/v2\/pages"}],"about":[{"href":"https:\/\/bio4plas.com\/en\/wp-json\/wp\/v2\/types\/page"}],"author":[{"embeddable":true,"href":"https:\/\/bio4plas.com\/en\/wp-json\/wp\/v2\/users\/1"}],"replies":[{"embeddable":true,"href":"https:\/\/bio4plas.com\/en\/wp-json\/wp\/v2\/comments?post=9442"}],"version-history":[{"count":5,"href":"https:\/\/bio4plas.com\/en\/wp-json\/wp\/v2\/pages\/9442\/revisions"}],"predecessor-version":[{"id":9476,"href":"https:\/\/bio4plas.com\/en\/wp-json\/wp\/v2\/pages\/9442\/revisions\/9476"}],"wp:attachment":[{"href":"https:\/\/bio4plas.com\/en\/wp-json\/wp\/v2\/media?parent=9442"}],"curies":[{"name":"wp","href":"https:\/\/api.w.org\/{rel}","templated":true}]}}