{"id":10884,"date":"2023-11-09T14:14:39","date_gmt":"2023-11-09T14:14:39","guid":{"rendered":"https:\/\/bio4plas.com\/?page_id=10884"},"modified":"2023-11-09T14:14:39","modified_gmt":"2023-11-09T14:14:39","slug":"avaliacao-de-fornecedores","status":"publish","type":"page","link":"https:\/\/bio4plas.com\/es\/avaliacao-de-fornecedores\/","title":{"rendered":"Evaluaci\u00f3n de proveedores"},"content":{"rendered":"<p>La evaluaci\u00f3n de proveedores consiste en asignar una calificaci\u00f3n, en base a una serie de criterios que permiten calificar el desempe\u00f1o del proveedor en relaci\u00f3n con la calidad del bien\/servicio prestado.<\/p>\n<p>1. Evaluaci\u00f3n inicial de un nuevo proveedor<\/p>\n<p>La evaluaci\u00f3n inicial se realiza tan pronto como se considera que el proveedor proporciona el bien o servicio en cuesti\u00f3n que tiene una influencia directa sobre el producto.<br \/>\nLos criterios definidos para la evaluaci\u00f3n inicial son los siguientes:<\/p>\n<ul>\n<li>Certificaci\u00f3n (C):<br \/>\no Certificaci\u00f3n 9001, 14001 y 45001 (3 normas) \u2013 5 puntos<br \/>\no Certificaci\u00f3n 9001 y\/o 14001 y\/o 45001 (2 normas) \u2013 4 puntos<br \/>\no Certificaci\u00f3n 9001 o 14001 o 45001 (1 norma) \u2013 3 puntos<br \/>\no En proceso de implementaci\u00f3n \u2013 1 punto<br \/>\no Sin certificaci\u00f3n \u2013 0 puntos<\/li>\n<li>Presentaci\u00f3n de presupuesto (O):<br \/>\no Hasta 3 d\u00edas \u2013 5 puntos<br \/>\no Hasta 5 d\u00edas \u2013 3 puntos<br \/>\no Hasta 10 d\u00edas \u2013 1 punto<br \/>\no &gt; 10 d\u00edas \u2013 0 puntos<\/li>\n<li>Condiciones de contrataci\u00f3n y pago (CP):<br \/>\no Hasta 60 d\u00edas \u2013 5 puntos<br \/>\no Hasta 30 d\u00edas \u2013 3 puntos<br \/>\no Pago puntual \u2013 1 punto<br \/>\no Prepago \u2013 0 puntos<\/li>\n<li>Ubicaci\u00f3n (L):<br \/>\no Hasta 20 km \u2013 5 puntos<br \/>\no Hasta 50 km \u2013 3 puntos<br \/>\no Hasta 100 km \u2013 1 punto<br \/>\no &gt; 100 km \u2013 0 puntos<\/li>\n<li>Precio (P) \u2013 Mapa comparativo:<br \/>\no Precio m\u00e1s bajo \u2013 5 puntos<br \/>\no Mismo precio \u2013 3 puntos<br \/>\no Precio m\u00e1s alto \u2013 0 puntos<\/li>\n<\/ul>\n<p>La suma de los cuatro criterios da lugar al nivel en el que se encuentra el proveedor (AI=C+O+CP+L+P):<\/p>\n<p>Evaluaci\u00f3n de nivel<br \/>\n20\u2264AI&gt;25 Proveedor preferido<br \/>\n15\u2264AI&gt;20 Proveedor alternativo<br \/>\n7\u2264AI&gt;15 Proveedor a comprobar m\u00e1s adelante<br \/>\nIA &lt;7 No considerar<\/p>\n<p>Excepcionalmente, si no existen proveedores alternativos, no se podr\u00e1 considerar la evaluaci\u00f3n inicial y Bio4Plas podr\u00e1 mantener relaciones con un proveedor con baja evaluaci\u00f3n hasta que tenga una alternativa viable.<\/p>\n<p>2. Evaluaci\u00f3n continua de proveedores<\/p>\n<p>La evaluaci\u00f3n continua de proveedores se realiza cada 2 a\u00f1os a todos los proveedores que suministran bienes o servicios con influencia directa en el producto.<\/p>\n<p>Los criterios definidos para la evaluaci\u00f3n continua de proveedores son los siguientes:<\/p>\n<ul>\n<li>Certificaci\u00f3n<\/li>\n<li>Cumplimiento de requisitos de compra (Cantidad y referencia)<\/li>\n<li>Env\u00edo de presupuesto dentro del importe establecido<\/li>\n<li>Plazo de entrega (entre el pedido y el suministro)<\/li>\n<li>Cumplimiento del plazo de entrega<\/li>\n<li>Calidad de productos\/servicios<\/li>\n<li>N\u00famero de no conformidades<\/li>\n<li>Disponibilidad para aclaraciones.<\/li>\n<li>Rapidez y eficacia de respuesta<\/li>\n<li>Desempe\u00f1o ambiental y de seguridad<\/li>\n<\/ul>\n<p>La evaluaci\u00f3n continua del proveedor se realiza sumando el valor obtenido para cada uno de los criterios, en base a esta distribuci\u00f3n:<\/p>\n<p>Descripci\u00f3n del valor<br \/>\n0 No cumple<br \/>\n0,5 Cumple menos de 50%<br \/>\n1 Cumple con 50%<br \/>\n1.5 Cumple con m\u00e1s de 50%<br \/>\n2 Cumple totalmente<\/p>\n<p>La calificaci\u00f3n del proveedor ser\u00e1 de 0 a 20 y as\u00ed se define su nivel considerando la distribuci\u00f3n de la primera tabla.<\/p>\n<p>Luego de la evaluaci\u00f3n, se verifica en qu\u00e9 nivel se encuentra ahora el proveedor respecto a la \u00faltima evaluaci\u00f3n (inicial o continua):<\/p>\n<ul>\n<li>Mismo nivel;<\/li>\n<li>Nivel superior;<\/li>\n<li>Nivel inferior \u2013 en el caso de cambiar a un proveedor alternativo o a verificar posteriormente, Bio4Plas informar\u00e1 al proveedor, v\u00eda correo electr\u00f3nico, de los puntos a mejorar en futuros suministros. En caso de tener una evaluaci\u00f3n continua por m\u00e1s de 2 a\u00f1os inferior a 5, el proveedor ser\u00e1 excluido de la base de datos de proveedores.<\/li>\n<\/ul>","protected":false},"excerpt":{"rendered":"<p>A avalia\u00e7\u00e3o de fornecedores consiste na atribui\u00e7\u00e3o de uma classifica\u00e7\u00e3o, tendo como base uma s\u00e9rie de crit\u00e9rios que permitem pontuar o desempenho do fornecedor em rela\u00e7\u00e3o \u00e0 qualidade do bem\/servi\u00e7o fornecido. 1. Avalia\u00e7\u00e3o inicial de um novo fornecedor A avalia\u00e7\u00e3o inicial \u00e9 realizada assim que o fornecedor \u00e9 considerado para fornecer o bem ou o [&hellip;]<\/p>\n","protected":false},"author":1,"featured_media":0,"parent":0,"menu_order":0,"comment_status":"closed","ping_status":"closed","template":"","meta":{"footnotes":""},"class_list":["post-10884","page","type-page","status-publish","hentry"],"_links":{"self":[{"href":"https:\/\/bio4plas.com\/es\/wp-json\/wp\/v2\/pages\/10884","targetHints":{"allow":["GET"]}}],"collection":[{"href":"https:\/\/bio4plas.com\/es\/wp-json\/wp\/v2\/pages"}],"about":[{"href":"https:\/\/bio4plas.com\/es\/wp-json\/wp\/v2\/types\/page"}],"author":[{"embeddable":true,"href":"https:\/\/bio4plas.com\/es\/wp-json\/wp\/v2\/users\/1"}],"replies":[{"embeddable":true,"href":"https:\/\/bio4plas.com\/es\/wp-json\/wp\/v2\/comments?post=10884"}],"version-history":[{"count":1,"href":"https:\/\/bio4plas.com\/es\/wp-json\/wp\/v2\/pages\/10884\/revisions"}],"predecessor-version":[{"id":10885,"href":"https:\/\/bio4plas.com\/es\/wp-json\/wp\/v2\/pages\/10884\/revisions\/10885"}],"wp:attachment":[{"href":"https:\/\/bio4plas.com\/es\/wp-json\/wp\/v2\/media?parent=10884"}],"curies":[{"name":"gracias","href":"https:\/\/api.w.org\/{rel}","templated":true}]}}