{"id":117,"date":"2021-04-20T09:52:58","date_gmt":"2021-04-20T09:52:58","guid":{"rendered":"https:\/\/bio4plas.com\/?page_id=117"},"modified":"2021-04-20T10:21:05","modified_gmt":"2021-04-20T10:21:05","slug":"carreiras","status":"publish","type":"page","link":"https:\/\/bio4plas.com\/es\/carreiras\/","title":{"rendered":"Oportunidades profesionales"},"content":{"rendered":"<div class=\"grve-section grve-row-section grve-fullwidth-background grve-padding-top-1x grve-padding-bottom-1x grve-bg-none\"><div class=\"grve-container\"><div class=\"grve-row grve-bookmark grve-columns-gap-30\"><div class=\"grve-column wpb_column grve-column-1\" ><div class=\"grve-column-wrapper\" >\n\t<div class=\"wpb_raw_code wpb_raw_html wpb_content_element\" >\n\t\t<div class=\"wpb_wrapper\">\n\t\t\t<div class=\"sjb-page\">\r\n<!-- Start: Jobs Listing Wrapper -->\r\n\r\n\r\n<!-- Start Job Filters\r\n================================================== -->\r\n<div class=\"sjb-filters-v2\">\r\n        <form class=\"filters-form\" action=\"https:\/\/bio4plas.com\/es\/carreiras\/\" method=\"get\" data-trp-original-action=\"https:\/\/bio4plas.com\/es\/carreiras\/\">\r\n        <div class=\"row\">\r\n                    <\/div>\r\n    <input type=\"hidden\" name=\"trp-form-language\" value=\"es\"\/><\/form>\r\n<\/div>\r\n<!-- ==================================================\r\nEnd Job Filters -->\r\n\r\n\r\n<div class=\"sjb-listing\">\r\n        <!-- start Jobs Listing: List View -->\r\n    <div class=\"list-view\">\r\n        \r\n    \r\n<!-- Start Jobs List View \r\n================================================== -->\r\n<div class=\"list-data\">\r\n    <div class=\"v2 sjb-job-9154\">\r\n\r\n        <!-- Jobs List view header -->\r\n        <header>\r\n            <div class=\"row\">\r\n                \r\n                <div class=\"col-md-12 col-sm-12\">\r\n                    <div class=\"sjb-company-wrapper-details-list\">\r\n                        <div class=\"row\">\r\n                            \r\n<!-- Start Company Logo\r\n================================================== -->\r\n<div class=\"col-md-8 col-sm-8\">\r\n    \r\n    <!-- ==================================================\r\nEnd Company Logo -->\r\n\r\n    <div class=\"sjb-without-logo\">\r\n    <div class=\"job-info job-without-company\">\r\n        <h4>\r\n            <a href=\"https:\/\/bio4plas.com\/es\/jobs\/comercial-senior\/\">\r\n                <span class=\"job-title\">comercial senior<\/span>            <\/a>\r\n        <\/h4>\r\n        <div class=\"sjb-company-details\">\r\n                    <\/div>\r\n            <\/div>\r\n<\/div>\r\n<\/div>\r\n\r\n<!-- Start apply now button\r\n================================================== -->\r\n<div class=\"col-md-4 col-sm-4 col-xs-12 sjb-apply-now-btn\">\r\n\t<p><a href=\"https:\/\/bio4plas.com\/es\/jobs\/comercial-senior\/\" class=\"btn btn-primary\">aplica ya<\/a><\/p><\/div>\r\n<!-- ==================================================\r\nEnd apply now button -->\r\n\r\n                        <\/div>\r\n                    <\/div>\r\n                <\/div>\r\n             \r\n                <div class=\"clearfix\"><\/div>\r\n                <div class=\"col-md-12 col-sm-12\">\r\n                    <div class=\"sjb-job-type-location-date\">\r\n                        <div class=\"row\">\r\n                        \r\n<!-- Start Job Type\r\n================================================== -->\r\n\t<div class=\"col-md-2 col-sm-4 col-xs-12\">\r\n                <div class=\"job-type\"><i class=\"fa fa-briefcase\"><\/i>Tiempo completo<\/div>\r\n    <\/div>\r\n \r\n<!-- ==================================================\r\nEnd Job Type -->\r\n\r\n\r\n<!-- Start Job's Location\r\n================================================== -->\r\n<!-- ==================================================\r\nEnd Job's Location -->\r\n\r\n\r\n<!-- Start Job Posted Date\r\n================================================== -->\r\n\t<div class=\"col-md-4 col-sm-4 col-xs-12\">\r\n                <div class=\"job-date\"><i class=\"fa  fa-calendar-check\"><\/i>Publicado hace 3 a\u00f1os<\/div>\r\n\t<\/div>\r\n<!-- ==================================================\r\nEnd Job Posted Date -->\r\n\r\n                        <\/div>\r\n                    <\/div>\r\n\r\n                <\/div>\r\n            <\/div>\r\n            \r\n        <\/header>\r\n        \r\n\r\n        \r\n    <!-- View more content start\r\n    ================================= -->\r\n    \r\n<!-- View long content start \r\n================================================== -->\r\n<div class=\"sjb_more_content\" id=\"sjb_more_content_9154\">\r\n    Bio4Plas \u2013 Biopol\u00edmeros, Lda es una empresa productora de biocompositos y biopol\u00edmeros, siempre enfocada a la sostenibilidad basada en la econom\u00eda circular.\r\n\r\n<u>Funciones:<\/u>\r\n<ul>\r\n \t<li>Estudio, an\u00e1lisis de mercado e identificaci\u00f3n de nuevas oportunidades de negocio;<\/li>\r\n \t<li>Establecimiento de una pol\u00edtica comercial compartida con la administraci\u00f3n;<\/li>\r\n \t<li>Relaci\u00f3n con clientes con los que la empresa ya tiene proyectos en curso y captaci\u00f3n de nuevos clientes que puedan ofrecer proyectos que se encuentren dentro del \u00e1mbito de las actividades de la empresa;<\/li>\r\n \t<li>Seguimiento de procesos de negociaci\u00f3n;<\/li>\r\n \t<li>Gestionar comercialmente la cartera de clientes a medida que se generan nuevos negocios: an\u00e1lisis de necesidades de clientes, soluciones\/productos complementarios, entre otros;<\/li>\r\n<\/ul>\r\n<u>\u00a0<\/u>\r\n\r\n<u>Perfil:<\/u>\r\n<ul>\r\n \t<li>Formaci\u00f3n superior;<\/li>\r\n \t<li>Experiencia comprobada en el \u00e1rea comercial (preferiblemente en el campo de los pol\u00edmeros);<\/li>\r\n \t<li>Experiencia en gesti\u00f3n de equipos (deseable);<\/li>\r\n \t<li>Buenas habilidades de negociaci\u00f3n y desarrollo de negocios para agregar valor a la empresa;<\/li>\r\n \t<li>fluido en ingl\u00e9s y espa\u00f1ol;<\/li>\r\n \t<li>Capacidad de resoluci\u00f3n de problemas;<\/li>\r\n \t<li>Dinamismo, responsabilidad y trabajo en equipo.<\/li>\r\n<\/ul>\r\n&nbsp;\r\n\r\nOfrece:\r\n<ul>\r\n \t<li>Integraci\u00f3n en un proyecto innovador enfocado a la sustentabilidad;<\/li>\r\n \t<li>Integraci\u00f3n en un equipo joven y din\u00e1mico;<\/li>\r\n \t<li>Salario seg\u00fan experiencia;<\/li>\r\n \t<li>Plan de formaci\u00f3n y crecimiento profesional dentro de la empresa.<\/li>\r\n<\/ul>    \r\n<!-- Start Job Features\r\n================================================== -->\r\n<div class=\"job-features\">\r\n    \r\n    <table class=\"table\">\r\n        <tbody>\r\n                    <\/tbody>\r\n    <\/table>\r\n\r\n<\/div>\r\n<!-- ==================================================\r\nEnd Job Features -->\r\n\r\n<div class=\"clearfix\"><\/div>\r\n<\/div>\r\n\r\n<div class=\"sjb-view-less-btn\" id=\"sjb_view_less_btn_9154\">\r\n    <a data-id=\"9154\" class=\"sjb_view_less_btn sjb_view_more_btn\">\r\n        Ver menos            \r\n    <\/a>\r\n<\/div>\r\n<!-- ==================================================\r\nView long content end  -->\r\n\r\n    <!-- View more content end\r\n    ================================= -->\r\n\r\n    <!-- Start Job Short Description \r\n    ================================================== -->\r\n    <div class=\"job-description-list\">\r\n        <div id=\"sjb_less_content_9154\"><p>Bio4Plas \u2013 Biopol\u00edmeros, Lda es una empresa productora de biocompositos y biopol\u00edmeros, siempre enfocada a la sostenibilidad basada en la econom\u00eda circular. Funciones: Estudio, an\u00e1lisis de mercado e i...<\/p><\/div>    <\/div>\r\n    <!-- ==================================================\r\n    End Job Short Description  -->\r\n\r\n        <\/div>\r\n<\/div>\r\n<!-- ==================================================\r\nEnd Jobs List View -->\r\n\r\n<div class=\"clearfix\"><\/div>\r\n\r\n\r\n<!-- Start Jobs List View \r\n================================================== -->\r\n<div class=\"list-data\">\r\n    <div class=\"v2 sjb-job-127\">\r\n\r\n        <!-- Jobs List view header -->\r\n        <header>\r\n            <div class=\"row\">\r\n                \r\n                <div class=\"col-md-12 col-sm-12\">\r\n                    <div class=\"sjb-company-wrapper-details-list\">\r\n                        <div class=\"row\">\r\n                            \r\n<!-- Start Company Logo\r\n================================================== -->\r\n<div class=\"col-md-8 col-sm-8\">\r\n    \r\n    <!-- ==================================================\r\nEnd Company Logo -->\r\n\r\n    <div class=\"sjb-without-logo\">\r\n    <div class=\"job-info job-without-company\">\r\n        <h4>\r\n            <a href=\"https:\/\/bio4plas.com\/es\/jobs\/candidatura-espontanea\/\">\r\n                <span class=\"job-title\">Candidatura espont\u00e1nea<\/span>            <\/a>\r\n        <\/h4>\r\n        <div class=\"sjb-company-details\">\r\n                    <\/div>\r\n            <\/div>\r\n<\/div>\r\n<\/div>\r\n\r\n<!-- Start apply now button\r\n================================================== -->\r\n<div class=\"col-md-4 col-sm-4 col-xs-12 sjb-apply-now-btn\">\r\n\t<p><a href=\"https:\/\/bio4plas.com\/es\/jobs\/candidatura-espontanea\/\" class=\"btn btn-primary\">aplica ya<\/a><\/p><\/div>\r\n<!-- ==================================================\r\nEnd apply now button -->\r\n\r\n                        <\/div>\r\n                    <\/div>\r\n                <\/div>\r\n             \r\n                <div class=\"clearfix\"><\/div>\r\n                <div class=\"col-md-12 col-sm-12\">\r\n                    <div class=\"sjb-job-type-location-date\">\r\n                        <div class=\"row\">\r\n                        \r\n<!-- Start Job Type\r\n================================================== -->\r\n\t<div class=\"col-md-2 col-sm-4 col-xs-12\">\r\n                <div class=\"job-type\"><i class=\"fa fa-briefcase\"><\/i>Tiempo completo medio Tiempo<\/div>\r\n    <\/div>\r\n \r\n<!-- ==================================================\r\nEnd Job Type -->\r\n\r\n\r\n<!-- Start Job's Location\r\n================================================== -->\r\n<!-- ==================================================\r\nEnd Job's Location -->\r\n\r\n\r\n<!-- Start Job Posted Date\r\n================================================== -->\r\n\t<div class=\"col-md-4 col-sm-4 col-xs-12\">\r\n                <div class=\"job-date\"><i class=\"fa  fa-calendar-check\"><\/i>Publicado hace 5 a\u00f1os<\/div>\r\n\t<\/div>\r\n<!-- ==================================================\r\nEnd Job Posted Date -->\r\n\r\n                        <\/div>\r\n                    <\/div>\r\n\r\n                <\/div>\r\n            <\/div>\r\n            \r\n        <\/header>\r\n        \r\n\r\n        \r\n    <!-- View more content start\r\n    ================================= -->\r\n    \r\n<!-- View long content start \r\n================================================== -->\r\n<div class=\"sjb_more_content\" id=\"sjb_more_content_127\">\r\n    <h4>Principales responsabilidades<\/h4>\r\n<ul>\r\n \t<li>Esta opci\u00f3n est\u00e1 reservada para aplicaciones espont\u00e1neas.<\/li>\r\n<\/ul>\r\n<h4>Requisitos<\/h4>\r\n<ul>\r\n \t<li>Solicitudes para otras \u00e1reas profesionales \/ ofertas in\u00e9ditas.<\/li>\r\n<\/ul>    \r\n<!-- Start Job Features\r\n================================================== -->\r\n<div class=\"job-features\">\r\n    \r\n    <table class=\"table\">\r\n        <tbody>\r\n                    <\/tbody>\r\n    <\/table>\r\n\r\n<\/div>\r\n<!-- ==================================================\r\nEnd Job Features -->\r\n\r\n<div class=\"clearfix\"><\/div>\r\n<\/div>\r\n\r\n<div class=\"sjb-view-less-btn\" id=\"sjb_view_less_btn_127\">\r\n    <a data-id=\"127\" class=\"sjb_view_less_btn sjb_view_more_btn\">\r\n        Ver menos            \r\n    <\/a>\r\n<\/div>\r\n<!-- ==================================================\r\nView long content end  -->\r\n\r\n    <!-- View more content end\r\n    ================================= -->\r\n\r\n    <!-- Start Job Short Description \r\n    ================================================== -->\r\n    <div class=\"job-description-list\">\r\n        <div id=\"sjb_less_content_127\"><p>Siempre buscamos el mejor talento. Si no ha podido encontrar la vacante que busca, env\u00ede su candidatura espont\u00e1nea.<\/p><\/div>    <\/div>\r\n    <!-- ==================================================\r\n    End Job Short Description  -->\r\n\r\n        <\/div>\r\n<\/div>\r\n<!-- ==================================================\r\nEnd Jobs List View -->\r\n\r\n<div class=\"clearfix\"><\/div>\r\n\r\n\r\n    <\/div> <!-- end Jobs Listing: List View -->\r\n<\/div>\r\n<!-- End: Jobs Listing -->\r\n\r\n<div class=\"clearfix\"><\/div>\r\n<\/div>\r\n<!-- End: Jobs Listing Wrapper -->\r\n\r\n\n\t\t<\/div>\n\t<\/div>\n<\/div><\/div><\/div><\/div><div class=\"grve-background-wrapper\"><\/div><\/div>","protected":false},"excerpt":{"rendered":"Responsabilidades principales Esta opci\u00f3n est\u00e1 reservada para aplicaciones espont\u00e1neas. Requisitos Solicitudes para otros campos profesionales\/ofertas in\u00e9ditas.","protected":false},"author":1,"featured_media":0,"parent":0,"menu_order":0,"comment_status":"closed","ping_status":"closed","template":"","meta":{"footnotes":""},"class_list":["post-117","page","type-page","status-publish","hentry"],"_links":{"self":[{"href":"https:\/\/bio4plas.com\/es\/wp-json\/wp\/v2\/pages\/117","targetHints":{"allow":["GET"]}}],"collection":[{"href":"https:\/\/bio4plas.com\/es\/wp-json\/wp\/v2\/pages"}],"about":[{"href":"https:\/\/bio4plas.com\/es\/wp-json\/wp\/v2\/types\/page"}],"author":[{"embeddable":true,"href":"https:\/\/bio4plas.com\/es\/wp-json\/wp\/v2\/users\/1"}],"replies":[{"embeddable":true,"href":"https:\/\/bio4plas.com\/es\/wp-json\/wp\/v2\/comments?post=117"}],"version-history":[{"count":1,"href":"https:\/\/bio4plas.com\/es\/wp-json\/wp\/v2\/pages\/117\/revisions"}],"predecessor-version":[{"id":118,"href":"https:\/\/bio4plas.com\/es\/wp-json\/wp\/v2\/pages\/117\/revisions\/118"}],"wp:attachment":[{"href":"https:\/\/bio4plas.com\/es\/wp-json\/wp\/v2\/media?parent=117"}],"curies":[{"name":"gracias","href":"https:\/\/api.w.org\/{rel}","templated":true}]}}