{"id":213,"date":"2021-05-20T10:54:09","date_gmt":"2021-05-20T10:54:09","guid":{"rendered":"https:\/\/bio4plas.com\/?page_id=213"},"modified":"2024-01-16T11:20:00","modified_gmt":"2024-01-16T11:20:00","slug":"politica-de-qualidade-ambiente-e-seguranca","status":"publish","type":"page","link":"https:\/\/bio4plas.com\/es\/politica-de-qualidade-ambiente-e-seguranca\/","title":{"rendered":"Pol\u00edtica de calidad, medio ambiente y seguridad"},"content":{"rendered":"<div class=\"grve-section grve-row-section grve-fullwidth-background grve-padding-top-1x grve-padding-bottom-1x grve-bg-none\"><div class=\"grve-container\"><div class=\"grve-row grve-bookmark grve-columns-gap-30\"><div class=\"grve-column wpb_column grve-column-1\" ><div class=\"grve-column-wrapper\" ><div class=\"grve-element grve-text\">\r\n\t\t\t<p>Bio4Plas Management, con el fin de ser una empresa de referencia en el \u00e1rea de producci\u00f3n de biocomposites, define su pol\u00edtica e implementa su estrategia en base a los siguientes principios:<\/p>\n<ol>\n<li>Satisfacer los requerimientos del cliente y, si es posible, superar sus expectativas, debido a la calidad e innovaci\u00f3n de los productos y servicios prestados.<\/li>\n<li>Asegurar la rentabilidad, competitividad y desarrollo sostenible de la empresa, mediante la mejora constante y continua de los procesos productivos y el desarrollo de soluciones innovadoras de alto valor a\u00f1adido.<\/li>\n<li>Velar por el cumplimiento de la legislaci\u00f3n y normativa vigente y mantener permanentemente las actividades y procesos en l\u00ednea con los requisitos ambientales y de seguridad aplicables, as\u00ed como con otros requisitos que la organizaci\u00f3n suscriba.<\/li>\n<li>Analizar y controlar los riesgos y oportunidades que pueden afectar el cumplimiento del servicio, el impacto ambiental y la seguridad y salud de los empleados.<\/li>\n<li>Monitorear y controlar los aspectos ambientales significativos, con el objetivo de minimizar y prevenir los impactos ambientales de todas las actividades, es decir, en t\u00e9rminos de prevenci\u00f3n de la contaminaci\u00f3n, uso eficiente de los recursos, conservaci\u00f3n de la biodiversidad y eficiencia energ\u00e9tica.<\/li>\n<li>Identificar, evaluar, controlar y sensibilizar a todos los empleados sobre los riesgos a los que pueden estar expuestos, velando por la prevenci\u00f3n de accidentes de trabajo y enfermedades profesionales.<\/li>\n<li>Fomentar la sensibilizaci\u00f3n, formaci\u00f3n y motivaci\u00f3n de todos los empleados.<\/li>\n<li>Establecer un proceso de comunicaci\u00f3n, tanto interno como externo, con el objetivo de informar e involucrar a los empleados y todas las partes interesadas.<\/li>\n<li>Mejorar continuamente el desempe\u00f1o del Sistema de Gesti\u00f3n de Calidad, Medio Ambiente y Seguridad para lograr los objetivos y metas establecidos.<\/li>\n<\/ol>\n<p>Fecha: 03\/07\/2021<\/p>\n\r\n\t\t<\/div>\r\n\t<\/div><\/div><\/div><\/div><div class=\"grve-background-wrapper\"><\/div><\/div>","protected":false},"excerpt":{"rendered":"A Ger\u00eancia da Bio4Plas, com a finalidade de ser uma empresa de refer\u00eancia na \u00e1rea da produ\u00e7\u00e3o de biocomp\u00f3sitos, define a sua pol\u00edtica e implementa a sua estrat\u00e9gia baseada nos seguintes princ\u00edpios: Satisfazer os requisitos do cliente e, se poss\u00edvel, exceder as suas expectativas, pela qualidade e inova\u00e7\u00e3o dos produtos e servi\u00e7os prestados. Assegurar a [...]","protected":false},"author":1,"featured_media":0,"parent":0,"menu_order":0,"comment_status":"closed","ping_status":"closed","template":"","meta":{"footnotes":""},"class_list":["post-213","page","type-page","status-publish","hentry"],"_links":{"self":[{"href":"https:\/\/bio4plas.com\/es\/wp-json\/wp\/v2\/pages\/213","targetHints":{"allow":["GET"]}}],"collection":[{"href":"https:\/\/bio4plas.com\/es\/wp-json\/wp\/v2\/pages"}],"about":[{"href":"https:\/\/bio4plas.com\/es\/wp-json\/wp\/v2\/types\/page"}],"author":[{"embeddable":true,"href":"https:\/\/bio4plas.com\/es\/wp-json\/wp\/v2\/users\/1"}],"replies":[{"embeddable":true,"href":"https:\/\/bio4plas.com\/es\/wp-json\/wp\/v2\/comments?post=213"}],"version-history":[{"count":3,"href":"https:\/\/bio4plas.com\/es\/wp-json\/wp\/v2\/pages\/213\/revisions"}],"predecessor-version":[{"id":11778,"href":"https:\/\/bio4plas.com\/es\/wp-json\/wp\/v2\/pages\/213\/revisions\/11778"}],"wp:attachment":[{"href":"https:\/\/bio4plas.com\/es\/wp-json\/wp\/v2\/media?parent=213"}],"curies":[{"name":"gracias","href":"https:\/\/api.w.org\/{rel}","templated":true}]}}