{"id":698,"date":"2022-01-08T10:21:52","date_gmt":"2022-01-08T10:21:52","guid":{"rendered":"https:\/\/bio4plas.com\/?page_id=698"},"modified":"2026-03-12T12:29:46","modified_gmt":"2026-03-12T12:29:46","slug":"fichas-de-projeto","status":"publish","type":"page","link":"https:\/\/bio4plas.com\/es\/fichas-de-projeto\/","title":{"rendered":"Hojas de proyecto"},"content":{"rendered":"<div class=\"grve-section grve-row-section grve-fullwidth-background grve-padding-top-6x grve-padding-bottom-6x grve-bg-none\"><div class=\"grve-container\"><div class=\"grve-row grve-bookmark grve-columns-gap-60\"><div class=\"grve-column wpb_column grve-column-1-2\" ><div class=\"grve-column-wrapper\" ><\/div><\/div><div class=\"grve-column wpb_column grve-column-1-2\" ><div class=\"grve-column-wrapper\" ><div class=\"grve-element grve-box-icon grve-large grve-top-icon grve-align-center\" style=\"\"><div class=\"grve-image-icon\"><img loading=\"lazy\" decoding=\"async\" width=\"157\" height=\"157\" src=\"https:\/\/bio4plas.com\/wp-content\/uploads\/2022\/01\/pt2020icon.png\" class=\"attachment-full size-full\" alt=\"\" srcset=\"https:\/\/bio4plas.com\/wp-content\/uploads\/2022\/01\/pt2020icon.png 157w, https:\/\/bio4plas.com\/wp-content\/uploads\/2022\/01\/pt2020icon-150x150.png 150w, https:\/\/bio4plas.com\/wp-content\/uploads\/2022\/01\/pt2020icon-12x12.png 12w\" sizes=\"auto, (max-width: 157px) 100vw, 157px\" \/><\/div><div class=\"grve-box-content\"><div class=\"grve-box-title-wrapper\"><h3 class=\"grve-box-title grve-h6\">ViTex: Valorizaci\u00f3n integrada de residuos de producci\u00f3n vin\u00edcola para la sostenibilidad agr\u00edcola<\/h3><\/div>  <p class=\"\">El proyecto ViTex, realizado en copromoci\u00f3n, tiene como objetivo dar valor a la le\u00f1a procedente de la poda de la vid, transform\u00e1ndola en productos \u00fatiles y sostenibles.<\/p><\/div><\/div><div class=\"grve-empty-space grve-height-1x\" style=\"\"><\/div><div class=\"grve-element grve-align-center\"><a href=\"https:\/\/bio4plas.com\/wp-content\/uploads\/2026\/03\/Ficha_de_OperacaoA4_COMPETE-2030_Plastirso.pdf\" title=\"Hoja de proyecto\" target=\"_blank\" rel=\"noopener noreferrer\" class=\"grve-btn grve-btn-medium grve-square grve-bg-primary-1 grve-bg-hover-black grve-btn-line\"><span><i class=\"fa fa-brands fa-accessible-icon\"><\/i>Hoja de proyecto<\/span><\/a><\/div><\/div><\/div><\/div><\/div><div class=\"grve-background-wrapper\"><\/div><\/div><div class=\"grve-section grve-row-section grve-fullwidth-background grve-padding-top-6x grve-padding-bottom-6x grve-bg-none\"><div class=\"grve-container\"><div class=\"grve-row grve-bookmark grve-columns-gap-60\"><div class=\"grve-column wpb_column grve-column-1-2\" ><div class=\"grve-column-wrapper\" ><div class=\"grve-element grve-box-icon grve-large grve-top-icon grve-align-center\" style=\"\"><div class=\"grve-image-icon\"><img loading=\"lazy\" decoding=\"async\" width=\"157\" height=\"157\" src=\"https:\/\/bio4plas.com\/wp-content\/uploads\/2022\/01\/pt2020icon.png\" class=\"attachment-full size-full\" alt=\"\" srcset=\"https:\/\/bio4plas.com\/wp-content\/uploads\/2022\/01\/pt2020icon.png 157w, https:\/\/bio4plas.com\/wp-content\/uploads\/2022\/01\/pt2020icon-150x150.png 150w, https:\/\/bio4plas.com\/wp-content\/uploads\/2022\/01\/pt2020icon-12x12.png 12w\" sizes=\"auto, (max-width: 157px) 100vw, 157px\" \/><\/div><div class=\"grve-box-content\"><div class=\"grve-box-title-wrapper\"><h3 class=\"grve-box-title grve-h6\">M\u00e1s madera<\/h3><\/div>  <p class=\"\">El proyecto MoreWood busca desarrollar tableros aislantes de madera y agrofibra, que se distinguen por su ligereza, facilidad de manejo y excelentes propiedades mec\u00e1nicas, con base biol\u00f3gica.<\/p><\/div><\/div><div class=\"grve-empty-space grve-height-1x\" style=\"\"><\/div><div class=\"grve-element grve-align-center\"><a href=\"https:\/\/bio4plas.com\/wp-content\/uploads\/2025\/09\/FichaProjeto_Bio4Plas_MoreWood_2-.pdf\" title=\"Hoja de proyecto\" target=\"_blank\" rel=\"noopener noreferrer\" class=\"grve-btn grve-btn-medium grve-square grve-bg-primary-1 grve-bg-hover-black grve-btn-line\"><span><i class=\"fa fa-brands fa-accessible-icon\"><\/i>Hoja de proyecto<\/span><\/a><\/div><\/div><\/div><div class=\"grve-column wpb_column grve-column-1-2\" ><div class=\"grve-column-wrapper\" ><div class=\"grve-element grve-box-icon grve-large grve-top-icon grve-align-center\" style=\"\"><div class=\"grve-image-icon\"><img loading=\"lazy\" decoding=\"async\" width=\"157\" height=\"157\" src=\"https:\/\/bio4plas.com\/wp-content\/uploads\/2022\/01\/pt2020icon.png\" class=\"attachment-full size-full\" alt=\"\" srcset=\"https:\/\/bio4plas.com\/wp-content\/uploads\/2022\/01\/pt2020icon.png 157w, https:\/\/bio4plas.com\/wp-content\/uploads\/2022\/01\/pt2020icon-150x150.png 150w, https:\/\/bio4plas.com\/wp-content\/uploads\/2022\/01\/pt2020icon-12x12.png 12w\" sizes=\"auto, (max-width: 157px) 100vw, 157px\" \/><\/div><div class=\"grve-box-content\"><div class=\"grve-box-title-wrapper\"><h3 class=\"grve-box-title grve-h6\">be@t - Bioeconom\u00eda en la Industria Textil<\/h3><\/div>  <p class=\"\">El proyecto be@t tiene como objetivo general crear y consolidar una cadena industrial nacional textil y de confecci\u00f3n verdaderamente innovadora, sostenible y circular.<\/p><\/div><\/div><div class=\"grve-empty-space grve-height-1x\" style=\"\"><\/div><div class=\"grve-element grve-align-center\"><a href=\"https:\/\/bio4plas.com\/wp-content\/uploads\/2023\/08\/FichaProjeto_Bio4Plas_BE@T.pdf\" title=\"Hoja de proyecto\" target=\"_blank\" rel=\"noopener noreferrer\" class=\"grve-btn grve-btn-medium grve-square grve-bg-primary-1 grve-bg-hover-black grve-btn-line\"><span><i class=\"far fa-file-pdf\"><\/i>Hoja de proyecto<\/span><\/a><\/div><\/div><\/div><\/div><\/div><div class=\"grve-background-wrapper\"><\/div><\/div><div class=\"grve-section grve-row-section grve-fullwidth-background grve-padding-top-6x grve-padding-bottom-6x grve-bg-none\"><div class=\"grve-container\"><div class=\"grve-row grve-bookmark grve-columns-gap-60\"><div class=\"grve-column wpb_column grve-column-1-2\" ><div class=\"grve-column-wrapper\" ><div class=\"grve-element grve-box-icon grve-large grve-top-icon grve-align-center\" style=\"\"><div class=\"grve-image-icon\"><img loading=\"lazy\" decoding=\"async\" width=\"157\" height=\"157\" src=\"https:\/\/bio4plas.com\/wp-content\/uploads\/2022\/01\/pt2020icon.png\" class=\"attachment-full size-full\" alt=\"\" srcset=\"https:\/\/bio4plas.com\/wp-content\/uploads\/2022\/01\/pt2020icon.png 157w, https:\/\/bio4plas.com\/wp-content\/uploads\/2022\/01\/pt2020icon-150x150.png 150w, https:\/\/bio4plas.com\/wp-content\/uploads\/2022\/01\/pt2020icon-12x12.png 12w\" sizes=\"auto, (max-width: 157px) 100vw, 157px\" \/><\/div><div class=\"grve-box-content\"><div class=\"grve-box-title-wrapper\"><h3 class=\"grve-box-title grve-h6\">Pl\u00e1sticos sostenibles - Agenda de movilizaci\u00f3n para los pl\u00e1sticos sostenibles<\/h3><\/div>  <p class=\"\">La Agenda de Pl\u00e1sticos Sostenibles es la Agenda Movilizadora de los Pl\u00e1sticos en Portugal, capaz de impulsar la transici\u00f3n del sector hacia una econom\u00eda circular.<\/p><\/div><\/div><div class=\"grve-empty-space grve-height-1x\" style=\"\"><\/div><div class=\"grve-element grve-align-center\"><a href=\"https:\/\/bio4plas.com\/wp-content\/uploads\/2023\/07\/FichaProjeto_Bio4Plas_SP_2.0.pdf\" title=\"Hoja de proyecto\" target=\"_blank\" rel=\"noopener noreferrer\" class=\"grve-btn grve-btn-medium grve-square grve-bg-primary-1 grve-bg-hover-black grve-btn-line\"><span><i class=\"far fa-file-pdf\"><\/i>Hoja de proyecto<\/span><\/a><\/div><\/div><\/div><div class=\"grve-column wpb_column grve-column-1-2\" ><div class=\"grve-column-wrapper\" ><div class=\"grve-element grve-box-icon grve-large grve-top-icon grve-align-center\" style=\"\"><div class=\"grve-image-icon\"><img loading=\"lazy\" decoding=\"async\" width=\"157\" height=\"157\" src=\"https:\/\/bio4plas.com\/wp-content\/uploads\/2022\/01\/pt2020icon.png\" class=\"attachment-full size-full\" alt=\"\" srcset=\"https:\/\/bio4plas.com\/wp-content\/uploads\/2022\/01\/pt2020icon.png 157w, https:\/\/bio4plas.com\/wp-content\/uploads\/2022\/01\/pt2020icon-150x150.png 150w, https:\/\/bio4plas.com\/wp-content\/uploads\/2022\/01\/pt2020icon-12x12.png 12w\" sizes=\"auto, (max-width: 157px) 100vw, 157px\" \/><\/div><div class=\"grve-box-content\"><div class=\"grve-box-title-wrapper\"><h3 class=\"grve-box-title grve-h6\">PRODUTECH R3 \u2013 Recuperaci\u00f3n-Resiliencia-Reindustrializaci\u00f3n<\/h3><\/div>  <p class=\"\">El proyecto PRODUTECH R3 tiene como objetivo inducir un cambio estructural en el Fila de Tecnolog\u00edas de Producci\u00f3n (FTP), permiti\u00e9ndole explotar las importantes inversiones que realizar\u00e1 la industria con la transici\u00f3n verde y digital, reduciendo la dependencia de tecnolog\u00eda externa, aumentando el valor agregado generado en del pa\u00eds y contribuyendo a un cambio en la especializaci\u00f3n de la econom\u00eda portuguesa.<\/p><\/div><\/div><div class=\"grve-empty-space grve-height-1x\" style=\"\"><\/div><div class=\"grve-element grve-align-center\"><a href=\"https:\/\/bio4plas.com\/wp-content\/uploads\/2023\/09\/FichaProjeto_Bio4Plas_PRODUTECH_R3_2.0.pdf\" title=\"Hoja de proyecto\" target=\"_blank\" rel=\"noopener noreferrer\" class=\"grve-btn grve-btn-medium grve-square grve-bg-primary-1 grve-bg-hover-black grve-btn-line\"><span><i class=\"far fa-file-pdf\"><\/i>Hoja de proyecto<\/span><\/a><\/div><\/div><\/div><\/div><\/div><div class=\"grve-background-wrapper\"><\/div><\/div><div class=\"grve-section grve-row-section grve-fullwidth-background grve-padding-top-6x grve-padding-bottom-6x grve-bg-none\"><div class=\"grve-container\"><div class=\"grve-row grve-bookmark grve-columns-gap-60\"><div class=\"grve-column wpb_column grve-column-1-2\" ><div class=\"grve-column-wrapper\" ><div class=\"grve-element grve-box-icon grve-large grve-top-icon grve-align-center\" style=\"\"><div class=\"grve-image-icon\"><img loading=\"lazy\" decoding=\"async\" width=\"157\" height=\"157\" src=\"https:\/\/bio4plas.com\/wp-content\/uploads\/2022\/01\/pt2020icon.png\" class=\"attachment-full size-full\" alt=\"\" srcset=\"https:\/\/bio4plas.com\/wp-content\/uploads\/2022\/01\/pt2020icon.png 157w, https:\/\/bio4plas.com\/wp-content\/uploads\/2022\/01\/pt2020icon-150x150.png 150w, https:\/\/bio4plas.com\/wp-content\/uploads\/2022\/01\/pt2020icon-12x12.png 12w\" sizes=\"auto, (max-width: 157px) 100vw, 157px\" \/><\/div><div class=\"grve-box-content\"><div class=\"grve-box-title-wrapper\"><h3 class=\"grve-box-title grve-h6\">SI Innovaci\u00f3n No. 179603<\/h3><\/div>  <p class=\"\">Formaci\u00f3n de Bio4Plas para la producci\u00f3n de un pol\u00edmero innovador, de base biol\u00f3gica, biodegradable y bioneutral.<\/p><\/div><\/div><div class=\"grve-empty-space grve-height-1x\" style=\"\"><\/div><div class=\"grve-element grve-align-center\"><a href=\"https:\/\/bio4plas.com\/wp-content\/uploads\/2022\/01\/FichaProjeto_Bio4Plas_SI_Inovacao179603.pdf\" title=\"Hoja de proyecto\" target=\"_blank\" rel=\"noopener noreferrer\" class=\"grve-btn grve-btn-medium grve-square grve-bg-primary-1 grve-bg-hover-black grve-btn-line\"><span><i class=\"far fa-file-pdf\"><\/i>Hoja de proyecto<\/span><\/a><\/div><\/div><\/div><div class=\"grve-column wpb_column grve-column-1-2\" ><div class=\"grve-column-wrapper\" ><div class=\"grve-element grve-box-icon grve-large grve-top-icon grve-align-center\" style=\"\"><div class=\"grve-image-icon\"><img loading=\"lazy\" decoding=\"async\" width=\"157\" height=\"157\" src=\"https:\/\/bio4plas.com\/wp-content\/uploads\/2022\/01\/pt2020icon.png\" class=\"attachment-full size-full\" alt=\"\" srcset=\"https:\/\/bio4plas.com\/wp-content\/uploads\/2022\/01\/pt2020icon.png 157w, https:\/\/bio4plas.com\/wp-content\/uploads\/2022\/01\/pt2020icon-150x150.png 150w, https:\/\/bio4plas.com\/wp-content\/uploads\/2022\/01\/pt2020icon-12x12.png 12w\" sizes=\"auto, (max-width: 157px) 100vw, 157px\" \/><\/div><div class=\"grve-box-content\"><div class=\"grve-box-title-wrapper\"><h3 class=\"grve-box-title grve-h6\">+COESO n\u00ba CENTRO-05-4740-FSE-001841<\/h3><\/div>  <p class=\"\">Formaci\u00f3n Bio4Plas para la producci\u00f3n de un pol\u00edmero innovador<\/p><\/div><\/div><div class=\"grve-empty-space grve-height-1x\" style=\"\"><\/div><div class=\"grve-element grve-align-center\"><a href=\"https:\/\/bio4plas.com\/wp-content\/uploads\/2022\/01\/FichaProjeto_Bio4Plas_COESO_CENTRO-05-4740-FSE-001841.pdf\" title=\"Hoja de proyecto\" target=\"_blank\" rel=\"noopener noreferrer\" class=\"grve-btn grve-btn-medium grve-square grve-bg-primary-1 grve-bg-hover-black grve-btn-line\"><span><i class=\"far fa-file-pdf\"><\/i>Hoja de proyecto<\/span><\/a><\/div><\/div><\/div><\/div><\/div><div class=\"grve-background-wrapper\"><\/div><\/div>","protected":false},"excerpt":{"rendered":"ViTex: Valoriza\u00e7\u00e3o Integrada de Res\u00edduos Vitivin\u00edcolas p\/ a Sustentabilidade Agr\u00edcola O projeto ViTex, realizado em copromo\u00e7\u00e3o, pretende valorizar a lenha proveniente da poda das vinhas, transformando-a em produtos \u00fateis e sustent\u00e1veis.Ficha de ProjetoMoreWood O projeto MoreWood procura desenvolver placas isolantes de madeira e agrofibras, destacando-se pela leveza, facilidade de manuseio e excelentes propriedades mec\u00e2nicas, com [...]","protected":false},"author":1,"featured_media":0,"parent":0,"menu_order":0,"comment_status":"closed","ping_status":"closed","template":"","meta":{"footnotes":""},"class_list":["post-698","page","type-page","status-publish","hentry"],"_links":{"self":[{"href":"https:\/\/bio4plas.com\/es\/wp-json\/wp\/v2\/pages\/698","targetHints":{"allow":["GET"]}}],"collection":[{"href":"https:\/\/bio4plas.com\/es\/wp-json\/wp\/v2\/pages"}],"about":[{"href":"https:\/\/bio4plas.com\/es\/wp-json\/wp\/v2\/types\/page"}],"author":[{"embeddable":true,"href":"https:\/\/bio4plas.com\/es\/wp-json\/wp\/v2\/users\/1"}],"replies":[{"embeddable":true,"href":"https:\/\/bio4plas.com\/es\/wp-json\/wp\/v2\/comments?post=698"}],"version-history":[{"count":21,"href":"https:\/\/bio4plas.com\/es\/wp-json\/wp\/v2\/pages\/698\/revisions"}],"predecessor-version":[{"id":23332,"href":"https:\/\/bio4plas.com\/es\/wp-json\/wp\/v2\/pages\/698\/revisions\/23332"}],"wp:attachment":[{"href":"https:\/\/bio4plas.com\/es\/wp-json\/wp\/v2\/media?parent=698"}],"curies":[{"name":"gracias","href":"https:\/\/api.w.org\/{rel}","templated":true}]}}