{"id":9448,"date":"2023-07-12T09:25:36","date_gmt":"2023-07-12T09:25:36","guid":{"rendered":"https:\/\/bio4plas.com\/?page_id=9448"},"modified":"2023-07-12T15:22:39","modified_gmt":"2023-07-12T15:22:39","slug":"produtos-inovadores","status":"publish","type":"page","link":"https:\/\/bio4plas.com\/es\/produtos-inovadores\/","title":{"rendered":"Productos innovadores"},"content":{"rendered":"<div class=\"grve-section grve-row-section grve-fullwidth-background grve-padding-top-1x grve-padding-bottom-1x grve-bg-none\"><div class=\"grve-container\"><div class=\"grve-row grve-bookmark grve-columns-gap-30\"><div class=\"grve-column wpb_column grve-column-1\" ><div class=\"grve-column-wrapper\" ><div class=\"grve-element grve-text\">\r\n\t\t\t<p>Todo comienza con los residuos y subproductos que nuestro Socio tiene en su empresa y para los cuales quiere un nuevo prop\u00f3sito. Por ello, nos planteamos el reto de utilizar este material como materia prima en nuestro proceso y desarrollar un producto innovador y diferenciador.<\/p>\n\r\n\t\t<\/div>\r\n\t<\/div><\/div><\/div><\/div><div class=\"grve-background-wrapper\"><\/div><\/div><div class=\"grve-section grve-row-section grve-fullwidth-background grve-padding-top-1x grve-padding-bottom-1x grve-bg-none\"><div class=\"grve-container\"><div class=\"grve-row grve-bookmark grve-columns-gap-30\"><div class=\"grve-column wpb_column grve-column-1\" ><div class=\"grve-column-wrapper\" ><div class=\"grve-element grve-image grve-align-center\" style=\"\">  <div class=\"grve-image-wrapper\"><img loading=\"lazy\" decoding=\"async\" width=\"812\" height=\"322\" src=\"https:\/\/bio4plas.com\/wp-content\/uploads\/2023\/07\/ciclo_desperdicios_subprodutos.png\" class=\"attachment-full size-full\" alt=\"\" srcset=\"https:\/\/bio4plas.com\/wp-content\/uploads\/2023\/07\/ciclo_desperdicios_subprodutos.png 812w, https:\/\/bio4plas.com\/wp-content\/uploads\/2023\/07\/ciclo_desperdicios_subprodutos-300x119.png 300w, https:\/\/bio4plas.com\/wp-content\/uploads\/2023\/07\/ciclo_desperdicios_subprodutos-768x305.png 768w, https:\/\/bio4plas.com\/wp-content\/uploads\/2023\/07\/ciclo_desperdicios_subprodutos-18x7.png 18w\" sizes=\"auto, (max-width: 812px) 100vw, 812px\" \/>   <\/div><\/div><\/div><\/div><\/div><\/div><div class=\"grve-background-wrapper\"><\/div><\/div><div class=\"grve-section grve-row-section grve-fullwidth-background grve-padding-top-1x grve-padding-bottom-1x grve-bg-none\"><div class=\"grve-container\"><div class=\"grve-row grve-bookmark grve-columns-gap-30\"><div class=\"grve-column wpb_column grve-column-1\" ><div class=\"grve-column-wrapper\" ><div class=\"grve-element grve-text\">\r\n\t\t\t<p>La nueva materia prima puede ser utilizada en nuestro Partner inicial o en otro Partner que mejor encaje, siempre fomentando la circularidad de los materiales.<\/p>\n\r\n\t\t<\/div>\r\n\t<\/div><\/div><\/div><\/div><div class=\"grve-background-wrapper\"><\/div><\/div><div class=\"grve-section grve-row-section grve-fullwidth-background grve-padding-top-1x grve-padding-bottom-1x grve-bg-none\"><div class=\"grve-container\"><div class=\"grve-row grve-bookmark grve-columns-gap-30\"><div class=\"grve-column wpb_column grve-column-1\" ><div class=\"grve-column-wrapper\" ><div class=\"grve-element grve-image grve-align-center\" style=\"\">  <div class=\"grve-image-wrapper\"><img loading=\"lazy\" decoding=\"async\" width=\"1299\" height=\"565\" src=\"https:\/\/bio4plas.com\/wp-content\/uploads\/2023\/07\/passado_linear_presente_circular.png\" class=\"attachment-full size-full\" alt=\"\" srcset=\"https:\/\/bio4plas.com\/wp-content\/uploads\/2023\/07\/passado_linear_presente_circular.png 1299w, https:\/\/bio4plas.com\/wp-content\/uploads\/2023\/07\/passado_linear_presente_circular-300x130.png 300w, https:\/\/bio4plas.com\/wp-content\/uploads\/2023\/07\/passado_linear_presente_circular-1024x445.png 1024w, https:\/\/bio4plas.com\/wp-content\/uploads\/2023\/07\/passado_linear_presente_circular-768x334.png 768w, https:\/\/bio4plas.com\/wp-content\/uploads\/2023\/07\/passado_linear_presente_circular-18x8.png 18w\" sizes=\"auto, (max-width: 1299px) 100vw, 1299px\" \/>   <\/div><\/div><\/div><\/div><\/div><\/div><div class=\"grve-background-wrapper\"><\/div><\/div><div class=\"grve-section grve-row-section grve-fullwidth-background grve-padding-top-1x grve-padding-bottom-1x grve-bg-none\"><div class=\"grve-container\"><div class=\"grve-row grve-bookmark grve-columns-gap-30\"><div class=\"grve-column wpb_column grve-column-1\" ><div class=\"grve-column-wrapper\" ><div class=\"grve-element grve-text\">\r\n\t\t\t<p>Hay varios materiales que ya estamos utilizando en este proceso:<\/p>\n\r\n\t\t<\/div>\r\n\t<\/div><\/div><\/div><\/div><div class=\"grve-background-wrapper\"><\/div><\/div><div class=\"grve-section grve-row-section grve-fullwidth-background grve-padding-top-1x grve-padding-bottom-1x grve-bg-none\"><div class=\"grve-container\"><div class=\"grve-row grve-bookmark grve-columns-gap-30\"><div class=\"grve-column wpb_column grve-column-1\" ><div class=\"grve-column-wrapper\" ><div class=\"grve-element grve-image grve-align-center\" style=\"\">  <div class=\"grve-image-wrapper\"><img loading=\"lazy\" decoding=\"async\" width=\"1087\" height=\"483\" src=\"https:\/\/bio4plas.com\/wp-content\/uploads\/2023\/07\/waste_recovery.png\" class=\"attachment-full size-full\" alt=\"\" srcset=\"https:\/\/bio4plas.com\/wp-content\/uploads\/2023\/07\/waste_recovery.png 1087w, https:\/\/bio4plas.com\/wp-content\/uploads\/2023\/07\/waste_recovery-300x133.png 300w, https:\/\/bio4plas.com\/wp-content\/uploads\/2023\/07\/waste_recovery-1024x455.png 1024w, https:\/\/bio4plas.com\/wp-content\/uploads\/2023\/07\/waste_recovery-768x341.png 768w, https:\/\/bio4plas.com\/wp-content\/uploads\/2023\/07\/waste_recovery-18x8.png 18w\" sizes=\"auto, (max-width: 1087px) 100vw, 1087px\" \/>   <\/div><\/div><\/div><\/div><\/div><\/div><div class=\"grve-background-wrapper\"><\/div><\/div><div class=\"grve-section grve-row-section grve-fullwidth-background grve-padding-top-1x grve-padding-bottom-1x grve-bg-none\"><div class=\"grve-container\"><div class=\"grve-row grve-bookmark grve-columns-gap-30\"><div class=\"grve-column wpb_column grve-column-1\" ><div class=\"grve-column-wrapper\" ><div class=\"grve-element grve-text\">\r\n\t\t\t<p>Mu\u00e9stranos tus subproductos y residuos y les encontraremos nueva vida y funcionalidad.<\/p>\n\r\n\t\t<\/div>\r\n\t<\/div><\/div><\/div><\/div><div class=\"grve-background-wrapper\"><\/div><\/div><div class=\"grve-section grve-row-section grve-fullwidth-background grve-padding-top-1x grve-padding-bottom-1x grve-bg-none\"><div class=\"grve-container\"><div class=\"grve-row grve-bookmark grve-columns-gap-30\"><div class=\"grve-column wpb_column grve-column-1\" ><div class=\"grve-column-wrapper\" ><div class=\"grve-element grve-box-icon grve-medium grve-side-icon grve-align-left\" style=\"\"><div class=\"grve-wrapper-icon grve-no-shape\" style=\"\"><i class=\"grve-text-primary-1 smp-icon-like\"><\/i><\/div><div class=\"grve-box-content\"><div class=\"grve-box-title-wrapper\"><h3 class=\"grve-box-title grve-h2\">Beneficios<\/h3><\/div><\/div><\/div><\/div><\/div><\/div><\/div><div class=\"grve-background-wrapper\"><\/div><\/div><div class=\"grve-section grve-row-section grve-fullwidth-background grve-padding-top-1x grve-padding-bottom-1x grve-bg-none\"  style=\"background-color:#ececec;\"><div class=\"grve-container\"><div class=\"grve-row grve-bookmark grve-columns-gap-30\"><div class=\"grve-column wpb_column grve-column-1-2\" ><div class=\"grve-column-wrapper\" ><div class=\"grve-element grve-box-icon grve-extra-small grve-side-icon grve-align-left\" style=\"\"><div class=\"grve-image-icon\"><img loading=\"lazy\" decoding=\"async\" width=\"500\" height=\"500\" src=\"https:\/\/bio4plas.com\/wp-content\/uploads\/2020\/11\/bio4plasicon.png\" class=\"attachment-full size-full\" alt=\"\" srcset=\"https:\/\/bio4plas.com\/wp-content\/uploads\/2020\/11\/bio4plasicon.png 500w, https:\/\/bio4plas.com\/wp-content\/uploads\/2020\/11\/bio4plasicon-300x300.png 300w, https:\/\/bio4plas.com\/wp-content\/uploads\/2020\/11\/bio4plasicon-150x150.png 150w, https:\/\/bio4plas.com\/wp-content\/uploads\/2020\/11\/bio4plasicon-12x12.png 12w\" sizes=\"auto, (max-width: 500px) 100vw, 500px\" \/><\/div><div class=\"grve-box-content\"><div class=\"grve-box-title-wrapper\"><h3 class=\"grve-box-title grve-h3\">Promoci\u00f3n de la Reducci\u00f3n \/ Eliminaci\u00f3n de Residuos<\/h3><\/div><\/div><\/div><div class=\"grve-empty-space grve-height-1x\" style=\"\"><\/div><div class=\"grve-element grve-box-icon grve-extra-small grve-side-icon grve-align-left\" style=\"\"><div class=\"grve-image-icon\"><img loading=\"lazy\" decoding=\"async\" width=\"500\" height=\"500\" src=\"https:\/\/bio4plas.com\/wp-content\/uploads\/2020\/11\/bio4plasicon.png\" class=\"attachment-full size-full\" alt=\"\" srcset=\"https:\/\/bio4plas.com\/wp-content\/uploads\/2020\/11\/bio4plasicon.png 500w, https:\/\/bio4plas.com\/wp-content\/uploads\/2020\/11\/bio4plasicon-300x300.png 300w, https:\/\/bio4plas.com\/wp-content\/uploads\/2020\/11\/bio4plasicon-150x150.png 150w, https:\/\/bio4plas.com\/wp-content\/uploads\/2020\/11\/bio4plasicon-12x12.png 12w\" sizes=\"auto, (max-width: 500px) 100vw, 500px\" \/><\/div><div class=\"grve-box-content\"><div class=\"grve-box-title-wrapper\"><h3 class=\"grve-box-title grve-h3\">Posibilidad de Asegurar Caracter\u00edsticas Diferenciadoras en Nuevos Materiales\/Productos<\/h3><\/div><\/div><\/div><\/div><\/div><div class=\"grve-column wpb_column grve-column-1-2\" ><div class=\"grve-column-wrapper\" ><div class=\"grve-element grve-box-icon grve-extra-small grve-side-icon grve-align-left\" style=\"\"><div class=\"grve-image-icon\"><img loading=\"lazy\" decoding=\"async\" width=\"500\" height=\"500\" src=\"https:\/\/bio4plas.com\/wp-content\/uploads\/2020\/11\/bio4plasicon.png\" class=\"attachment-full size-full\" alt=\"\" srcset=\"https:\/\/bio4plas.com\/wp-content\/uploads\/2020\/11\/bio4plasicon.png 500w, https:\/\/bio4plas.com\/wp-content\/uploads\/2020\/11\/bio4plasicon-300x300.png 300w, https:\/\/bio4plas.com\/wp-content\/uploads\/2020\/11\/bio4plasicon-150x150.png 150w, https:\/\/bio4plas.com\/wp-content\/uploads\/2020\/11\/bio4plasicon-12x12.png 12w\" sizes=\"auto, (max-width: 500px) 100vw, 500px\" \/><\/div><div class=\"grve-box-content\"><div class=\"grve-box-title-wrapper\"><h3 class=\"grve-box-title grve-h3\">Soluciones a la Medida que Satisfacen las Necesidades de Nuestros Clientes<\/h3><\/div><\/div><\/div><div class=\"grve-empty-space grve-height-1x\" style=\"\"><\/div><div class=\"grve-element grve-box-icon grve-extra-small grve-side-icon grve-align-left\" style=\"\"><div class=\"grve-image-icon\"><img loading=\"lazy\" decoding=\"async\" width=\"500\" height=\"500\" src=\"https:\/\/bio4plas.com\/wp-content\/uploads\/2020\/11\/bio4plasicon.png\" class=\"attachment-full size-full\" alt=\"\" srcset=\"https:\/\/bio4plas.com\/wp-content\/uploads\/2020\/11\/bio4plasicon.png 500w, https:\/\/bio4plas.com\/wp-content\/uploads\/2020\/11\/bio4plasicon-300x300.png 300w, https:\/\/bio4plas.com\/wp-content\/uploads\/2020\/11\/bio4plasicon-150x150.png 150w, https:\/\/bio4plas.com\/wp-content\/uploads\/2020\/11\/bio4plasicon-12x12.png 12w\" sizes=\"auto, (max-width: 500px) 100vw, 500px\" \/><\/div><div class=\"grve-box-content\"><div class=\"grve-box-title-wrapper\"><h3 class=\"grve-box-title grve-h3\">Productos m\u00e1s Sostenibles y de Calidad<\/h3><\/div><\/div><\/div><\/div><\/div><\/div><\/div><div class=\"grve-background-wrapper\"><\/div><\/div><div class=\"grve-section grve-row-section grve-fullwidth-background grve-padding-top-1x grve-padding-bottom-1x grve-bg-none\"><div class=\"grve-container\"><div class=\"grve-row grve-bookmark grve-columns-gap-30\"><div class=\"grve-column wpb_column grve-column-1\" ><div class=\"grve-column-wrapper\" ><div class=\"grve-empty-space grve-height-1x\" style=\"\"><\/div><div class=\"grve-element grve-align-left\"><a href=\"https:\/\/bio4plas.com\/es\/quem-somos\/\" title=\"Quienes somos\" class=\"grve-btn grve-btn-medium grve-square grve-bg-primary-1 grve-bg-hover-black grve-btn-line\"><span><i class=\"smp-icon-arrow-left\"><\/i>Quienes somos<\/span><\/a><\/div><\/div><\/div><\/div><\/div><div class=\"grve-background-wrapper\"><\/div><\/div>","protected":false},"excerpt":{"rendered":"Tudo come\u00e7a com os desperd\u00edcios e subprodutos que o nosso Parceiro tem na sua empresa e para os quais quer um novo fim. Assim, \u00e9-nos lan\u00e7ado o desafio de utilizar esse material como mat\u00e9ria-prima no nosso processo e desenvolver um produto inovador e diferenciador. A nova mat\u00e9ria-prima poder\u00e1 ser utilizado neste nosso Parceiro inicial ou [...]","protected":false},"author":1,"featured_media":0,"parent":0,"menu_order":0,"comment_status":"closed","ping_status":"closed","template":"","meta":{"footnotes":""},"class_list":["post-9448","page","type-page","status-publish","hentry"],"_links":{"self":[{"href":"https:\/\/bio4plas.com\/es\/wp-json\/wp\/v2\/pages\/9448","targetHints":{"allow":["GET"]}}],"collection":[{"href":"https:\/\/bio4plas.com\/es\/wp-json\/wp\/v2\/pages"}],"about":[{"href":"https:\/\/bio4plas.com\/es\/wp-json\/wp\/v2\/types\/page"}],"author":[{"embeddable":true,"href":"https:\/\/bio4plas.com\/es\/wp-json\/wp\/v2\/users\/1"}],"replies":[{"embeddable":true,"href":"https:\/\/bio4plas.com\/es\/wp-json\/wp\/v2\/comments?post=9448"}],"version-history":[{"count":6,"href":"https:\/\/bio4plas.com\/es\/wp-json\/wp\/v2\/pages\/9448\/revisions"}],"predecessor-version":[{"id":9470,"href":"https:\/\/bio4plas.com\/es\/wp-json\/wp\/v2\/pages\/9448\/revisions\/9470"}],"wp:attachment":[{"href":"https:\/\/bio4plas.com\/es\/wp-json\/wp\/v2\/media?parent=9448"}],"curies":[{"name":"gracias","href":"https:\/\/api.w.org\/{rel}","templated":true}]}}