{"id":10884,"date":"2023-11-09T14:14:39","date_gmt":"2023-11-09T14:14:39","guid":{"rendered":"https:\/\/bio4plas.com\/?page_id=10884"},"modified":"2023-11-09T14:14:39","modified_gmt":"2023-11-09T14:14:39","slug":"avaliacao-de-fornecedores","status":"publish","type":"page","link":"https:\/\/bio4plas.com\/fr\/avaliacao-de-fornecedores\/","title":{"rendered":"\u00c9valuation des fournisseurs"},"content":{"rendered":"<p>L&#039;\u00e9valuation des fournisseurs consiste \u00e0 attribuer une note, bas\u00e9e sur une s\u00e9rie de crit\u00e8res qui permettent de noter la performance du fournisseur par rapport \u00e0 la qualit\u00e9 du bien\/service fourni.<\/p>\n<p>1. \u00c9valuation initiale d&#039;un nouveau fournisseur<\/p>\n<p>L&#039;\u00e9valuation initiale est effectu\u00e9e d\u00e8s qu&#039;il est consid\u00e9r\u00e9 que le fournisseur fournit le bien ou le service en question ayant une influence directe sur le produit.<br \/>\nLes crit\u00e8res d\u00e9finis pour l\u2019\u00e9valuation initiale sont les suivants :<\/p>\n<ul>\n<li>Attestation (C)\u00a0:<br \/>\no Certification 9001, 14001 et 45001 (3 normes) \u2013 5 points<br \/>\no Certification 9001 et\/ou 14001 et\/ou 45001 (2 normes) \u2013 4 points<br \/>\no Certification 9001 ou 14001 ou 45001 (1 norme) \u2013 3 points<br \/>\no En cours de mise en \u0153uvre \u2013 1 point<br \/>\no Aucune certification \u2013 0 point<\/li>\n<li>Pr\u00e9sentation du budget (O)\u00a0:<br \/>\no Jusqu&#039;\u00e0 3 jours \u2013 5 points<br \/>\no Jusqu&#039;\u00e0 5 jours \u2013 3 points<br \/>\no Jusqu&#039;\u00e0 10 jours \u2013 1 point<br \/>\no &gt; 10 jours \u2013 0 point<\/li>\n<li>Conditions contractuelles et de paiement (CP)\u00a0:<br \/>\no Jusqu&#039;\u00e0 60 jours \u2013 5 points<br \/>\no Jusqu&#039;\u00e0 30 jours \u2013 3 points<br \/>\no Paiement rapide \u2013 1 point<br \/>\no Pr\u00e9paiement \u2013 0 point<\/li>\n<li>Localisation (L)\u00a0:<br \/>\no Jusqu&#039;\u00e0 20 km \u2013 5 points<br \/>\no Jusqu&#039;\u00e0 50 km \u2013 3 points<br \/>\no Jusqu&#039;\u00e0 100 km \u2013 1 point<br \/>\no &gt; 100 km \u2013 0 point<\/li>\n<li>Prix (P) \u2013 Carte comparative :<br \/>\no Prix le plus bas \u2013 5 points<br \/>\no M\u00eame prix \u2013 3 points<br \/>\no Prix le plus \u00e9lev\u00e9 \u2013 0 point<\/li>\n<\/ul>\n<p>La somme des quatre crit\u00e8res donne lieu au niveau auquel se situe le fournisseur (AI=C+O+CP+L+P) :<\/p>\n<p>\u00c9valuation du niveau<br \/>\n20\u2264AI&gt;25 Fournisseur pr\u00e9f\u00e9r\u00e9<br \/>\n15\u2264AI&gt;20 Fournisseur alternatif<br \/>\n7\u2264AI&gt;15 Fournisseur \u00e0 v\u00e9rifier ult\u00e9rieurement<br \/>\nAI &lt;7 Ne pas consid\u00e9rer<\/p>\n<p>Exceptionnellement, s&#039;il n&#039;existe pas de fournisseurs alternatifs, l&#039;\u00e9valuation initiale pourra ne pas \u00eatre prise en compte et Bio4Plas pourra entretenir des relations avec un fournisseur ayant une \u00e9valuation faible jusqu&#039;\u00e0 ce qu&#039;il dispose d&#039;une alternative viable.<\/p>\n<p>2. \u00c9valuation continue des fournisseurs<\/p>\n<p>Une \u00e9valuation continue des fournisseurs est r\u00e9alis\u00e9e tous les 2 ans pour tous les fournisseurs qui fournissent des biens ou des services ayant une influence directe sur le produit.<\/p>\n<p>Les crit\u00e8res d\u00e9finis pour l\u2019\u00e9valuation continue des fournisseurs sont les suivants :<\/p>\n<ul>\n<li>Attestation<\/li>\n<li>Respect des exigences d&#039;achat (Quantit\u00e9 et r\u00e9f\u00e9rence)<\/li>\n<li>Envoi d&#039;un budget dans les limites du montant \u00e9tabli<\/li>\n<li>D\u00e9lai (entre la commande et la fourniture)<\/li>\n<li>Respect du d\u00e9lai de livraison<\/li>\n<li>Qualit\u00e9 des produits\/services<\/li>\n<li>Nombre de non-conformit\u00e9s<\/li>\n<li>Disponibilit\u00e9 pour des \u00e9claircissements<\/li>\n<li>Rapidit\u00e9 et efficacit\u00e9 de la r\u00e9ponse<\/li>\n<li>Performances environnementales et de s\u00e9curit\u00e9<\/li>\n<\/ul>\n<p>L&#039;\u00e9valuation continue du fournisseur est r\u00e9alis\u00e9e en additionnant la valeur obtenue pour chacun des crit\u00e8res, \u00e0 partir de cette r\u00e9partition :<\/p>\n<p>Valeur Description<br \/>\n0 N&#039;est pas conforme<br \/>\n0,5 Conforme \u00e0 moins de 50%<br \/>\n1 Conforme \u00e0 50%<br \/>\n1.5 Conforme \u00e0 plus de 50%<br \/>\n2 Enti\u00e8rement conforme<\/p>\n<p>La note du fournisseur sera de 0 \u00e0 20 et son niveau est ainsi d\u00e9fini en consid\u00e9rant la r\u00e9partition du premier tableau.<\/p>\n<p>Apr\u00e8s l&#039;\u00e9valuation, il est v\u00e9rifi\u00e9 dans quel niveau se trouve actuellement le fournisseur par rapport \u00e0 la derni\u00e8re \u00e9valuation (initiale ou continue)\u00a0:<\/p>\n<ul>\n<li>M\u00eame niveau;<\/li>\n<li>Niveau sup\u00e9rieur;<\/li>\n<li>Niveau inf\u00e9rieur \u2013 en cas de passage \u00e0 un fournisseur alternatif ou \u00e0 v\u00e9rifier ult\u00e9rieurement, Bio4Plas informera le fournisseur, par email, des points \u00e0 am\u00e9liorer lors des futurs approvisionnements. En cas d&#039;\u00e9valuation continue de plus de 2 ans inf\u00e9rieure \u00e0 5, le fournisseur sera exclu de la base de donn\u00e9es des fournisseurs.<\/li>\n<\/ul>","protected":false},"excerpt":{"rendered":"<p>A avalia\u00e7\u00e3o de fornecedores consiste na atribui\u00e7\u00e3o de uma classifica\u00e7\u00e3o, tendo como base uma s\u00e9rie de crit\u00e9rios que permitem pontuar o desempenho do fornecedor em rela\u00e7\u00e3o \u00e0 qualidade do bem\/servi\u00e7o fornecido. 1. Avalia\u00e7\u00e3o inicial de um novo fornecedor A avalia\u00e7\u00e3o inicial \u00e9 realizada assim que o fornecedor \u00e9 considerado para fornecer o bem ou o [&hellip;]<\/p>\n","protected":false},"author":1,"featured_media":0,"parent":0,"menu_order":0,"comment_status":"closed","ping_status":"closed","template":"","meta":{"footnotes":""},"class_list":["post-10884","page","type-page","status-publish","hentry"],"_links":{"self":[{"href":"https:\/\/bio4plas.com\/fr\/wp-json\/wp\/v2\/pages\/10884","targetHints":{"allow":["GET"]}}],"collection":[{"href":"https:\/\/bio4plas.com\/fr\/wp-json\/wp\/v2\/pages"}],"about":[{"href":"https:\/\/bio4plas.com\/fr\/wp-json\/wp\/v2\/types\/page"}],"author":[{"embeddable":true,"href":"https:\/\/bio4plas.com\/fr\/wp-json\/wp\/v2\/users\/1"}],"replies":[{"embeddable":true,"href":"https:\/\/bio4plas.com\/fr\/wp-json\/wp\/v2\/comments?post=10884"}],"version-history":[{"count":1,"href":"https:\/\/bio4plas.com\/fr\/wp-json\/wp\/v2\/pages\/10884\/revisions"}],"predecessor-version":[{"id":10885,"href":"https:\/\/bio4plas.com\/fr\/wp-json\/wp\/v2\/pages\/10884\/revisions\/10885"}],"wp:attachment":[{"href":"https:\/\/bio4plas.com\/fr\/wp-json\/wp\/v2\/media?parent=10884"}],"curies":[{"name":"wp","href":"https:\/\/api.w.org\/{rel}","templated":true}]}}