{"id":117,"date":"2021-04-20T09:52:58","date_gmt":"2021-04-20T09:52:58","guid":{"rendered":"https:\/\/bio4plas.com\/?page_id=117"},"modified":"2021-04-20T10:21:05","modified_gmt":"2021-04-20T10:21:05","slug":"carreiras","status":"publish","type":"page","link":"https:\/\/bio4plas.com\/fr\/carreiras\/","title":{"rendered":"Opportunit\u00e9s de carri\u00e8re"},"content":{"rendered":"<div class=\"grve-section grve-row-section grve-fullwidth-background grve-padding-top-1x grve-padding-bottom-1x grve-bg-none\"><div class=\"grve-container\"><div class=\"grve-row grve-bookmark grve-columns-gap-30\"><div class=\"grve-column wpb_column grve-column-1\" ><div class=\"grve-column-wrapper\" >\n\t<div class=\"wpb_raw_code wpb_raw_html wpb_content_element\" >\n\t\t<div class=\"wpb_wrapper\">\n\t\t\t<div class=\"sjb-page\">\r\n<!-- Start: Jobs Listing Wrapper -->\r\n\r\n\r\n<!-- Start Job Filters\r\n================================================== -->\r\n<div class=\"sjb-filters-v2\">\r\n        <form class=\"filters-form\" action=\"https:\/\/bio4plas.com\/fr\/carreiras\/\" method=\"get\" data-trp-original-action=\"https:\/\/bio4plas.com\/fr\/carreiras\/\">\r\n        <div class=\"row\">\r\n                    <\/div>\r\n    <input type=\"hidden\" name=\"trp-form-language\" value=\"fr\"\/><\/form>\r\n<\/div>\r\n<!-- ==================================================\r\nEnd Job Filters -->\r\n\r\n\r\n<div class=\"sjb-listing\">\r\n        <!-- start Jobs Listing: List View -->\r\n    <div class=\"list-view\">\r\n        \r\n    \r\n<!-- Start Jobs List View \r\n================================================== -->\r\n<div class=\"list-data\">\r\n    <div class=\"v2 sjb-job-9154\">\r\n\r\n        <!-- Jobs List view header -->\r\n        <header>\r\n            <div class=\"row\">\r\n                \r\n                <div class=\"col-md-12 col-sm-12\">\r\n                    <div class=\"sjb-company-wrapper-details-list\">\r\n                        <div class=\"row\">\r\n                            \r\n<!-- Start Company Logo\r\n================================================== -->\r\n<div class=\"col-md-8 col-sm-8\">\r\n    \r\n    <!-- ==================================================\r\nEnd Company Logo -->\r\n\r\n    <div class=\"sjb-without-logo\">\r\n    <div class=\"job-info job-without-company\">\r\n        <h4>\r\n            <a href=\"https:\/\/bio4plas.com\/fr\/jobs\/comercial-senior\/\">\r\n                <span class=\"job-title\">Commercial s\u00e9nior<\/span>            <\/a>\r\n        <\/h4>\r\n        <div class=\"sjb-company-details\">\r\n                    <\/div>\r\n            <\/div>\r\n<\/div>\r\n<\/div>\r\n\r\n<!-- Start apply now button\r\n================================================== -->\r\n<div class=\"col-md-4 col-sm-4 col-xs-12 sjb-apply-now-btn\">\r\n\t<p><a href=\"https:\/\/bio4plas.com\/fr\/jobs\/comercial-senior\/\" class=\"btn btn-primary\">appliquer maintenant<\/a><\/p><\/div>\r\n<!-- ==================================================\r\nEnd apply now button -->\r\n\r\n                        <\/div>\r\n                    <\/div>\r\n                <\/div>\r\n             \r\n                <div class=\"clearfix\"><\/div>\r\n                <div class=\"col-md-12 col-sm-12\">\r\n                    <div class=\"sjb-job-type-location-date\">\r\n                        <div class=\"row\">\r\n                        \r\n<!-- Start Job Type\r\n================================================== -->\r\n\t<div class=\"col-md-2 col-sm-4 col-xs-12\">\r\n                <div class=\"job-type\"><i class=\"fa fa-briefcase\"><\/i>\u00c0 temps plein<\/div>\r\n    <\/div>\r\n \r\n<!-- ==================================================\r\nEnd Job Type -->\r\n\r\n\r\n<!-- Start Job's Location\r\n================================================== -->\r\n<!-- ==================================================\r\nEnd Job's Location -->\r\n\r\n\r\n<!-- Start Job Posted Date\r\n================================================== -->\r\n\t<div class=\"col-md-4 col-sm-4 col-xs-12\">\r\n                <div class=\"job-date\"><i class=\"fa  fa-calendar-check\"><\/i>Publi\u00e9 il y a 3 ans<\/div>\r\n\t<\/div>\r\n<!-- ==================================================\r\nEnd Job Posted Date -->\r\n\r\n                        <\/div>\r\n                    <\/div>\r\n\r\n                <\/div>\r\n            <\/div>\r\n            \r\n        <\/header>\r\n        \r\n\r\n        \r\n    <!-- View more content start\r\n    ================================= -->\r\n    \r\n<!-- View long content start \r\n================================================== -->\r\n<div class=\"sjb_more_content\" id=\"sjb_more_content_9154\">\r\n    Bio4Plas \u2013 Biopol\u00edmeros, Lda est une entreprise qui produit des biocomposites et des biopolym\u00e8res, toujours ax\u00e9e sur la durabilit\u00e9 bas\u00e9e sur l&#039;\u00e9conomie circulaire.\r\n\r\n<u>Les fonctions:<\/u>\r\n<ul>\r\n \t<li>Etude, analyse de march\u00e9 et identification de nouvelles opportunit\u00e9s d&#039;affaires ;<\/li>\r\n \t<li>Mise en place d&#039;une politique commerciale partag\u00e9e avec l&#039;administration ;<\/li>\r\n \t<li>Relation avec les clients avec lesquels l&#039;entreprise a d\u00e9j\u00e0 des projets en cours et attirer de nouveaux clients pouvant proposer des projets entrant dans le cadre des activit\u00e9s de l&#039;entreprise\u00a0;<\/li>\r\n \t<li>Suivi des processus de n\u00e9gociation\u00a0;<\/li>\r\n \t<li>G\u00e9rer commercialement le portefeuille de clients au fur et \u00e0 mesure que de nouvelles affaires sont g\u00e9n\u00e9r\u00e9es\u00a0: analyse des besoins des clients, solutions\/produits compl\u00e9mentaires, entre autres\u00a0;<\/li>\r\n<\/ul>\r\n<u>\u00a0<\/u>\r\n\r\n<u>Profil:<\/u>\r\n<ul>\r\n \t<li>L&#039;enseignement sup\u00e9rieur;<\/li>\r\n \t<li>Exp\u00e9rience av\u00e9r\u00e9e dans le domaine commercial (de pr\u00e9f\u00e9rence dans le domaine des polym\u00e8res);<\/li>\r\n \t<li>Exp\u00e9rience en gestion d&#039;\u00e9quipe (un atout);<\/li>\r\n \t<li>Bonnes comp\u00e9tences en n\u00e9gociation et en d\u00e9veloppement des affaires pour ajouter de la valeur \u00e0 l&#039;entreprise\u00a0;<\/li>\r\n \t<li>Ma\u00eetrise de l&#039;anglais et de l&#039;espagnol\u00a0;<\/li>\r\n \t<li>Capacit\u00e9 de r\u00e9solution de probl\u00e8mes\u00a0;<\/li>\r\n \t<li>Dynamisme, responsabilit\u00e9 et esprit d&#039;\u00e9quipe.<\/li>\r\n<\/ul>\r\n&nbsp;\r\n\r\nCA offre:\r\n<ul>\r\n \t<li>Int\u00e9gration dans un projet innovant ax\u00e9 sur la durabilit\u00e9;<\/li>\r\n \t<li>Int\u00e9gration dans une \u00e9quipe jeune et dynamique;<\/li>\r\n \t<li>Salaire selon exp\u00e9rience;<\/li>\r\n \t<li>Planifier la formation et la croissance professionnelle au sein de l&#039;entreprise.<\/li>\r\n<\/ul>    \r\n<!-- Start Job Features\r\n================================================== -->\r\n<div class=\"job-features\">\r\n    \r\n    <table class=\"table\">\r\n        <tbody>\r\n                    <\/tbody>\r\n    <\/table>\r\n\r\n<\/div>\r\n<!-- ==================================================\r\nEnd Job Features -->\r\n\r\n<div class=\"clearfix\"><\/div>\r\n<\/div>\r\n\r\n<div class=\"sjb-view-less-btn\" id=\"sjb_view_less_btn_9154\">\r\n    <a data-id=\"9154\" class=\"sjb_view_less_btn sjb_view_more_btn\">\r\n        Voir moins            \r\n    <\/a>\r\n<\/div>\r\n<!-- ==================================================\r\nView long content end  -->\r\n\r\n    <!-- View more content end\r\n    ================================= -->\r\n\r\n    <!-- Start Job Short Description \r\n    ================================================== -->\r\n    <div class=\"job-description-list\">\r\n        <div id=\"sjb_less_content_9154\"><p>Bio4Plas \u2013 Biopol\u00edmeros, Lda est une entreprise qui produit des biocomposites et des biopolym\u00e8res, toujours ax\u00e9e sur la durabilit\u00e9 bas\u00e9e sur l&#039;\u00e9conomie circulaire. Fonctions\u00a0: Etude, analyse de march\u00e9 et...<\/p><\/div>    <\/div>\r\n    <!-- ==================================================\r\n    End Job Short Description  -->\r\n\r\n        <\/div>\r\n<\/div>\r\n<!-- ==================================================\r\nEnd Jobs List View -->\r\n\r\n<div class=\"clearfix\"><\/div>\r\n\r\n\r\n<!-- Start Jobs List View \r\n================================================== -->\r\n<div class=\"list-data\">\r\n    <div class=\"v2 sjb-job-127\">\r\n\r\n        <!-- Jobs List view header -->\r\n        <header>\r\n            <div class=\"row\">\r\n                \r\n                <div class=\"col-md-12 col-sm-12\">\r\n                    <div class=\"sjb-company-wrapper-details-list\">\r\n                        <div class=\"row\">\r\n                            \r\n<!-- Start Company Logo\r\n================================================== -->\r\n<div class=\"col-md-8 col-sm-8\">\r\n    \r\n    <!-- ==================================================\r\nEnd Company Logo -->\r\n\r\n    <div class=\"sjb-without-logo\">\r\n    <div class=\"job-info job-without-company\">\r\n        <h4>\r\n            <a href=\"https:\/\/bio4plas.com\/fr\/jobs\/candidatura-espontanea\/\">\r\n                <span class=\"job-title\">Candidature spontan\u00e9e<\/span>            <\/a>\r\n        <\/h4>\r\n        <div class=\"sjb-company-details\">\r\n                    <\/div>\r\n            <\/div>\r\n<\/div>\r\n<\/div>\r\n\r\n<!-- Start apply now button\r\n================================================== -->\r\n<div class=\"col-md-4 col-sm-4 col-xs-12 sjb-apply-now-btn\">\r\n\t<p><a href=\"https:\/\/bio4plas.com\/fr\/jobs\/candidatura-espontanea\/\" class=\"btn btn-primary\">appliquer maintenant<\/a><\/p><\/div>\r\n<!-- ==================================================\r\nEnd apply now button -->\r\n\r\n                        <\/div>\r\n                    <\/div>\r\n                <\/div>\r\n             \r\n                <div class=\"clearfix\"><\/div>\r\n                <div class=\"col-md-12 col-sm-12\">\r\n                    <div class=\"sjb-job-type-location-date\">\r\n                        <div class=\"row\">\r\n                        \r\n<!-- Start Job Type\r\n================================================== -->\r\n\t<div class=\"col-md-2 col-sm-4 col-xs-12\">\r\n                <div class=\"job-type\"><i class=\"fa fa-briefcase\"><\/i>Temps plein temps partiel<\/div>\r\n    <\/div>\r\n \r\n<!-- ==================================================\r\nEnd Job Type -->\r\n\r\n\r\n<!-- Start Job's Location\r\n================================================== -->\r\n<!-- ==================================================\r\nEnd Job's Location -->\r\n\r\n\r\n<!-- Start Job Posted Date\r\n================================================== -->\r\n\t<div class=\"col-md-4 col-sm-4 col-xs-12\">\r\n                <div class=\"job-date\"><i class=\"fa  fa-calendar-check\"><\/i>Publi\u00e9 il y a 5 ans<\/div>\r\n\t<\/div>\r\n<!-- ==================================================\r\nEnd Job Posted Date -->\r\n\r\n                        <\/div>\r\n                    <\/div>\r\n\r\n                <\/div>\r\n            <\/div>\r\n            \r\n        <\/header>\r\n        \r\n\r\n        \r\n    <!-- View more content start\r\n    ================================= -->\r\n    \r\n<!-- View long content start \r\n================================================== -->\r\n<div class=\"sjb_more_content\" id=\"sjb_more_content_127\">\r\n    <h4>Principales responsabilit\u00e9s<\/h4>\r\n<ul>\r\n \t<li>Cette option est r\u00e9serv\u00e9e aux candidatures spontan\u00e9es.<\/li>\r\n<\/ul>\r\n<h4>Conditions<\/h4>\r\n<ul>\r\n \t<li>Candidatures pour d&#039;autres domaines professionnels \/ offres in\u00e9dites.<\/li>\r\n<\/ul>    \r\n<!-- Start Job Features\r\n================================================== -->\r\n<div class=\"job-features\">\r\n    \r\n    <table class=\"table\">\r\n        <tbody>\r\n                    <\/tbody>\r\n    <\/table>\r\n\r\n<\/div>\r\n<!-- ==================================================\r\nEnd Job Features -->\r\n\r\n<div class=\"clearfix\"><\/div>\r\n<\/div>\r\n\r\n<div class=\"sjb-view-less-btn\" id=\"sjb_view_less_btn_127\">\r\n    <a data-id=\"127\" class=\"sjb_view_less_btn sjb_view_more_btn\">\r\n        Voir moins            \r\n    <\/a>\r\n<\/div>\r\n<!-- ==================================================\r\nView long content end  -->\r\n\r\n    <!-- View more content end\r\n    ================================= -->\r\n\r\n    <!-- Start Job Short Description \r\n    ================================================== -->\r\n    <div class=\"job-description-list\">\r\n        <div id=\"sjb_less_content_127\"><p>Nous recherchons toujours les meilleurs talents. Si vous n&#039;avez pas \u00e9t\u00e9 en mesure de trouver le poste que vous recherchez, soumettez votre candidature spontan\u00e9e.<\/p><\/div>    <\/div>\r\n    <!-- ==================================================\r\n    End Job Short Description  -->\r\n\r\n        <\/div>\r\n<\/div>\r\n<!-- ==================================================\r\nEnd Jobs List View -->\r\n\r\n<div class=\"clearfix\"><\/div>\r\n\r\n\r\n    <\/div> <!-- end Jobs Listing: List View -->\r\n<\/div>\r\n<!-- End: Jobs Listing -->\r\n\r\n<div class=\"clearfix\"><\/div>\r\n<\/div>\r\n<!-- End: Jobs Listing Wrapper -->\r\n\r\n\n\t\t<\/div>\n\t<\/div>\n<\/div><\/div><\/div><\/div><div class=\"grve-background-wrapper\"><\/div><\/div>","protected":false},"excerpt":{"rendered":"Responsabilit\u00e9s principales Cette option est r\u00e9serv\u00e9e aux candidatures spontan\u00e9es. Exigences Candidatures pour d&#039;autres domaines professionnels\/offres in\u00e9dites.","protected":false},"author":1,"featured_media":0,"parent":0,"menu_order":0,"comment_status":"closed","ping_status":"closed","template":"","meta":{"footnotes":""},"class_list":["post-117","page","type-page","status-publish","hentry"],"_links":{"self":[{"href":"https:\/\/bio4plas.com\/fr\/wp-json\/wp\/v2\/pages\/117","targetHints":{"allow":["GET"]}}],"collection":[{"href":"https:\/\/bio4plas.com\/fr\/wp-json\/wp\/v2\/pages"}],"about":[{"href":"https:\/\/bio4plas.com\/fr\/wp-json\/wp\/v2\/types\/page"}],"author":[{"embeddable":true,"href":"https:\/\/bio4plas.com\/fr\/wp-json\/wp\/v2\/users\/1"}],"replies":[{"embeddable":true,"href":"https:\/\/bio4plas.com\/fr\/wp-json\/wp\/v2\/comments?post=117"}],"version-history":[{"count":1,"href":"https:\/\/bio4plas.com\/fr\/wp-json\/wp\/v2\/pages\/117\/revisions"}],"predecessor-version":[{"id":118,"href":"https:\/\/bio4plas.com\/fr\/wp-json\/wp\/v2\/pages\/117\/revisions\/118"}],"wp:attachment":[{"href":"https:\/\/bio4plas.com\/fr\/wp-json\/wp\/v2\/media?parent=117"}],"curies":[{"name":"wp","href":"https:\/\/api.w.org\/{rel}","templated":true}]}}