{"id":150,"date":"2021-05-19T11:26:54","date_gmt":"2021-05-19T11:26:54","guid":{"rendered":"https:\/\/bio4plas.com\/?page_id=150"},"modified":"2023-07-12T15:26:57","modified_gmt":"2023-07-12T15:26:57","slug":"quem-somos","status":"publish","type":"page","link":"https:\/\/bio4plas.com\/fr\/quem-somos\/","title":{"rendered":"Qui nous sommes"},"content":{"rendered":"<div class=\"grve-section grve-row-section grve-fullwidth-background grve-padding-bottom-3x grve-bg-none\"><div class=\"grve-container\"><div class=\"grve-row grve-bookmark grve-columns-gap-30\"><div class=\"grve-column wpb_column grve-column-7-12\" ><div class=\"grve-column-wrapper\" ><h2 class=\"grve-element grve-title grve-align-left grve-h3\" style=\"\"><span>Bio4Plas<\/span><\/h2><div class=\"grve-element grve-text\">\r\n\t\t\t<p>Bio4Plas a \u00e9t\u00e9 cr\u00e9\u00e9 en 2020 et a d\u00e9marr\u00e9 ses activit\u00e9s d\u00e9but 2021.<\/p>\n<p>Initialement, elle se concentrait uniquement sur la production de biocomposites et de biopolym\u00e8res, gr\u00e2ce \u00e0 l&#039;incorporation de fibres naturelles dans des mati\u00e8res plastiques d&#039;origine synth\u00e9tique et naturelle. Actuellement, elle pr\u00e9sente des solutions qui r\u00e9pondent aux besoins de ses Partenaires, comme la valorisation des polym\u00e8res synth\u00e9tiques et le d\u00e9veloppement de produits innovants, toujours bas\u00e9s sur les principes de l&#039;\u00e9conomie circulaire.<\/p>\n\r\n\t\t<\/div>\r\n\t<div class=\"grve-empty-space grve-height-2x\" style=\"\"><\/div><div class=\"grve-row-inner grve-bookmark\">\r\n\t\t<div class=\"grve-column-inner wpb_column grve-column-1-3\">\r\n\t\t\t<div class=\"grve-column-wrapper-inner\">\r\n\t\t\t<div class=\"grve-element grve-align-left\"><a href=\"https:\/\/bio4plas.com\/fr\/biocompositos-e-biopolimeros\/\" title=\"Biocomposites et Biopolym\u00e8res\" class=\"grve-btn grve-btn-medium grve-square grve-bg-primary-1 grve-bg-hover-black grve-btn-line\"><span>Biocomposites et Biopolym\u00e8res<\/span><\/a><\/div>\r\n\t\t\t<\/div>\r\n\t\t<\/div>\r\n\t\r\n\t\t<div class=\"grve-column-inner wpb_column grve-column-1-3\">\r\n\t\t\t<div class=\"grve-column-wrapper-inner\">\r\n\t\t\t<div class=\"grve-element grve-align-left\"><a href=\"https:\/\/bio4plas.com\/fr\/polimeros-recuperados\/\" title=\"Polym\u00e8res r\u00e9cup\u00e9r\u00e9s\" class=\"grve-btn grve-btn-medium grve-square grve-bg-primary-1 grve-bg-hover-black grve-btn-line\"><span>Polym\u00e8res r\u00e9cup\u00e9r\u00e9s<\/span><\/a><\/div>\r\n\t\t\t<\/div>\r\n\t\t<\/div>\r\n\t\r\n\t\t<div class=\"grve-column-inner wpb_column grve-column-1-3\">\r\n\t\t\t<div class=\"grve-column-wrapper-inner\">\r\n\t\t\t<div class=\"grve-element grve-align-left\"><a href=\"https:\/\/bio4plas.com\/fr\/produtos-inovadores\/\" title=\"Produits innovants\" class=\"grve-btn grve-btn-medium grve-square grve-bg-primary-1 grve-bg-hover-black grve-btn-line\"><span>Produits innovants<\/span><\/a><\/div>\r\n\t\t\t<\/div>\r\n\t\t<\/div>\r\n\t<\/div><div class=\"grve-row-inner grve-bookmark\">\r\n\t\t<div class=\"grve-column-inner wpb_column grve-column-1\">\r\n\t\t\t<div class=\"grve-column-wrapper-inner\">\r\n\t\t\t<div class=\"grve-empty-space grve-height-2x\" style=\"\"><\/div><div class=\"grve-element grve-text\">\r\n\t\t\t<p>Son proc\u00e9d\u00e9 principal est l&#039;extrusion, qui permet aux produits d&#039;avoir les caract\u00e9ristiques suivantes :<\/p>\n\r\n\t\t<\/div>\r\n\t<div class=\"grve-empty-space grve-height-2x\" style=\"\"><\/div>\r\n\t\t\t<\/div>\r\n\t\t<\/div>\r\n\t<\/div><div class=\"grve-row-inner grve-bookmark\">\r\n\t\t<div class=\"grve-column-inner wpb_column grve-column-1-2\">\r\n\t\t\t<div class=\"grve-column-wrapper-inner\">\r\n\t\t\t<div class=\"grve-element grve-box-icon grve-extra-small grve-side-icon grve-align-left\" style=\"\"><div class=\"grve-image-icon\"><img loading=\"lazy\" decoding=\"async\" width=\"500\" height=\"500\" src=\"https:\/\/bio4plas.com\/wp-content\/uploads\/2020\/11\/bio4plasicon.png\" class=\"attachment-full size-full\" alt=\"\" srcset=\"https:\/\/bio4plas.com\/wp-content\/uploads\/2020\/11\/bio4plasicon.png 500w, https:\/\/bio4plas.com\/wp-content\/uploads\/2020\/11\/bio4plasicon-300x300.png 300w, https:\/\/bio4plas.com\/wp-content\/uploads\/2020\/11\/bio4plasicon-150x150.png 150w, https:\/\/bio4plas.com\/wp-content\/uploads\/2020\/11\/bio4plasicon-12x12.png 12w\" sizes=\"auto, (max-width: 500px) 100vw, 500px\" \/><\/div><div class=\"grve-box-content\"><div class=\"grve-box-title-wrapper\"><h4 class=\"grve-box-title grve-h5\">Ils peuvent \u00eatre utilis\u00e9s dans les processus d&#039;injection existants, en maintenant les caract\u00e9ristiques du processus.<\/h4><\/div><\/div><\/div><div class=\"grve-empty-space grve-height-1x\" style=\"\"><\/div><div class=\"grve-element grve-box-icon grve-extra-small grve-side-icon grve-align-left\" style=\"\"><div class=\"grve-image-icon\"><img loading=\"lazy\" decoding=\"async\" width=\"500\" height=\"500\" src=\"https:\/\/bio4plas.com\/wp-content\/uploads\/2020\/11\/bio4plasicon.png\" class=\"attachment-full size-full\" alt=\"\" srcset=\"https:\/\/bio4plas.com\/wp-content\/uploads\/2020\/11\/bio4plasicon.png 500w, https:\/\/bio4plas.com\/wp-content\/uploads\/2020\/11\/bio4plasicon-300x300.png 300w, https:\/\/bio4plas.com\/wp-content\/uploads\/2020\/11\/bio4plasicon-150x150.png 150w, https:\/\/bio4plas.com\/wp-content\/uploads\/2020\/11\/bio4plasicon-12x12.png 12w\" sizes=\"auto, (max-width: 500px) 100vw, 500px\" \/><\/div><div class=\"grve-box-content\"><div class=\"grve-box-title-wrapper\"><h4 class=\"grve-box-title grve-h5\">Pourcentage d&#039;incorporation plus rigoureux et pr\u00e9cis.<\/h4><\/div><\/div><\/div>\r\n\t\t\t<\/div>\r\n\t\t<\/div>\r\n\t\r\n\t\t<div class=\"grve-column-inner wpb_column grve-column-1-2\">\r\n\t\t\t<div class=\"grve-column-wrapper-inner\">\r\n\t\t\t<div class=\"grve-element grve-box-icon grve-extra-small grve-side-icon grve-align-left\" style=\"\"><div class=\"grve-image-icon\"><img loading=\"lazy\" decoding=\"async\" width=\"500\" height=\"500\" src=\"https:\/\/bio4plas.com\/wp-content\/uploads\/2020\/11\/bio4plasicon.png\" class=\"attachment-full size-full\" alt=\"\" srcset=\"https:\/\/bio4plas.com\/wp-content\/uploads\/2020\/11\/bio4plasicon.png 500w, https:\/\/bio4plas.com\/wp-content\/uploads\/2020\/11\/bio4plasicon-300x300.png 300w, https:\/\/bio4plas.com\/wp-content\/uploads\/2020\/11\/bio4plasicon-150x150.png 150w, https:\/\/bio4plas.com\/wp-content\/uploads\/2020\/11\/bio4plasicon-12x12.png 12w\" sizes=\"auto, (max-width: 500px) 100vw, 500px\" \/><\/div><div class=\"grve-box-content\"><div class=\"grve-box-title-wrapper\"><h4 class=\"grve-box-title grve-h5\">Produit dimensionnellement et structurellement plus homog\u00e8ne pour \u00eatre utilis\u00e9 en injection.<\/h4><\/div><\/div><\/div><div class=\"grve-empty-space grve-height-1x\" style=\"\"><\/div><div class=\"grve-element grve-box-icon grve-extra-small grve-side-icon grve-align-left\" style=\"\"><div class=\"grve-image-icon\"><img loading=\"lazy\" decoding=\"async\" width=\"500\" height=\"500\" src=\"https:\/\/bio4plas.com\/wp-content\/uploads\/2020\/11\/bio4plasicon.png\" class=\"attachment-full size-full\" alt=\"\" srcset=\"https:\/\/bio4plas.com\/wp-content\/uploads\/2020\/11\/bio4plasicon.png 500w, https:\/\/bio4plas.com\/wp-content\/uploads\/2020\/11\/bio4plasicon-300x300.png 300w, https:\/\/bio4plas.com\/wp-content\/uploads\/2020\/11\/bio4plasicon-150x150.png 150w, https:\/\/bio4plas.com\/wp-content\/uploads\/2020\/11\/bio4plasicon-12x12.png 12w\" sizes=\"auto, (max-width: 500px) 100vw, 500px\" \/><\/div><div class=\"grve-box-content\"><div class=\"grve-box-title-wrapper\"><h4 class=\"grve-box-title grve-h5\">Processus d&#039;injection plus propre et plus contr\u00f4l\u00e9.<\/h4><\/div><\/div><\/div>\r\n\t\t\t<\/div>\r\n\t\t<\/div>\r\n\t<\/div><\/div><\/div><div class=\"grve-column wpb_column grve-column-5-12 grve-mobile-column-hide\" ><div class=\"grve-column-wrapper vc_custom_1606321151388\" ><div class=\"grve-element grve-image grve-animated-item grve-duration-normal grve-zoom-in grve-align-center grve-full-image grve-image-space-100\" style=\"\" data-delay=\"200\">  <div class=\"grve-image-wrapper\"><img loading=\"lazy\" decoding=\"async\" width=\"768\" height=\"768\" src=\"https:\/\/bio4plas.com\/wp-content\/uploads\/2020\/11\/bio4plaslogotipo-768x768.png\" class=\"attachment-medium_large size-medium_large\" alt=\"\" srcset=\"https:\/\/bio4plas.com\/wp-content\/uploads\/2020\/11\/bio4plaslogotipo-768x768.png 768w, https:\/\/bio4plas.com\/wp-content\/uploads\/2020\/11\/bio4plaslogotipo-300x300.png 300w, https:\/\/bio4plas.com\/wp-content\/uploads\/2020\/11\/bio4plaslogotipo-1024x1024.png 1024w, https:\/\/bio4plas.com\/wp-content\/uploads\/2020\/11\/bio4plaslogotipo-150x150.png 150w, https:\/\/bio4plas.com\/wp-content\/uploads\/2020\/11\/bio4plaslogotipo-1536x1536.png 1536w, https:\/\/bio4plas.com\/wp-content\/uploads\/2020\/11\/bio4plaslogotipo-12x12.png 12w, https:\/\/bio4plas.com\/wp-content\/uploads\/2020\/11\/bio4plaslogotipo-560x560.png 560w, https:\/\/bio4plas.com\/wp-content\/uploads\/2020\/11\/bio4plaslogotipo-900x900.png 900w, https:\/\/bio4plas.com\/wp-content\/uploads\/2020\/11\/bio4plaslogotipo-1920x1920.png 1920w\" sizes=\"auto, (max-width: 768px) 100vw, 768px\" \/>   <\/div><\/div><\/div><\/div><\/div><\/div><div class=\"grve-background-wrapper\"><\/div><\/div><div class=\"grve-section grve-row-section grve-fullwidth-background grve-padding-top-1x grve-padding-bottom-1x grve-bg-none\"  style=\"background-color:#ececec;\"><div class=\"grve-container\"><div class=\"grve-row grve-bookmark grve-columns-gap-30\"><div class=\"grve-column wpb_column grve-column-1-2\" ><div class=\"grve-column-wrapper\" ><div class=\"grve-element grve-box-icon grve-medium grve-side-icon grve-align-left\" style=\"\"><div class=\"grve-wrapper-icon grve-no-shape\" style=\"\"><i class=\"grve-text-primary-1 smp-icon-heart\"><\/i><\/div><div class=\"grve-box-content\"><div class=\"grve-box-title-wrapper\"><h3 class=\"grve-box-title grve-h2\">Valeurs<\/h3><\/div><\/div><\/div><div class=\"grve-empty-space grve-height-2x\" style=\"\"><\/div><div class=\"grve-element grve-box-icon grve-extra-small grve-side-icon grve-align-left\" style=\"\"><div class=\"grve-image-icon\"><img loading=\"lazy\" decoding=\"async\" width=\"500\" height=\"500\" src=\"https:\/\/bio4plas.com\/wp-content\/uploads\/2020\/11\/bio4plasicon.png\" class=\"attachment-full size-full\" alt=\"\" srcset=\"https:\/\/bio4plas.com\/wp-content\/uploads\/2020\/11\/bio4plasicon.png 500w, https:\/\/bio4plas.com\/wp-content\/uploads\/2020\/11\/bio4plasicon-300x300.png 300w, https:\/\/bio4plas.com\/wp-content\/uploads\/2020\/11\/bio4plasicon-150x150.png 150w, https:\/\/bio4plas.com\/wp-content\/uploads\/2020\/11\/bio4plasicon-12x12.png 12w\" sizes=\"auto, (max-width: 500px) 100vw, 500px\" \/><\/div><div class=\"grve-box-content\"><div class=\"grve-box-title-wrapper\"><h3 class=\"grve-box-title grve-h3\">Innovation<\/h3><\/div><\/div><\/div><div class=\"grve-empty-space grve-height-1x\" style=\"\"><\/div><div class=\"grve-element grve-box-icon grve-extra-small grve-side-icon grve-align-left\" style=\"\"><div class=\"grve-image-icon\"><img loading=\"lazy\" decoding=\"async\" width=\"500\" height=\"500\" src=\"https:\/\/bio4plas.com\/wp-content\/uploads\/2020\/11\/bio4plasicon.png\" class=\"attachment-full size-full\" alt=\"\" srcset=\"https:\/\/bio4plas.com\/wp-content\/uploads\/2020\/11\/bio4plasicon.png 500w, https:\/\/bio4plas.com\/wp-content\/uploads\/2020\/11\/bio4plasicon-300x300.png 300w, https:\/\/bio4plas.com\/wp-content\/uploads\/2020\/11\/bio4plasicon-150x150.png 150w, https:\/\/bio4plas.com\/wp-content\/uploads\/2020\/11\/bio4plasicon-12x12.png 12w\" sizes=\"auto, (max-width: 500px) 100vw, 500px\" \/><\/div><div class=\"grve-box-content\"><div class=\"grve-box-title-wrapper\"><h3 class=\"grve-box-title grve-h3\">Durabilit\u00e9<\/h3><\/div><\/div><\/div><div class=\"grve-empty-space grve-height-1x\" style=\"\"><\/div><div class=\"grve-element grve-box-icon grve-extra-small grve-side-icon grve-align-left\" style=\"\"><div class=\"grve-image-icon\"><img loading=\"lazy\" decoding=\"async\" width=\"500\" height=\"500\" src=\"https:\/\/bio4plas.com\/wp-content\/uploads\/2020\/11\/bio4plasicon.png\" class=\"attachment-full size-full\" alt=\"\" srcset=\"https:\/\/bio4plas.com\/wp-content\/uploads\/2020\/11\/bio4plasicon.png 500w, https:\/\/bio4plas.com\/wp-content\/uploads\/2020\/11\/bio4plasicon-300x300.png 300w, https:\/\/bio4plas.com\/wp-content\/uploads\/2020\/11\/bio4plasicon-150x150.png 150w, https:\/\/bio4plas.com\/wp-content\/uploads\/2020\/11\/bio4plasicon-12x12.png 12w\" sizes=\"auto, (max-width: 500px) 100vw, 500px\" \/><\/div><div class=\"grve-box-content\"><div class=\"grve-box-title-wrapper\"><h3 class=\"grve-box-title grve-h3\">Esprit d&#039;\u00e9quipe et entraide<\/h3><\/div><\/div><\/div><div class=\"grve-empty-space grve-height-1x\" style=\"\"><\/div><div class=\"grve-element grve-box-icon grve-extra-small grve-side-icon grve-align-left\" style=\"\"><div class=\"grve-image-icon\"><img loading=\"lazy\" decoding=\"async\" width=\"500\" height=\"500\" src=\"https:\/\/bio4plas.com\/wp-content\/uploads\/2020\/11\/bio4plasicon.png\" class=\"attachment-full size-full\" alt=\"\" srcset=\"https:\/\/bio4plas.com\/wp-content\/uploads\/2020\/11\/bio4plasicon.png 500w, https:\/\/bio4plas.com\/wp-content\/uploads\/2020\/11\/bio4plasicon-300x300.png 300w, https:\/\/bio4plas.com\/wp-content\/uploads\/2020\/11\/bio4plasicon-150x150.png 150w, https:\/\/bio4plas.com\/wp-content\/uploads\/2020\/11\/bio4plasicon-12x12.png 12w\" sizes=\"auto, (max-width: 500px) 100vw, 500px\" \/><\/div><div class=\"grve-box-content\"><div class=\"grve-box-title-wrapper\"><h3 class=\"grve-box-title grve-h3\">Engagement et rigueur<\/h3><\/div><\/div><\/div><\/div><\/div><div class=\"grve-column wpb_column grve-column-1-2\" ><div class=\"grve-column-wrapper\" ><div class=\"grve-element grve-box-icon grve-medium grve-side-icon grve-align-left\" style=\"\"><div class=\"grve-wrapper-icon grve-no-shape\" style=\"\"><i class=\"grve-text-primary-1 smp-icon-trophy\"><\/i><\/div><div class=\"grve-box-content\"><div class=\"grve-box-title-wrapper\"><h3 class=\"grve-box-title grve-h2\">Mission<\/h3><\/div><\/div><\/div><div class=\"grve-empty-space grve-height-2x\" style=\"\"><\/div><div class=\"grve-element grve-text\">\r\n\t\t\t<p>Contribuez \u00e0 une plan\u00e8te plus durable en produisant des biopolym\u00e8res et des solutions durables align\u00e9es sur le concept d&#039;\u00e9conomie circulaire.<\/p>\n\r\n\t\t<\/div>\r\n\t<\/div><\/div><\/div><\/div><div class=\"grve-background-wrapper\"><\/div><\/div>","protected":false},"excerpt":{"rendered":"A Bio4Plas A Bio4Plas foi criada no ano de 2020 e come\u00e7ou a sua labora\u00e7\u00e3o no in\u00edcio de 2021. Inicialmente focou-se apenas na produ\u00e7\u00e3o de biocomp\u00f3sitos e biopol\u00edmeros, atrav\u00e9s incorpora\u00e7\u00e3o de fibras naturais em material pl\u00e1stico de origem sint\u00e9tica e natural.\u00a0 Atualmente, apresenta solu\u00e7\u00f5es que v\u00e3o ao encontro das necessidades dos seus Parceiros, tais como [...]","protected":false},"author":1,"featured_media":0,"parent":0,"menu_order":0,"comment_status":"closed","ping_status":"closed","template":"","meta":{"footnotes":""},"class_list":["post-150","page","type-page","status-publish","hentry"],"_links":{"self":[{"href":"https:\/\/bio4plas.com\/fr\/wp-json\/wp\/v2\/pages\/150","targetHints":{"allow":["GET"]}}],"collection":[{"href":"https:\/\/bio4plas.com\/fr\/wp-json\/wp\/v2\/pages"}],"about":[{"href":"https:\/\/bio4plas.com\/fr\/wp-json\/wp\/v2\/types\/page"}],"author":[{"embeddable":true,"href":"https:\/\/bio4plas.com\/fr\/wp-json\/wp\/v2\/users\/1"}],"replies":[{"embeddable":true,"href":"https:\/\/bio4plas.com\/fr\/wp-json\/wp\/v2\/comments?post=150"}],"version-history":[{"count":27,"href":"https:\/\/bio4plas.com\/fr\/wp-json\/wp\/v2\/pages\/150\/revisions"}],"predecessor-version":[{"id":9475,"href":"https:\/\/bio4plas.com\/fr\/wp-json\/wp\/v2\/pages\/150\/revisions\/9475"}],"wp:attachment":[{"href":"https:\/\/bio4plas.com\/fr\/wp-json\/wp\/v2\/media?parent=150"}],"curies":[{"name":"wp","href":"https:\/\/api.w.org\/{rel}","templated":true}]}}