{"id":193,"date":"2021-05-20T10:00:41","date_gmt":"2021-05-20T10:00:41","guid":{"rendered":"https:\/\/bio4plas.com\/?page_id=193"},"modified":"2023-11-09T14:16:05","modified_gmt":"2023-11-09T14:16:05","slug":"qualidade-ambiente-e-seguranca","status":"publish","type":"page","link":"https:\/\/bio4plas.com\/fr\/qualidade-ambiente-e-seguranca\/","title":{"rendered":"Qualit\u00e9, environnement et s\u00e9curit\u00e9"},"content":{"rendered":"<div class=\"grve-section grve-row-section grve-fullwidth-background grve-padding-bottom-3x grve-bg-none\"><div class=\"grve-container\"><div class=\"grve-row grve-bookmark grve-columns-gap-30\"><div class=\"grve-column wpb_column grve-column-1\" ><div class=\"grve-column-wrapper\" >\r\n\t\t\t\t<div class=\"grve-team grve-element grve-layout-2 grve-with-parallax-effect grve-paraller-wrapper grve-align-left\" style=\"\">\r\n\r\n\t\t\t<figure class=\"grve-image-hover grve-zoom-none\">\r\n\t\t\t\t\t\t\t\t<div class=\"grve-team-person\">\r\n\t\t\t\t\t<div class=\"grve-bg-light grve-hover-overlay grve-opacity-0\"><\/div>\r\n\t\t\t\t\t<img loading=\"lazy\" decoding=\"async\" width=\"560\" height=\"370\" src=\"https:\/\/bio4plas.com\/wp-content\/uploads\/2021\/05\/sustentabilidade2-560x370.png\" class=\"attachment-movedo-grve-small-rect-vertical size-movedo-grve-small-rect-vertical\" alt=\"\" srcset=\"https:\/\/bio4plas.com\/wp-content\/uploads\/2021\/05\/sustentabilidade2-560x370.png 560w, https:\/\/bio4plas.com\/wp-content\/uploads\/2021\/05\/sustentabilidade2-16x10.png 16w\" sizes=\"auto, (max-width: 560px) 100vw, 560px\" \/>\t\t\t\t<\/div>\r\n\t\t\t<\/figure>\r\n\t\t\t<div class=\"grve-team-description grve-align-left grve-box-item grve-bg-white grve-paraller\" data-limit=\"1x\">\r\n\t\t\t\t\t\t\t\t\t\t\t\t<h3 class=\"grve-team-name grve-heading-color grve-text-hover-primary-1 grve-h5\"><\/h3>\r\n\t\t\t\t\t\t\t\t\t\t\t\t<p>Alli\u00e9s aux caract\u00e9ristiques innovantes de notre produit, il y a notre niveau d&#039;exigence et de rigueur pour assurer notre p\u00e9rennit\u00e9 et notre environnement.<\/p>\r\n\t\t\t\t\t\t\t\t<ul class=\"grve-team-social grve-responsive-team-socials\">\r\n\t\t\t\t\t\t\t\t\t<\/ul>\r\n\t\t\t<\/div>\r\n\t\t\t<ul class=\"grve-team-social grve-align-center\">\r\n\t\t\t\t\t\t\t<\/ul>\r\n\t\t<\/div>\r\n\t\t\r\n\t\t<\/div><\/div><\/div><\/div><div class=\"grve-background-wrapper\"><\/div><\/div><div class=\"grve-section grve-row-section grve-fullwidth grve-padding-top-3x grve-bg-none grve-headings-light grve-custom-height grve-middle-content\"  style=\"background-color:#ececec;color:#222222;\"><div class=\"grve-container\"><div class=\"grve-row grve-bookmark grve-columns-gap-none\"><div class=\"grve-column wpb_column grve-column-2-3\" ><div class=\"grve-column-wrapper\" ><div class=\"grve-element grve-image grve-align-center\" style=\"\">  <div class=\"grve-image-wrapper\"><img loading=\"lazy\" decoding=\"async\" width=\"3508\" height=\"1193\" src=\"https:\/\/bio4plas.com\/wp-content\/uploads\/2021\/05\/selos.png\" class=\"attachment-full size-full\" alt=\"\" srcset=\"https:\/\/bio4plas.com\/wp-content\/uploads\/2021\/05\/selos.png 3508w, https:\/\/bio4plas.com\/wp-content\/uploads\/2021\/05\/selos-300x102.png 300w, https:\/\/bio4plas.com\/wp-content\/uploads\/2021\/05\/selos-1024x348.png 1024w, https:\/\/bio4plas.com\/wp-content\/uploads\/2021\/05\/selos-768x261.png 768w, https:\/\/bio4plas.com\/wp-content\/uploads\/2021\/05\/selos-1536x522.png 1536w, https:\/\/bio4plas.com\/wp-content\/uploads\/2021\/05\/selos-16x5.png 16w, https:\/\/bio4plas.com\/wp-content\/uploads\/2021\/05\/selos-1920x653.png 1920w\" sizes=\"auto, (max-width: 3508px) 100vw, 3508px\" \/>   <\/div><\/div><\/div><\/div><div class=\"grve-column wpb_column grve-column-1-3\" ><div class=\"grve-column-wrapper\" ><h3 class=\"grve-element grve-title grve-align-center grve-h2\" style=\"\"><span><br>\n<p style=\"color: #000000;\">Attestation<br>\n<\/span><\/h3><div class=\"grve-element grve-text\">\r\n\t\t\t<p style=\"text-align: center;\">Nous sommes en train de mettre en \u0153uvre le<br \/>\nSyst\u00e8me de gestion int\u00e9gr\u00e9<\/p>\n\r\n\t\t<\/div>\r\n\t<\/div><\/div><\/div><\/div><div class=\"grve-background-wrapper\"><\/div><\/div><div class=\"grve-section grve-row-section grve-fullwidth-background grve-padding-top-1x grve-padding-bottom-1x grve-bg-none\"><div class=\"grve-container\"><div class=\"grve-row grve-bookmark grve-columns-gap-60\"><div class=\"grve-column wpb_column grve-column-1-2\" ><div class=\"grve-column-wrapper\" ><div class=\"grve-element grve-callout grve-btn-right\" style=\"\">  <div class=\"grve-callout-wrapper\"><h3 class=\"grve-callout-content grve-h4\">Politique de qualit\u00e9, d&#039;environnement et de s\u00e9curit\u00e9<\/h3>  <\/div>  <div class=\"grve-button-wrapper\"><a href=\"https:\/\/bio4plas.com\/fr\/politica-de-qualidade-ambiente-e-seguranca\/\" title=\"Politique de qualit\u00e9, d&#039;environnement et de s\u00e9curit\u00e9\" class=\"grve-btn grve-btn-medium grve-square grve-bg-primary-1 grve-bg-hover-black\"><span>\u00c0 conna\u00eetre<\/span><\/a>  <\/div><\/div><\/div><\/div><div class=\"grve-column wpb_column grve-column-1-2\" ><div class=\"grve-column-wrapper\" ><div class=\"grve-element grve-callout grve-btn-right\" style=\"\">  <div class=\"grve-callout-wrapper\"><h3 class=\"grve-callout-content grve-h4\">\u00c9valuation des fournisseurs<\/h3>  <\/div>  <div class=\"grve-button-wrapper\"><a href=\"https:\/\/bio4plas.com\/fr\/avaliacao-de-fornecedores\/\" title=\"\u00c9valuation des fournisseurs\" class=\"grve-btn grve-btn-medium grve-square grve-bg-primary-1 grve-bg-hover-black\"><span>\u00c0 conna\u00eetre<\/span><\/a>  <\/div><\/div><\/div><\/div><\/div><\/div><div class=\"grve-background-wrapper\"><\/div><\/div>","protected":false},"excerpt":{"rendered":"Aux caract\u00e9ristiques innovantes de notre produit s&#039;ajoute notre niveau d&#039;exigence et de rigueur pour garantir notre durabilit\u00e9 et celle de ce qui nous entoure. Certification Nous sommes en train de mettre en \u0153uvre la Politique de Qualit\u00e9, Environnement et S\u00e9curit\u00e9 du Syst\u00e8me de Management Int\u00e9gr\u00e9 En savoir plus sur l&#039;\u00e9valuation des fournisseurs En savoir plus","protected":false},"author":1,"featured_media":0,"parent":0,"menu_order":0,"comment_status":"closed","ping_status":"closed","template":"","meta":{"footnotes":""},"class_list":["post-193","page","type-page","status-publish","hentry"],"_links":{"self":[{"href":"https:\/\/bio4plas.com\/fr\/wp-json\/wp\/v2\/pages\/193","targetHints":{"allow":["GET"]}}],"collection":[{"href":"https:\/\/bio4plas.com\/fr\/wp-json\/wp\/v2\/pages"}],"about":[{"href":"https:\/\/bio4plas.com\/fr\/wp-json\/wp\/v2\/types\/page"}],"author":[{"embeddable":true,"href":"https:\/\/bio4plas.com\/fr\/wp-json\/wp\/v2\/users\/1"}],"replies":[{"embeddable":true,"href":"https:\/\/bio4plas.com\/fr\/wp-json\/wp\/v2\/comments?post=193"}],"version-history":[{"count":15,"href":"https:\/\/bio4plas.com\/fr\/wp-json\/wp\/v2\/pages\/193\/revisions"}],"predecessor-version":[{"id":10888,"href":"https:\/\/bio4plas.com\/fr\/wp-json\/wp\/v2\/pages\/193\/revisions\/10888"}],"wp:attachment":[{"href":"https:\/\/bio4plas.com\/fr\/wp-json\/wp\/v2\/media?parent=193"}],"curies":[{"name":"wp","href":"https:\/\/api.w.org\/{rel}","templated":true}]}}