{"id":213,"date":"2021-05-20T10:54:09","date_gmt":"2021-05-20T10:54:09","guid":{"rendered":"https:\/\/bio4plas.com\/?page_id=213"},"modified":"2024-01-16T11:20:00","modified_gmt":"2024-01-16T11:20:00","slug":"politica-de-qualidade-ambiente-e-seguranca","status":"publish","type":"page","link":"https:\/\/bio4plas.com\/fr\/politica-de-qualidade-ambiente-e-seguranca\/","title":{"rendered":"Politique de qualit\u00e9, d&#039;environnement et de s\u00e9curit\u00e9"},"content":{"rendered":"<div class=\"grve-section grve-row-section grve-fullwidth-background grve-padding-top-1x grve-padding-bottom-1x grve-bg-none\"><div class=\"grve-container\"><div class=\"grve-row grve-bookmark grve-columns-gap-30\"><div class=\"grve-column wpb_column grve-column-1\" ><div class=\"grve-column-wrapper\" ><div class=\"grve-element grve-text\">\r\n\t\t\t<p>Bio4Plas Management, afin d&#039;\u00eatre une entreprise de r\u00e9f\u00e9rence dans le domaine de la production de biocomposites, d\u00e9finit sa politique et met en \u0153uvre sa strat\u00e9gie bas\u00e9e sur les principes suivants :<\/p>\n<ol>\n<li>Satisfaire les exigences du client et, si possible, d\u00e9passer ses attentes, par la qualit\u00e9 et l&#039;innovation des produits et services fournis.<\/li>\n<li>Assurer la rentabilit\u00e9, la comp\u00e9titivit\u00e9 et le d\u00e9veloppement durable de l&#039;entreprise, par l&#039;am\u00e9lioration constante et continue des processus de production et le d\u00e9veloppement de solutions innovantes \u00e0 haute valeur ajout\u00e9e.<\/li>\n<li>Assurer le respect de la l\u00e9gislation et des r\u00e9glementations en vigueur et maintenir les activit\u00e9s et les processus en permanence en conformit\u00e9 avec les exigences environnementales et de s\u00e9curit\u00e9 applicables, ainsi qu&#039;avec les autres exigences auxquelles l&#039;organisation souscrit.<\/li>\n<li>Analyser et contr\u00f4ler les risques et les opportunit\u00e9s pouvant affecter la conformit\u00e9 des services, l&#039;impact environnemental et la sant\u00e9 et la s\u00e9curit\u00e9 des employ\u00e9s.<\/li>\n<li>Surveiller et contr\u00f4ler les aspects environnementaux significatifs, dans le but de minimiser et de pr\u00e9venir les impacts environnementaux de toutes les activit\u00e9s, notamment en termes de pr\u00e9vention de la pollution, d&#039;utilisation efficace des ressources, de conservation de la biodiversit\u00e9 et d&#039;efficacit\u00e9 \u00e9nerg\u00e9tique.<\/li>\n<li>Identifier, \u00e9valuer, contr\u00f4ler et sensibiliser tous les salari\u00e9s aux risques auxquels ils peuvent \u00eatre expos\u00e9s, en assurant la pr\u00e9vention des accidents du travail et des maladies professionnelles.<\/li>\n<li>Promouvoir la sensibilisation, la formation et la motivation de tous les employ\u00e9s.<\/li>\n<li>\u00c9tablir un processus de communication, tant interne qu&#039;externe, dans le but d&#039;informer et d&#039;impliquer les employ\u00e9s et toutes les parties int\u00e9ress\u00e9es.<\/li>\n<li>Am\u00e9liorer continuellement les performances du syst\u00e8me de gestion de la qualit\u00e9, de l&#039;environnement et de la s\u00e9curit\u00e9 afin d&#039;atteindre les objectifs et les cibles fix\u00e9s.<\/li>\n<\/ol>\n<p>Date : 03\/07\/2021<\/p>\n\r\n\t\t<\/div>\r\n\t<\/div><\/div><\/div><\/div><div class=\"grve-background-wrapper\"><\/div><\/div>","protected":false},"excerpt":{"rendered":"A Ger\u00eancia da Bio4Plas, com a finalidade de ser uma empresa de refer\u00eancia na \u00e1rea da produ\u00e7\u00e3o de biocomp\u00f3sitos, define a sua pol\u00edtica e implementa a sua estrat\u00e9gia baseada nos seguintes princ\u00edpios: Satisfazer os requisitos do cliente e, se poss\u00edvel, exceder as suas expectativas, pela qualidade e inova\u00e7\u00e3o dos produtos e servi\u00e7os prestados. Assegurar a [...]","protected":false},"author":1,"featured_media":0,"parent":0,"menu_order":0,"comment_status":"closed","ping_status":"closed","template":"","meta":{"footnotes":""},"class_list":["post-213","page","type-page","status-publish","hentry"],"_links":{"self":[{"href":"https:\/\/bio4plas.com\/fr\/wp-json\/wp\/v2\/pages\/213","targetHints":{"allow":["GET"]}}],"collection":[{"href":"https:\/\/bio4plas.com\/fr\/wp-json\/wp\/v2\/pages"}],"about":[{"href":"https:\/\/bio4plas.com\/fr\/wp-json\/wp\/v2\/types\/page"}],"author":[{"embeddable":true,"href":"https:\/\/bio4plas.com\/fr\/wp-json\/wp\/v2\/users\/1"}],"replies":[{"embeddable":true,"href":"https:\/\/bio4plas.com\/fr\/wp-json\/wp\/v2\/comments?post=213"}],"version-history":[{"count":3,"href":"https:\/\/bio4plas.com\/fr\/wp-json\/wp\/v2\/pages\/213\/revisions"}],"predecessor-version":[{"id":11778,"href":"https:\/\/bio4plas.com\/fr\/wp-json\/wp\/v2\/pages\/213\/revisions\/11778"}],"wp:attachment":[{"href":"https:\/\/bio4plas.com\/fr\/wp-json\/wp\/v2\/media?parent=213"}],"curies":[{"name":"wp","href":"https:\/\/api.w.org\/{rel}","templated":true}]}}