{"id":218,"date":"2021-05-20T11:02:57","date_gmt":"2021-05-20T11:02:57","guid":{"rendered":"https:\/\/bio4plas.com\/?page_id=218"},"modified":"2022-10-18T15:01:16","modified_gmt":"2022-10-18T15:01:16","slug":"produtos","status":"publish","type":"page","link":"https:\/\/bio4plas.com\/fr\/produtos\/","title":{"rendered":"Des produits"},"content":{"rendered":"<div class=\"grve-section grve-row-section grve-fullwidth-background grve-bg-none grve-custom-height grve-equal-column\"><div class=\"grve-container\"><div class=\"grve-row grve-bookmark grve-columns-gap-30\"><div class=\"grve-column wpb_column grve-column-1-3 grve-mobile-column-1-2\" ><div class=\"grve-column-wrapper\" ><div class=\"grve-empty-space grve-height-1x\" style=\"\"><\/div><div class=\"grve-element grve-box-icon grve-extra-small grve-side-icon grve-align-left\" style=\"\"><div class=\"grve-image-icon\"><img loading=\"lazy\" decoding=\"async\" width=\"500\" height=\"500\" src=\"https:\/\/bio4plas.com\/wp-content\/uploads\/2020\/11\/bio4plasicon.png\" class=\"attachment-full size-full\" alt=\"\" srcset=\"https:\/\/bio4plas.com\/wp-content\/uploads\/2020\/11\/bio4plasicon.png 500w, https:\/\/bio4plas.com\/wp-content\/uploads\/2020\/11\/bio4plasicon-300x300.png 300w, https:\/\/bio4plas.com\/wp-content\/uploads\/2020\/11\/bio4plasicon-150x150.png 150w, https:\/\/bio4plas.com\/wp-content\/uploads\/2020\/11\/bio4plasicon-12x12.png 12w\" sizes=\"auto, (max-width: 500px) 100vw, 500px\" \/><\/div><div class=\"grve-box-content\"><div class=\"grve-box-title-wrapper\"><h3 class=\"grve-box-title grve-h3\">R\u00e9duction plastique synth\u00e9tique<\/h3><\/div><\/div><\/div><div class=\"grve-empty-space grve-height-1x\" style=\"\"><\/div><\/div><\/div><div class=\"grve-column wpb_column grve-column-1-3 grve-mobile-column-1-2\" ><div class=\"grve-column-wrapper\" ><div class=\"grve-empty-space grve-height-1x\" style=\"\"><\/div><div class=\"grve-element grve-box-icon grve-extra-small grve-side-icon grve-align-left\" style=\"\"><div class=\"grve-image-icon\"><img loading=\"lazy\" decoding=\"async\" width=\"500\" height=\"500\" src=\"https:\/\/bio4plas.com\/wp-content\/uploads\/2020\/11\/bio4plasicon.png\" class=\"attachment-full size-full\" alt=\"\" srcset=\"https:\/\/bio4plas.com\/wp-content\/uploads\/2020\/11\/bio4plasicon.png 500w, https:\/\/bio4plas.com\/wp-content\/uploads\/2020\/11\/bio4plasicon-300x300.png 300w, https:\/\/bio4plas.com\/wp-content\/uploads\/2020\/11\/bio4plasicon-150x150.png 150w, https:\/\/bio4plas.com\/wp-content\/uploads\/2020\/11\/bio4plasicon-12x12.png 12w\" sizes=\"auto, (max-width: 500px) 100vw, 500px\" \/><\/div><div class=\"grve-box-content\"><div class=\"grve-box-title-wrapper\"><h3 class=\"grve-box-title grve-h3\">couleur naturelle<\/h3><\/div><\/div><\/div><div class=\"grve-empty-space grve-height-1x\" style=\"\"><\/div><\/div><\/div><div class=\"grve-column wpb_column grve-column-1-3 grve-mobile-column-1-2\" ><div class=\"grve-column-wrapper\" ><div class=\"grve-empty-space grve-height-1x\" style=\"\"><\/div><div class=\"grve-element grve-box-icon grve-extra-small grve-side-icon grve-align-left\" style=\"\"><div class=\"grve-image-icon\"><img loading=\"lazy\" decoding=\"async\" width=\"500\" height=\"500\" src=\"https:\/\/bio4plas.com\/wp-content\/uploads\/2020\/11\/bio4plasicon.png\" class=\"attachment-full size-full\" alt=\"\" srcset=\"https:\/\/bio4plas.com\/wp-content\/uploads\/2020\/11\/bio4plasicon.png 500w, https:\/\/bio4plas.com\/wp-content\/uploads\/2020\/11\/bio4plasicon-300x300.png 300w, https:\/\/bio4plas.com\/wp-content\/uploads\/2020\/11\/bio4plasicon-150x150.png 150w, https:\/\/bio4plas.com\/wp-content\/uploads\/2020\/11\/bio4plasicon-12x12.png 12w\" sizes=\"auto, (max-width: 500px) 100vw, 500px\" \/><\/div><div class=\"grve-box-content\"><div class=\"grve-box-title-wrapper\"><h3 class=\"grve-box-title grve-h3\">Perte de poids<\/h3><\/div><\/div><\/div><div class=\"grve-empty-space grve-height-1x\" style=\"\"><\/div><\/div><\/div><div class=\"grve-column wpb_column grve-column-1-3 grve-mobile-column-1-2\" ><div class=\"grve-column-wrapper\" ><div class=\"grve-empty-space grve-height-1x\" style=\"\"><\/div><div class=\"grve-element grve-box-icon grve-extra-small grve-side-icon grve-align-left\" style=\"\"><div class=\"grve-image-icon\"><img loading=\"lazy\" decoding=\"async\" width=\"500\" height=\"500\" src=\"https:\/\/bio4plas.com\/wp-content\/uploads\/2020\/11\/bio4plasicon.png\" class=\"attachment-full size-full\" alt=\"\" srcset=\"https:\/\/bio4plas.com\/wp-content\/uploads\/2020\/11\/bio4plasicon.png 500w, https:\/\/bio4plas.com\/wp-content\/uploads\/2020\/11\/bio4plasicon-300x300.png 300w, https:\/\/bio4plas.com\/wp-content\/uploads\/2020\/11\/bio4plasicon-150x150.png 150w, https:\/\/bio4plas.com\/wp-content\/uploads\/2020\/11\/bio4plasicon-12x12.png 12w\" sizes=\"auto, (max-width: 500px) 100vw, 500px\" \/><\/div><div class=\"grve-box-content\"><div class=\"grve-box-title-wrapper\"><h3 class=\"grve-box-title grve-h3\">Respectueux de la nature<\/h3><\/div><\/div><\/div><div class=\"grve-empty-space grve-height-1x\" style=\"\"><\/div><\/div><\/div><div class=\"grve-column wpb_column grve-column-1-3 grve-mobile-column-1-2\" ><div class=\"grve-column-wrapper\" ><div class=\"grve-empty-space grve-height-1x\" style=\"\"><\/div><div class=\"grve-element grve-box-icon grve-extra-small grve-side-icon grve-align-left\" style=\"\"><div class=\"grve-image-icon\"><img loading=\"lazy\" decoding=\"async\" width=\"500\" height=\"500\" src=\"https:\/\/bio4plas.com\/wp-content\/uploads\/2020\/11\/bio4plasicon.png\" class=\"attachment-full size-full\" alt=\"\" srcset=\"https:\/\/bio4plas.com\/wp-content\/uploads\/2020\/11\/bio4plasicon.png 500w, https:\/\/bio4plas.com\/wp-content\/uploads\/2020\/11\/bio4plasicon-300x300.png 300w, https:\/\/bio4plas.com\/wp-content\/uploads\/2020\/11\/bio4plasicon-150x150.png 150w, https:\/\/bio4plas.com\/wp-content\/uploads\/2020\/11\/bio4plasicon-12x12.png 12w\" sizes=\"auto, (max-width: 500px) 100vw, 500px\" \/><\/div><div class=\"grve-box-content\"><div class=\"grve-box-title-wrapper\"><h3 class=\"grve-box-title grve-h3\">Produit innovant<\/h3><\/div><\/div><\/div><div class=\"grve-empty-space grve-height-1x\" style=\"\"><\/div><\/div><\/div><div class=\"grve-column wpb_column grve-column-1-3 grve-mobile-column-1-2\" ><div class=\"grve-column-wrapper\" ><div class=\"grve-empty-space grve-height-1x\" style=\"\"><\/div><div class=\"grve-element grve-box-icon grve-extra-small grve-side-icon grve-align-left\" style=\"\"><div class=\"grve-image-icon\"><img loading=\"lazy\" decoding=\"async\" width=\"500\" height=\"500\" src=\"https:\/\/bio4plas.com\/wp-content\/uploads\/2020\/11\/bio4plasicon.png\" class=\"attachment-full size-full\" alt=\"\" srcset=\"https:\/\/bio4plas.com\/wp-content\/uploads\/2020\/11\/bio4plasicon.png 500w, https:\/\/bio4plas.com\/wp-content\/uploads\/2020\/11\/bio4plasicon-300x300.png 300w, https:\/\/bio4plas.com\/wp-content\/uploads\/2020\/11\/bio4plasicon-150x150.png 150w, https:\/\/bio4plas.com\/wp-content\/uploads\/2020\/11\/bio4plasicon-12x12.png 12w\" sizes=\"auto, (max-width: 500px) 100vw, 500px\" \/><\/div><div class=\"grve-box-content\"><div class=\"grve-box-title-wrapper\"><h3 class=\"grve-box-title grve-h3\">Caract\u00e9ristiques uniques et distinctes<\/h3><\/div><\/div><\/div><div class=\"grve-empty-space grve-height-1x\" style=\"\"><\/div><\/div><\/div><\/div><\/div><div class=\"grve-background-wrapper\"><\/div><\/div><div class=\"grve-section grve-row-section grve-fullwidth-background grve-padding-top-3x grve-padding-bottom-3x grve-bg-none\"><div class=\"grve-container\"><div class=\"grve-row grve-bookmark grve-columns-gap-30\"><div class=\"grve-column wpb_column grve-column-1\" ><div class=\"grve-column-wrapper\" >\t\t<div class=\"grve-element grve-portfolio-movedo-style\" style=\"\">\r\n\r\n\t\t\t<div class=\"grve-portfolio-item grve-paraller-wrapper\">\r\n\t\t\t\t\t\t\t\t\t\t\t\t\t\t\t\t\t<div class=\"grve-media grve-image-hover\">\r\n\t\t\t\t\t\t\t\t\t\t<a class=\"grve-item-url\" href=\"https:\/\/bio4plas.com\/fr\/produtos\/bio4-pla220\/\" target=\"_self\"><\/a>\r\n\t\t\t\t\t<div class=\"grve-bg-dark grve-hover-overlay grve-opacity-20\"><\/div>\r\n\t\t\t\t\t\t\t\t\t\t\t\t\t\t\t\t<img loading=\"lazy\" decoding=\"async\" width=\"337\" height=\"203\" src=\"https:\/\/bio4plas.com\/wp-content\/uploads\/2021\/05\/BIO4-PLA220v2.png\" class=\"attachment-movedo-grve-medium-rect-horizontal size-movedo-grve-medium-rect-horizontal wp-post-image\" alt=\"\" srcset=\"https:\/\/bio4plas.com\/wp-content\/uploads\/2021\/05\/BIO4-PLA220v2.png 337w, https:\/\/bio4plas.com\/wp-content\/uploads\/2021\/05\/BIO4-PLA220v2-300x181.png 300w, https:\/\/bio4plas.com\/wp-content\/uploads\/2021\/05\/BIO4-PLA220v2-18x12.png 18w\" sizes=\"auto, (max-width: 337px) 100vw, 337px\" \/>\t\t\t\t\t\t\t\t\t<\/div>\r\n\t\t\t\t<div class=\"grve-content grve-box-item grve-bg-white grve-paraller\" data-limit=\"1x\">\r\n\t\t\t\t\t<h3 class=\"grve-title grve-heading-color grve-h5\">BIO4-PLA220<\/h3>\t\t\t\t\t<div class=\"grve-description\"><p>Le composite BIO4-PLA220 est un acide polylactique renforc\u00e9 avec de la fibre de coco 20% (w\/w).\u2026<\/p><\/div>\r\n\t\t\t\t\t\t\t\t\t\t<a href=\"https:\/\/bio4plas.com\/fr\/produtos\/bio4-pla220\/\" target=\"_self\" class=\"grve-read-more grve-link-text\">Voir le produit<\/a>\r\n\t\t\t\t\t\t\t\t\t<\/div>\r\n\t\t\t<\/div>\r\n\t\t\t<div class=\"grve-portfolio-item grve-paraller-wrapper\">\r\n\t\t\t\t\t\t\t\t\t\t\t\t\t\t\t\t\t<div class=\"grve-media grve-image-hover\">\r\n\t\t\t\t\t\t\t\t\t\t<a class=\"grve-item-url\" href=\"https:\/\/bio4plas.com\/fr\/produtos\/bio4-pla320\/\" target=\"_self\"><\/a>\r\n\t\t\t\t\t<div class=\"grve-bg-dark grve-hover-overlay grve-opacity-20\"><\/div>\r\n\t\t\t\t\t\t\t\t\t\t\t\t\t\t\t\t<img loading=\"lazy\" decoding=\"async\" width=\"372\" height=\"211\" src=\"https:\/\/bio4plas.com\/wp-content\/uploads\/2021\/05\/BIO4-PLA320v2.png\" class=\"attachment-movedo-grve-medium-rect-horizontal size-movedo-grve-medium-rect-horizontal wp-post-image\" alt=\"\" srcset=\"https:\/\/bio4plas.com\/wp-content\/uploads\/2021\/05\/BIO4-PLA320v2.png 372w, https:\/\/bio4plas.com\/wp-content\/uploads\/2021\/05\/BIO4-PLA320v2-300x170.png 300w, https:\/\/bio4plas.com\/wp-content\/uploads\/2021\/05\/BIO4-PLA320v2-18x10.png 18w\" sizes=\"auto, (max-width: 372px) 100vw, 372px\" \/>\t\t\t\t\t\t\t\t\t<\/div>\r\n\t\t\t\t<div class=\"grve-content grve-box-item grve-bg-white grve-paraller\" data-limit=\"1x\">\r\n\t\t\t\t\t<h3 class=\"grve-title grve-heading-color grve-h5\">BIO4-PLA320<\/h3>\t\t\t\t\t<div class=\"grve-description\"><p>Le composite BIO4-PLA320 est un acide polylactique renforc\u00e9 avec de la fibre de chanvre 20% (w\/w).\u2026<\/p><\/div>\r\n\t\t\t\t\t\t\t\t\t\t<a href=\"https:\/\/bio4plas.com\/fr\/produtos\/bio4-pla320\/\" target=\"_self\" class=\"grve-read-more grve-link-text\">Voir le produit<\/a>\r\n\t\t\t\t\t\t\t\t\t<\/div>\r\n\t\t\t<\/div>\r\n\t\t\t<div class=\"grve-portfolio-item grve-paraller-wrapper\">\r\n\t\t\t\t\t\t\t\t\t\t\t\t\t\t\t\t\t<div class=\"grve-media grve-image-hover\">\r\n\t\t\t\t\t\t\t\t\t\t<a class=\"grve-item-url\" href=\"https:\/\/bio4plas.com\/fr\/produtos\/bio4-pla520\/\" target=\"_self\"><\/a>\r\n\t\t\t\t\t<div class=\"grve-bg-dark grve-hover-overlay grve-opacity-20\"><\/div>\r\n\t\t\t\t\t\t\t\t\t\t\t\t\t\t\t\t<img loading=\"lazy\" decoding=\"async\" width=\"213\" height=\"368\" src=\"https:\/\/bio4plas.com\/wp-content\/uploads\/2022\/07\/BIO4-PLA520v2.png\" class=\"attachment-movedo-grve-medium-rect-horizontal size-movedo-grve-medium-rect-horizontal wp-post-image\" alt=\"\" srcset=\"https:\/\/bio4plas.com\/wp-content\/uploads\/2022\/07\/BIO4-PLA520v2.png 213w, https:\/\/bio4plas.com\/wp-content\/uploads\/2022\/07\/BIO4-PLA520v2-174x300.png 174w, https:\/\/bio4plas.com\/wp-content\/uploads\/2022\/07\/BIO4-PLA520v2-7x12.png 7w\" sizes=\"auto, (max-width: 213px) 100vw, 213px\" \/>\t\t\t\t\t\t\t\t\t<\/div>\r\n\t\t\t\t<div class=\"grve-content grve-box-item grve-bg-white grve-paraller\" data-limit=\"1x\">\r\n\t\t\t\t\t<h3 class=\"grve-title grve-heading-color grve-h5\">BIO4-PLA520<\/h3>\t\t\t\t\t<div class=\"grve-description\"><p>Le compos\u00e9 BIO4-PLA520 est un acide polyactique renforc\u00e9 avec de la cellulose de chanvre 20% (w\/w).\u2026<\/p><\/div>\r\n\t\t\t\t\t\t\t\t\t\t<a href=\"https:\/\/bio4plas.com\/fr\/produtos\/bio4-pla520\/\" target=\"_self\" class=\"grve-read-more grve-link-text\">Voir le produit<\/a>\r\n\t\t\t\t\t\t\t\t\t<\/div>\r\n\t\t\t<\/div>\r\n\t\t\t<div class=\"grve-portfolio-item grve-paraller-wrapper\">\r\n\t\t\t\t\t\t\t\t\t\t\t\t\t\t\t\t\t<div class=\"grve-media grve-image-hover\">\r\n\t\t\t\t\t\t\t\t\t\t<a class=\"grve-item-url\" href=\"https:\/\/bio4plas.com\/fr\/produtos\/bio4-pp220\/\" target=\"_self\"><\/a>\r\n\t\t\t\t\t<div class=\"grve-bg-dark grve-hover-overlay grve-opacity-20\"><\/div>\r\n\t\t\t\t\t\t\t\t\t\t\t\t\t\t\t\t<img loading=\"lazy\" decoding=\"async\" width=\"209\" height=\"343\" src=\"https:\/\/bio4plas.com\/wp-content\/uploads\/2021\/05\/BIO4-PP220v2.png\" class=\"attachment-movedo-grve-medium-rect-horizontal size-movedo-grve-medium-rect-horizontal wp-post-image\" alt=\"\" srcset=\"https:\/\/bio4plas.com\/wp-content\/uploads\/2021\/05\/BIO4-PP220v2.png 209w, https:\/\/bio4plas.com\/wp-content\/uploads\/2021\/05\/BIO4-PP220v2-183x300.png 183w, https:\/\/bio4plas.com\/wp-content\/uploads\/2021\/05\/BIO4-PP220v2-7x12.png 7w\" sizes=\"auto, (max-width: 209px) 100vw, 209px\" \/>\t\t\t\t\t\t\t\t\t<\/div>\r\n\t\t\t\t<div class=\"grve-content grve-box-item grve-bg-white grve-paraller\" data-limit=\"1x\">\r\n\t\t\t\t\t<h3 class=\"grve-title grve-heading-color grve-h5\">BIO4-PP220<\/h3>\t\t\t\t\t<div class=\"grve-description\"><p>Le composite BIO4-PP220 est une r\u00e9sine de polypropyl\u00e8ne copolym\u00e8re renforc\u00e9e de fibres 20% (w\/w)\u2026<\/p><\/div>\r\n\t\t\t\t\t\t\t\t\t\t<a href=\"https:\/\/bio4plas.com\/fr\/produtos\/bio4-pp220\/\" target=\"_self\" class=\"grve-read-more grve-link-text\">Voir le produit<\/a>\r\n\t\t\t\t\t\t\t\t\t<\/div>\r\n\t\t\t<\/div>\r\n\t\t\t<div class=\"grve-portfolio-item grve-paraller-wrapper\">\r\n\t\t\t\t\t\t\t\t\t\t\t\t\t\t\t\t\t<div class=\"grve-media grve-image-hover\">\r\n\t\t\t\t\t\t\t\t\t\t<a class=\"grve-item-url\" href=\"https:\/\/bio4plas.com\/fr\/produtos\/bio4-pp320\/\" target=\"_self\"><\/a>\r\n\t\t\t\t\t<div class=\"grve-bg-dark grve-hover-overlay grve-opacity-20\"><\/div>\r\n\t\t\t\t\t\t\t\t\t\t\t\t\t\t\t\t<img loading=\"lazy\" decoding=\"async\" width=\"372\" height=\"211\" src=\"https:\/\/bio4plas.com\/wp-content\/uploads\/2022\/07\/BIO4-PP320v2.png\" class=\"attachment-movedo-grve-medium-rect-horizontal size-movedo-grve-medium-rect-horizontal wp-post-image\" alt=\"\" srcset=\"https:\/\/bio4plas.com\/wp-content\/uploads\/2022\/07\/BIO4-PP320v2.png 372w, https:\/\/bio4plas.com\/wp-content\/uploads\/2022\/07\/BIO4-PP320v2-300x170.png 300w, https:\/\/bio4plas.com\/wp-content\/uploads\/2022\/07\/BIO4-PP320v2-18x10.png 18w\" sizes=\"auto, (max-width: 372px) 100vw, 372px\" \/>\t\t\t\t\t\t\t\t\t<\/div>\r\n\t\t\t\t<div class=\"grve-content grve-box-item grve-bg-white grve-paraller\" data-limit=\"1x\">\r\n\t\t\t\t\t<h3 class=\"grve-title grve-heading-color grve-h5\">BIO4-PP320<\/h3>\t\t\t\t\t<div class=\"grve-description\"><p>Le composite BIO4-PP320 est une r\u00e9sine de polypropyl\u00e8ne copolym\u00e8re renforc\u00e9e de fibres 20% (w\/w)\u2026<\/p><\/div>\r\n\t\t\t\t\t\t\t\t\t\t<a href=\"https:\/\/bio4plas.com\/fr\/produtos\/bio4-pp320\/\" target=\"_self\" class=\"grve-read-more grve-link-text\">Voir le produit<\/a>\r\n\t\t\t\t\t\t\t\t\t<\/div>\r\n\t\t\t<\/div>\r\n\t\t\t<div class=\"grve-portfolio-item grve-paraller-wrapper\">\r\n\t\t\t\t\t\t\t\t\t\t\t\t\t\t\t\t\t<div class=\"grve-media grve-image-hover\">\r\n\t\t\t\t\t\t\t\t\t\t<a class=\"grve-item-url\" href=\"https:\/\/bio4plas.com\/fr\/produtos\/bio4-pp520\/\" target=\"_self\"><\/a>\r\n\t\t\t\t\t<div class=\"grve-bg-dark grve-hover-overlay grve-opacity-20\"><\/div>\r\n\t\t\t\t\t\t\t\t\t\t\t\t\t\t\t\t<img loading=\"lazy\" decoding=\"async\" width=\"213\" height=\"368\" src=\"https:\/\/bio4plas.com\/wp-content\/uploads\/2022\/07\/BIO4-PP520v2.png\" class=\"attachment-movedo-grve-medium-rect-horizontal size-movedo-grve-medium-rect-horizontal wp-post-image\" alt=\"\" srcset=\"https:\/\/bio4plas.com\/wp-content\/uploads\/2022\/07\/BIO4-PP520v2.png 213w, https:\/\/bio4plas.com\/wp-content\/uploads\/2022\/07\/BIO4-PP520v2-174x300.png 174w, https:\/\/bio4plas.com\/wp-content\/uploads\/2022\/07\/BIO4-PP520v2-7x12.png 7w\" sizes=\"auto, (max-width: 213px) 100vw, 213px\" \/>\t\t\t\t\t\t\t\t\t<\/div>\r\n\t\t\t\t<div class=\"grve-content grve-box-item grve-bg-white grve-paraller\" data-limit=\"1x\">\r\n\t\t\t\t\t<h3 class=\"grve-title grve-heading-color grve-h5\">BIO4-PP520<\/h3>\t\t\t\t\t<div class=\"grve-description\"><p>Le compos\u00e9 BIO4-PP520 est une r\u00e9sine de polypropyl\u00e8ne copolym\u00e8re renforc\u00e9e avec de la cellulose 20% (w\/w)\u2026<\/p><\/div>\r\n\t\t\t\t\t\t\t\t\t\t<a href=\"https:\/\/bio4plas.com\/fr\/produtos\/bio4-pp520\/\" target=\"_self\" class=\"grve-read-more grve-link-text\">Voir le produit<\/a>\r\n\t\t\t\t\t\t\t\t\t<\/div>\r\n\t\t\t<\/div>\r\n\t\t<\/div>\r\n<\/div><\/div><\/div><\/div><div class=\"grve-background-wrapper\"><\/div><\/div><div class=\"grve-section grve-row-section grve-fullwidth-background grve-padding-top-1x grve-padding-bottom-1x grve-bg-none\"><div class=\"grve-container\"><div class=\"grve-row grve-bookmark grve-columns-gap-30\"><div class=\"grve-column wpb_column grve-column-1 grve-align-center\" ><div class=\"grve-column-wrapper\" ><video class=\"grve-element grve-embed-video\"  loop=\"loop\" autoplay=\"autoplay\"><source src=\"https:\/\/bio4plas.com\/wp-content\/uploads\/2022\/10\/Catalogo_Bio4Plas.mp4\" type=\"video\/mp4\"><\/video><\/div><\/div><\/div><\/div><div class=\"grve-background-wrapper\"><\/div><\/div>","protected":false},"excerpt":{"rendered":"Le compos\u00e9 BIO4-PP520 est une r\u00e9sine de polypropyl\u00e8ne copolym\u00e8re renforc\u00e9e avec de la cellulose de chanvre 20% (w\/w). Donn\u00e9es techniquesAutres options PP530 30% cellulose de chanvre PP540 40% cellulose de chanvre","protected":false},"author":1,"featured_media":0,"parent":0,"menu_order":0,"comment_status":"closed","ping_status":"closed","template":"","meta":{"footnotes":""},"class_list":["post-218","page","type-page","status-publish","hentry"],"_links":{"self":[{"href":"https:\/\/bio4plas.com\/fr\/wp-json\/wp\/v2\/pages\/218","targetHints":{"allow":["GET"]}}],"collection":[{"href":"https:\/\/bio4plas.com\/fr\/wp-json\/wp\/v2\/pages"}],"about":[{"href":"https:\/\/bio4plas.com\/fr\/wp-json\/wp\/v2\/types\/page"}],"author":[{"embeddable":true,"href":"https:\/\/bio4plas.com\/fr\/wp-json\/wp\/v2\/users\/1"}],"replies":[{"embeddable":true,"href":"https:\/\/bio4plas.com\/fr\/wp-json\/wp\/v2\/comments?post=218"}],"version-history":[{"count":16,"href":"https:\/\/bio4plas.com\/fr\/wp-json\/wp\/v2\/pages\/218\/revisions"}],"predecessor-version":[{"id":4122,"href":"https:\/\/bio4plas.com\/fr\/wp-json\/wp\/v2\/pages\/218\/revisions\/4122"}],"wp:attachment":[{"href":"https:\/\/bio4plas.com\/fr\/wp-json\/wp\/v2\/media?parent=218"}],"curies":[{"name":"wp","href":"https:\/\/api.w.org\/{rel}","templated":true}]}}