{"id":698,"date":"2022-01-08T10:21:52","date_gmt":"2022-01-08T10:21:52","guid":{"rendered":"https:\/\/bio4plas.com\/?page_id=698"},"modified":"2026-03-12T12:29:46","modified_gmt":"2026-03-12T12:29:46","slug":"fichas-de-projeto","status":"publish","type":"page","link":"https:\/\/bio4plas.com\/fr\/fichas-de-projeto\/","title":{"rendered":"Fiches projets"},"content":{"rendered":"<div class=\"grve-section grve-row-section grve-fullwidth-background grve-padding-top-6x grve-padding-bottom-6x grve-bg-none\"><div class=\"grve-container\"><div class=\"grve-row grve-bookmark grve-columns-gap-60\"><div class=\"grve-column wpb_column grve-column-1-2\" ><div class=\"grve-column-wrapper\" ><\/div><\/div><div class=\"grve-column wpb_column grve-column-1-2\" ><div class=\"grve-column-wrapper\" ><div class=\"grve-element grve-box-icon grve-large grve-top-icon grve-align-center\" style=\"\"><div class=\"grve-image-icon\"><img loading=\"lazy\" decoding=\"async\" width=\"157\" height=\"157\" src=\"https:\/\/bio4plas.com\/wp-content\/uploads\/2022\/01\/pt2020icon.png\" class=\"attachment-full size-full\" alt=\"\" srcset=\"https:\/\/bio4plas.com\/wp-content\/uploads\/2022\/01\/pt2020icon.png 157w, https:\/\/bio4plas.com\/wp-content\/uploads\/2022\/01\/pt2020icon-150x150.png 150w, https:\/\/bio4plas.com\/wp-content\/uploads\/2022\/01\/pt2020icon-12x12.png 12w\" sizes=\"auto, (max-width: 157px) 100vw, 157px\" \/><\/div><div class=\"grve-box-content\"><div class=\"grve-box-title-wrapper\"><h3 class=\"grve-box-title grve-h6\">ViTex : Valorisation int\u00e9gr\u00e9e des d\u00e9chets de la production vinicole pour une agriculture durable<\/h3><\/div>  <p class=\"\">Le projet ViTex, r\u00e9alis\u00e9 en co-promotion, vise \u00e0 valoriser le bois de chauffage issu de la taille de la vigne, en le transformant en produits utiles et durables.<\/p><\/div><\/div><div class=\"grve-empty-space grve-height-1x\" style=\"\"><\/div><div class=\"grve-element grve-align-center\"><a href=\"https:\/\/bio4plas.com\/wp-content\/uploads\/2026\/03\/Ficha_de_OperacaoA4_COMPETE-2030_Plastirso.pdf\" title=\"Fiche projet\" target=\"_blank\" rel=\"noopener noreferrer\" class=\"grve-btn grve-btn-medium grve-square grve-bg-primary-1 grve-bg-hover-black grve-btn-line\"><span><i class=\"fa fa-brands fa-accessible-icon\"><\/i>Fiche projet<\/span><\/a><\/div><\/div><\/div><\/div><\/div><div class=\"grve-background-wrapper\"><\/div><\/div><div class=\"grve-section grve-row-section grve-fullwidth-background grve-padding-top-6x grve-padding-bottom-6x grve-bg-none\"><div class=\"grve-container\"><div class=\"grve-row grve-bookmark grve-columns-gap-60\"><div class=\"grve-column wpb_column grve-column-1-2\" ><div class=\"grve-column-wrapper\" ><div class=\"grve-element grve-box-icon grve-large grve-top-icon grve-align-center\" style=\"\"><div class=\"grve-image-icon\"><img loading=\"lazy\" decoding=\"async\" width=\"157\" height=\"157\" src=\"https:\/\/bio4plas.com\/wp-content\/uploads\/2022\/01\/pt2020icon.png\" class=\"attachment-full size-full\" alt=\"\" srcset=\"https:\/\/bio4plas.com\/wp-content\/uploads\/2022\/01\/pt2020icon.png 157w, https:\/\/bio4plas.com\/wp-content\/uploads\/2022\/01\/pt2020icon-150x150.png 150w, https:\/\/bio4plas.com\/wp-content\/uploads\/2022\/01\/pt2020icon-12x12.png 12w\" sizes=\"auto, (max-width: 157px) 100vw, 157px\" \/><\/div><div class=\"grve-box-content\"><div class=\"grve-box-title-wrapper\"><h3 class=\"grve-box-title grve-h6\">Plus de bois<\/h3><\/div>  <p class=\"\">Le projet MoreWood vise \u00e0 d\u00e9velopper des panneaux isolants en bois et en agrofibres, qui se distinguent par leur l\u00e9g\u00e8ret\u00e9, leur facilit\u00e9 de manipulation et leurs excellentes propri\u00e9t\u00e9s m\u00e9caniques, \u00e0 base biologique.<\/p><\/div><\/div><div class=\"grve-empty-space grve-height-1x\" style=\"\"><\/div><div class=\"grve-element grve-align-center\"><a href=\"https:\/\/bio4plas.com\/wp-content\/uploads\/2025\/09\/FichaProjeto_Bio4Plas_MoreWood_2-.pdf\" title=\"Fiche projet\" target=\"_blank\" rel=\"noopener noreferrer\" class=\"grve-btn grve-btn-medium grve-square grve-bg-primary-1 grve-bg-hover-black grve-btn-line\"><span><i class=\"fa fa-brands fa-accessible-icon\"><\/i>Fiche projet<\/span><\/a><\/div><\/div><\/div><div class=\"grve-column wpb_column grve-column-1-2\" ><div class=\"grve-column-wrapper\" ><div class=\"grve-element grve-box-icon grve-large grve-top-icon grve-align-center\" style=\"\"><div class=\"grve-image-icon\"><img loading=\"lazy\" decoding=\"async\" width=\"157\" height=\"157\" src=\"https:\/\/bio4plas.com\/wp-content\/uploads\/2022\/01\/pt2020icon.png\" class=\"attachment-full size-full\" alt=\"\" srcset=\"https:\/\/bio4plas.com\/wp-content\/uploads\/2022\/01\/pt2020icon.png 157w, https:\/\/bio4plas.com\/wp-content\/uploads\/2022\/01\/pt2020icon-150x150.png 150w, https:\/\/bio4plas.com\/wp-content\/uploads\/2022\/01\/pt2020icon-12x12.png 12w\" sizes=\"auto, (max-width: 157px) 100vw, 157px\" \/><\/div><div class=\"grve-box-content\"><div class=\"grve-box-title-wrapper\"><h3 class=\"grve-box-title grve-h6\">be@t - Bio\u00e9conomie dans l&#039;industrie textile<\/h3><\/div>  <p class=\"\">Le projet be@t a pour objectif global de cr\u00e9er et de consolider une industrie nationale du textile et de l\u2019habillement v\u00e9ritablement innovante, durable et circulaire.<\/p><\/div><\/div><div class=\"grve-empty-space grve-height-1x\" style=\"\"><\/div><div class=\"grve-element grve-align-center\"><a href=\"https:\/\/bio4plas.com\/wp-content\/uploads\/2023\/08\/FichaProjeto_Bio4Plas_BE@T.pdf\" title=\"Fiche projet\" target=\"_blank\" rel=\"noopener noreferrer\" class=\"grve-btn grve-btn-medium grve-square grve-bg-primary-1 grve-bg-hover-black grve-btn-line\"><span><i class=\"far fa-file-pdf\"><\/i>Fiche projet<\/span><\/a><\/div><\/div><\/div><\/div><\/div><div class=\"grve-background-wrapper\"><\/div><\/div><div class=\"grve-section grve-row-section grve-fullwidth-background grve-padding-top-6x grve-padding-bottom-6x grve-bg-none\"><div class=\"grve-container\"><div class=\"grve-row grve-bookmark grve-columns-gap-60\"><div class=\"grve-column wpb_column grve-column-1-2\" ><div class=\"grve-column-wrapper\" ><div class=\"grve-element grve-box-icon grve-large grve-top-icon grve-align-center\" style=\"\"><div class=\"grve-image-icon\"><img loading=\"lazy\" decoding=\"async\" width=\"157\" height=\"157\" src=\"https:\/\/bio4plas.com\/wp-content\/uploads\/2022\/01\/pt2020icon.png\" class=\"attachment-full size-full\" alt=\"\" srcset=\"https:\/\/bio4plas.com\/wp-content\/uploads\/2022\/01\/pt2020icon.png 157w, https:\/\/bio4plas.com\/wp-content\/uploads\/2022\/01\/pt2020icon-150x150.png 150w, https:\/\/bio4plas.com\/wp-content\/uploads\/2022\/01\/pt2020icon-12x12.png 12w\" sizes=\"auto, (max-width: 157px) 100vw, 157px\" \/><\/div><div class=\"grve-box-content\"><div class=\"grve-box-title-wrapper\"><h3 class=\"grve-box-title grve-h6\">Plastiques durables - Programme de mobilisation pour les plastiques durables<\/h3><\/div>  <p class=\"\">L&#039;agenda des plastiques durables est l&#039;agenda mobilisateur pour les plastiques au Portugal, capable de tirer parti de la transition du secteur vers une \u00e9conomie circulaire.<\/p><\/div><\/div><div class=\"grve-empty-space grve-height-1x\" style=\"\"><\/div><div class=\"grve-element grve-align-center\"><a href=\"https:\/\/bio4plas.com\/wp-content\/uploads\/2023\/07\/FichaProjeto_Bio4Plas_SP_2.0.pdf\" title=\"Fiche projet\" target=\"_blank\" rel=\"noopener noreferrer\" class=\"grve-btn grve-btn-medium grve-square grve-bg-primary-1 grve-bg-hover-black grve-btn-line\"><span><i class=\"far fa-file-pdf\"><\/i>Fiche projet<\/span><\/a><\/div><\/div><\/div><div class=\"grve-column wpb_column grve-column-1-2\" ><div class=\"grve-column-wrapper\" ><div class=\"grve-element grve-box-icon grve-large grve-top-icon grve-align-center\" style=\"\"><div class=\"grve-image-icon\"><img loading=\"lazy\" decoding=\"async\" width=\"157\" height=\"157\" src=\"https:\/\/bio4plas.com\/wp-content\/uploads\/2022\/01\/pt2020icon.png\" class=\"attachment-full size-full\" alt=\"\" srcset=\"https:\/\/bio4plas.com\/wp-content\/uploads\/2022\/01\/pt2020icon.png 157w, https:\/\/bio4plas.com\/wp-content\/uploads\/2022\/01\/pt2020icon-150x150.png 150w, https:\/\/bio4plas.com\/wp-content\/uploads\/2022\/01\/pt2020icon-12x12.png 12w\" sizes=\"auto, (max-width: 157px) 100vw, 157px\" \/><\/div><div class=\"grve-box-content\"><div class=\"grve-box-title-wrapper\"><h3 class=\"grve-box-title grve-h6\">PRODUTECH R3 \u2013 Relance-R\u00e9silience-R\u00e9industrialisation<\/h3><\/div>  <p class=\"\">Le projet PRODUTECH R3 vise \u00e0 induire un changement structurel dans la Production Technologies Row (FTP), lui permettant d&#039;exploiter les investissements importants que l&#039;industrie fera avec la transition verte et num\u00e9rique, r\u00e9duisant la d\u00e9pendance technologique externe, augmentant la valeur ajout\u00e9e g\u00e9n\u00e9r\u00e9e dans le pays et contribuant \u00e0 un changement dans la sp\u00e9cialisation de l&#039;\u00e9conomie portugaise.<\/p><\/div><\/div><div class=\"grve-empty-space grve-height-1x\" style=\"\"><\/div><div class=\"grve-element grve-align-center\"><a href=\"https:\/\/bio4plas.com\/wp-content\/uploads\/2023\/09\/FichaProjeto_Bio4Plas_PRODUTECH_R3_2.0.pdf\" title=\"Fiche projet\" target=\"_blank\" rel=\"noopener noreferrer\" class=\"grve-btn grve-btn-medium grve-square grve-bg-primary-1 grve-bg-hover-black grve-btn-line\"><span><i class=\"far fa-file-pdf\"><\/i>Fiche projet<\/span><\/a><\/div><\/div><\/div><\/div><\/div><div class=\"grve-background-wrapper\"><\/div><\/div><div class=\"grve-section grve-row-section grve-fullwidth-background grve-padding-top-6x grve-padding-bottom-6x grve-bg-none\"><div class=\"grve-container\"><div class=\"grve-row grve-bookmark grve-columns-gap-60\"><div class=\"grve-column wpb_column grve-column-1-2\" ><div class=\"grve-column-wrapper\" ><div class=\"grve-element grve-box-icon grve-large grve-top-icon grve-align-center\" style=\"\"><div class=\"grve-image-icon\"><img loading=\"lazy\" decoding=\"async\" width=\"157\" height=\"157\" src=\"https:\/\/bio4plas.com\/wp-content\/uploads\/2022\/01\/pt2020icon.png\" class=\"attachment-full size-full\" alt=\"\" srcset=\"https:\/\/bio4plas.com\/wp-content\/uploads\/2022\/01\/pt2020icon.png 157w, https:\/\/bio4plas.com\/wp-content\/uploads\/2022\/01\/pt2020icon-150x150.png 150w, https:\/\/bio4plas.com\/wp-content\/uploads\/2022\/01\/pt2020icon-12x12.png 12w\" sizes=\"auto, (max-width: 157px) 100vw, 157px\" \/><\/div><div class=\"grve-box-content\"><div class=\"grve-box-title-wrapper\"><h3 class=\"grve-box-title grve-h6\">SI Innovation n\u00b0 179603<\/h3><\/div>  <p class=\"\">Formation de Bio4Plas pour la production d&#039;un polym\u00e8re innovant, biosourc\u00e9, biod\u00e9gradable et bioneutre.<\/p><\/div><\/div><div class=\"grve-empty-space grve-height-1x\" style=\"\"><\/div><div class=\"grve-element grve-align-center\"><a href=\"https:\/\/bio4plas.com\/wp-content\/uploads\/2022\/01\/FichaProjeto_Bio4Plas_SI_Inovacao179603.pdf\" title=\"Fiche projet\" target=\"_blank\" rel=\"noopener noreferrer\" class=\"grve-btn grve-btn-medium grve-square grve-bg-primary-1 grve-bg-hover-black grve-btn-line\"><span><i class=\"far fa-file-pdf\"><\/i>Fiche projet<\/span><\/a><\/div><\/div><\/div><div class=\"grve-column wpb_column grve-column-1-2\" ><div class=\"grve-column-wrapper\" ><div class=\"grve-element grve-box-icon grve-large grve-top-icon grve-align-center\" style=\"\"><div class=\"grve-image-icon\"><img loading=\"lazy\" decoding=\"async\" width=\"157\" height=\"157\" src=\"https:\/\/bio4plas.com\/wp-content\/uploads\/2022\/01\/pt2020icon.png\" class=\"attachment-full size-full\" alt=\"\" srcset=\"https:\/\/bio4plas.com\/wp-content\/uploads\/2022\/01\/pt2020icon.png 157w, https:\/\/bio4plas.com\/wp-content\/uploads\/2022\/01\/pt2020icon-150x150.png 150w, https:\/\/bio4plas.com\/wp-content\/uploads\/2022\/01\/pt2020icon-12x12.png 12w\" sizes=\"auto, (max-width: 157px) 100vw, 157px\" \/><\/div><div class=\"grve-box-content\"><div class=\"grve-box-title-wrapper\"><h3 class=\"grve-box-title grve-h6\">+COESO n\u00ba CENTRO-05-4740-FSE-001841<\/h3><\/div>  <p class=\"\">Formation Bio4Plas pour la production d&#039;un polym\u00e8re innovant<\/p><\/div><\/div><div class=\"grve-empty-space grve-height-1x\" style=\"\"><\/div><div class=\"grve-element grve-align-center\"><a href=\"https:\/\/bio4plas.com\/wp-content\/uploads\/2022\/01\/FichaProjeto_Bio4Plas_COESO_CENTRO-05-4740-FSE-001841.pdf\" title=\"Fiche projet\" target=\"_blank\" rel=\"noopener noreferrer\" class=\"grve-btn grve-btn-medium grve-square grve-bg-primary-1 grve-bg-hover-black grve-btn-line\"><span><i class=\"far fa-file-pdf\"><\/i>Fiche projet<\/span><\/a><\/div><\/div><\/div><\/div><\/div><div class=\"grve-background-wrapper\"><\/div><\/div>","protected":false},"excerpt":{"rendered":"ViTex: Valoriza\u00e7\u00e3o Integrada de Res\u00edduos Vitivin\u00edcolas p\/ a Sustentabilidade Agr\u00edcola O projeto ViTex, realizado em copromo\u00e7\u00e3o, pretende valorizar a lenha proveniente da poda das vinhas, transformando-a em produtos \u00fateis e sustent\u00e1veis.Ficha de ProjetoMoreWood O projeto MoreWood procura desenvolver placas isolantes de madeira e agrofibras, destacando-se pela leveza, facilidade de manuseio e excelentes propriedades mec\u00e2nicas, com [...]","protected":false},"author":1,"featured_media":0,"parent":0,"menu_order":0,"comment_status":"closed","ping_status":"closed","template":"","meta":{"footnotes":""},"class_list":["post-698","page","type-page","status-publish","hentry"],"_links":{"self":[{"href":"https:\/\/bio4plas.com\/fr\/wp-json\/wp\/v2\/pages\/698","targetHints":{"allow":["GET"]}}],"collection":[{"href":"https:\/\/bio4plas.com\/fr\/wp-json\/wp\/v2\/pages"}],"about":[{"href":"https:\/\/bio4plas.com\/fr\/wp-json\/wp\/v2\/types\/page"}],"author":[{"embeddable":true,"href":"https:\/\/bio4plas.com\/fr\/wp-json\/wp\/v2\/users\/1"}],"replies":[{"embeddable":true,"href":"https:\/\/bio4plas.com\/fr\/wp-json\/wp\/v2\/comments?post=698"}],"version-history":[{"count":21,"href":"https:\/\/bio4plas.com\/fr\/wp-json\/wp\/v2\/pages\/698\/revisions"}],"predecessor-version":[{"id":23332,"href":"https:\/\/bio4plas.com\/fr\/wp-json\/wp\/v2\/pages\/698\/revisions\/23332"}],"wp:attachment":[{"href":"https:\/\/bio4plas.com\/fr\/wp-json\/wp\/v2\/media?parent=698"}],"curies":[{"name":"wp","href":"https:\/\/api.w.org\/{rel}","templated":true}]}}